{"id":1524,"date":"2023-12-09T13:25:14","date_gmt":"2023-12-09T18:25:14","guid":{"rendered":"https:\/\/tiendasamor.com\/?post_type=product&#038;p=1524"},"modified":"2023-12-09T13:27:49","modified_gmt":"2023-12-09T18:27:49","slug":"female-harness-ultra","status":"publish","type":"product","link":"https:\/\/tiendasamor.com\/index.php\/producto\/female-harness-ultra\/","title":{"rendered":"Female Harness Ultra"},"content":{"rendered":"<p>Obtenga este fant\u00e1stico consolador doble con correa para un viaje totalmente satisfactorio.<\/p>\n<p>Ambos consoladores unidos est\u00e1n hechos de material TPR que es lo suficientemente firme para la penetraci\u00f3n pero lo suficientemente suave como para tener mucha flexibilidad.<\/p>\n<p>Material: TPR<br \/>\nLargo:16.5cm<br \/>\nAncho:3.5cm<br \/>\nLargo (2): 10.5cm<br \/>\nAncho (2): 3.5cm<\/p>\n","protected":false},"excerpt":{"rendered":"<p>Obtenga este fant\u00e1stico consolador doble con correa para un viaje totalmente satisfactorio. Ambos consoladores unidos est\u00e1n hechos de material TPR que es lo suficientemente firme para la penetraci\u00f3n pero lo suficientemente suave como para tener mucha flexibilidad. Material: TPR Largo:16.5cm Ancho:3.5cm Largo (2): 10.5cm Ancho (2): 3.5cm<\/p>\n","protected":false},"featured_media":1527,"comment_status":"open","ping_status":"closed","template":"","meta":[],"product_brand":[],"product_cat":[29,18,46],"product_tag":[],"class_list":{"0":"post-1524","1":"product","2":"type-product","3":"status-publish","4":"has-post-thumbnail","6":"product_cat-consoladores-y-dildos","7":"product_cat-juguetes","8":"product_cat-protesis","10":"first","11":"instock","12":"shipping-taxable","13":"purchasable","14":"product-type-simple"},"_links":{"self":[{"href":"https:\/\/tiendasamor.com\/index.php\/wp-json\/wp\/v2\/product\/1524","targetHints":{"allow":["GET"]}}],"collection":[{"href":"https:\/\/tiendasamor.com\/index.php\/wp-json\/wp\/v2\/product"}],"about":[{"href":"https:\/\/tiendasamor.com\/index.php\/wp-json\/wp\/v2\/types\/product"}],"replies":[{"embeddable":true,"href":"https:\/\/tiendasamor.com\/index.php\/wp-json\/wp\/v2\/comments?post=1524"}],"wp:featuredmedia":[{"embeddable":true,"href":"https:\/\/tiendasamor.com\/index.php\/wp-json\/wp\/v2\/media\/1527"}],"wp:attachment":[{"href":"https:\/\/tiendasamor.com\/index.php\/wp-json\/wp\/v2\/media?parent=1524"}],"wp:term":[{"taxonomy":"product_brand","embeddable":true,"href":"https:\/\/tiendasamor.com\/index.php\/wp-json\/wp\/v2\/product_brand?post=1524"},{"taxonomy":"product_cat","embeddable":true,"href":"https:\/\/tiendasamor.com\/index.php\/wp-json\/wp\/v2\/product_cat?post=1524"},{"taxonomy":"product_tag","embeddable":true,"href":"https:\/\/tiendasamor.com\/index.php\/wp-json\/wp\/v2\/product_tag?post=1524"}],"curies":[{"name":"wp","href":"https:\/\/api.w.org\/{rel}","templated":true}]}}