{"id":1516,"date":"2023-12-09T13:20:12","date_gmt":"2023-12-09T18:20:12","guid":{"rendered":"https:\/\/tiendasamor.com\/?post_type=product&#038;p=1516"},"modified":"2023-12-09T13:20:12","modified_gmt":"2023-12-09T18:20:12","slug":"anillo-sweet-ring","status":"publish","type":"product","link":"https:\/\/tiendasamor.com\/index.php\/producto\/anillo-sweet-ring\/","title":{"rendered":"Anillo Sweet Ring"},"content":{"rendered":"<p><span>Nuestro anillo doble vibratorio para el pene con conejito est\u00e1 hecho para proporcionar un impulso tanto en el rendimiento como en la sensaci\u00f3n en el dormitorio.<\/span><\/p>\n<p><span>\u00a0Este anillo doble el\u00e1stico se ajustar\u00e1 perfectamente alrededor de la base de su pene y sus test\u00edculos, utilizando su agarre firme para mantener la sangre en su erecci\u00f3n, lo que resultar\u00e1 en una erecci\u00f3n m\u00e1s grande y duradera.\u00a0<\/span><\/p>\n<p><span>Esta bala proporcionar\u00e1 una sensaci\u00f3n de zumbido y un masaje directo al cl\u00edtoris de tu pareja cada vez que empujes.<\/span><\/p>\n<p>&nbsp;<\/p>\n","protected":false},"excerpt":{"rendered":"<p>Nuestro anillo doble vibratorio para el pene con conejito est\u00e1 hecho para proporcionar un impulso tanto en el rendimiento como en la sensaci\u00f3n en el dormitorio. \u00a0Este anillo doble el\u00e1stico se ajustar\u00e1 perfectamente alrededor de la base de su pene y sus test\u00edculos, utilizando su agarre firme para mantener la sangre en su erecci\u00f3n, lo [&hellip;]<\/p>\n","protected":false},"featured_media":1517,"comment_status":"open","ping_status":"closed","template":"","meta":[],"product_brand":[],"product_cat":[36,44,43],"product_tag":[],"class_list":{"0":"post-1516","1":"product","2":"type-product","3":"status-publish","4":"has-post-thumbnail","6":"product_cat-anillos","7":"product_cat-clitorales","8":"product_cat-rabbit","10":"first","11":"instock","12":"shipping-taxable","13":"purchasable","14":"product-type-simple"},"_links":{"self":[{"href":"https:\/\/tiendasamor.com\/index.php\/wp-json\/wp\/v2\/product\/1516","targetHints":{"allow":["GET"]}}],"collection":[{"href":"https:\/\/tiendasamor.com\/index.php\/wp-json\/wp\/v2\/product"}],"about":[{"href":"https:\/\/tiendasamor.com\/index.php\/wp-json\/wp\/v2\/types\/product"}],"replies":[{"embeddable":true,"href":"https:\/\/tiendasamor.com\/index.php\/wp-json\/wp\/v2\/comments?post=1516"}],"wp:featuredmedia":[{"embeddable":true,"href":"https:\/\/tiendasamor.com\/index.php\/wp-json\/wp\/v2\/media\/1517"}],"wp:attachment":[{"href":"https:\/\/tiendasamor.com\/index.php\/wp-json\/wp\/v2\/media?parent=1516"}],"wp:term":[{"taxonomy":"product_brand","embeddable":true,"href":"https:\/\/tiendasamor.com\/index.php\/wp-json\/wp\/v2\/product_brand?post=1516"},{"taxonomy":"product_cat","embeddable":true,"href":"https:\/\/tiendasamor.com\/index.php\/wp-json\/wp\/v2\/product_cat?post=1516"},{"taxonomy":"product_tag","embeddable":true,"href":"https:\/\/tiendasamor.com\/index.php\/wp-json\/wp\/v2\/product_tag?post=1516"}],"curies":[{"name":"wp","href":"https:\/\/api.w.org\/{rel}","templated":true}]}}