{"id":1496,"date":"2023-12-07T19:31:46","date_gmt":"2023-12-08T00:31:46","guid":{"rendered":"https:\/\/tiendasamor.com\/?post_type=product&#038;p=1496"},"modified":"2023-12-07T19:32:11","modified_gmt":"2023-12-08T00:32:11","slug":"performance-2-5-inch-silicone-11-5","status":"publish","type":"product","link":"https:\/\/tiendasamor.com\/index.php\/producto\/performance-2-5-inch-silicone-11-5\/","title":{"rendered":"Performance 2.5 inch Silicone 11.5"},"content":{"rendered":"<p>Suave y realista para una sensaci\u00f3n realista. Las nervaduras internas crean una succi\u00f3n que sostiene la funda de forma segura y brinda una sensaci\u00f3n adicional al usuario. Esta funda larga y gruesa es perfecta para extender tu tiempo de juego.<\/p>\n<ul>\n<li>Largo: 27.94 cm<br \/>\nInsertable: 20.51 cm<br \/>\nAncho: 5.08 cm<br \/>\nIncrementa: 3.8 cm<\/li>\n<li>Material: Silicona<\/li>\n<\/ul>\n","protected":false},"excerpt":{"rendered":"<p>Suave y realista para una sensaci\u00f3n realista. Las nervaduras internas crean una succi\u00f3n que sostiene la funda de forma segura y brinda una sensaci\u00f3n adicional al usuario. Esta funda larga y gruesa es perfecta para extender tu tiempo de juego. Largo: 27.94 cm Insertable: 20.51 cm Ancho: 5.08 cm Incrementa: 3.8 cm Material: Silicona<\/p>\n","protected":false},"featured_media":1497,"comment_status":"open","ping_status":"closed","template":"","meta":[],"product_brand":[],"product_cat":[45,46],"product_tag":[],"class_list":{"0":"post-1496","1":"product","2":"type-product","3":"status-publish","4":"has-post-thumbnail","6":"product_cat-fundas-extensoras","7":"product_cat-protesis","9":"first","10":"instock","11":"shipping-taxable","12":"purchasable","13":"product-type-simple"},"_links":{"self":[{"href":"https:\/\/tiendasamor.com\/index.php\/wp-json\/wp\/v2\/product\/1496","targetHints":{"allow":["GET"]}}],"collection":[{"href":"https:\/\/tiendasamor.com\/index.php\/wp-json\/wp\/v2\/product"}],"about":[{"href":"https:\/\/tiendasamor.com\/index.php\/wp-json\/wp\/v2\/types\/product"}],"replies":[{"embeddable":true,"href":"https:\/\/tiendasamor.com\/index.php\/wp-json\/wp\/v2\/comments?post=1496"}],"wp:featuredmedia":[{"embeddable":true,"href":"https:\/\/tiendasamor.com\/index.php\/wp-json\/wp\/v2\/media\/1497"}],"wp:attachment":[{"href":"https:\/\/tiendasamor.com\/index.php\/wp-json\/wp\/v2\/media?parent=1496"}],"wp:term":[{"taxonomy":"product_brand","embeddable":true,"href":"https:\/\/tiendasamor.com\/index.php\/wp-json\/wp\/v2\/product_brand?post=1496"},{"taxonomy":"product_cat","embeddable":true,"href":"https:\/\/tiendasamor.com\/index.php\/wp-json\/wp\/v2\/product_cat?post=1496"},{"taxonomy":"product_tag","embeddable":true,"href":"https:\/\/tiendasamor.com\/index.php\/wp-json\/wp\/v2\/product_tag?post=1496"}],"curies":[{"name":"wp","href":"https:\/\/api.w.org\/{rel}","templated":true}]}}