{"id":1493,"date":"2023-12-07T19:23:46","date_gmt":"2023-12-08T00:23:46","guid":{"rendered":"https:\/\/tiendasamor.com\/?post_type=product&#038;p=1493"},"modified":"2023-12-07T19:25:43","modified_gmt":"2023-12-08T00:25:43","slug":"mighty-sleeve-with-ball-loop","status":"publish","type":"product","link":"https:\/\/tiendasamor.com\/index.php\/producto\/mighty-sleeve-with-ball-loop\/","title":{"rendered":"Mighty Sleeve With Ball Loop"},"content":{"rendered":"<p>Haz que tu pareja disfrute al m\u00e1ximo con estas fundas de pene con relieve. Con sujeci\u00f3n para los test\u00edculos para mayor confort.<\/p>\n<ul>\n<li>Material TPE<\/li>\n<li>Mejora la erecci\u00f3n<br \/>\nSe adapta a pr\u00e1cticamente todas las medidas<br \/>\nSeguro para el cuerpo<br \/>\nLibre de l\u00e1tex<\/li>\n<li>Alto: 22cm<\/li>\n<li>Ancho: 5.5cm<\/li>\n<\/ul>\n","protected":false},"excerpt":{"rendered":"<p>Haz que tu pareja disfrute al m\u00e1ximo con estas fundas de pene con relieve. Con sujeci\u00f3n para los test\u00edculos para mayor confort. Material TPE Mejora la erecci\u00f3n Se adapta a pr\u00e1cticamente todas las medidas Seguro para el cuerpo Libre de l\u00e1tex Alto: 22cm Ancho: 5.5cm<\/p>\n","protected":false},"featured_media":1494,"comment_status":"open","ping_status":"closed","template":"","meta":[],"product_brand":[],"product_cat":[45,46],"product_tag":[],"class_list":{"0":"post-1493","1":"product","2":"type-product","3":"status-publish","4":"has-post-thumbnail","6":"product_cat-fundas-extensoras","7":"product_cat-protesis","9":"first","10":"instock","11":"shipping-taxable","12":"purchasable","13":"product-type-simple"},"_links":{"self":[{"href":"https:\/\/tiendasamor.com\/index.php\/wp-json\/wp\/v2\/product\/1493","targetHints":{"allow":["GET"]}}],"collection":[{"href":"https:\/\/tiendasamor.com\/index.php\/wp-json\/wp\/v2\/product"}],"about":[{"href":"https:\/\/tiendasamor.com\/index.php\/wp-json\/wp\/v2\/types\/product"}],"replies":[{"embeddable":true,"href":"https:\/\/tiendasamor.com\/index.php\/wp-json\/wp\/v2\/comments?post=1493"}],"wp:featuredmedia":[{"embeddable":true,"href":"https:\/\/tiendasamor.com\/index.php\/wp-json\/wp\/v2\/media\/1494"}],"wp:attachment":[{"href":"https:\/\/tiendasamor.com\/index.php\/wp-json\/wp\/v2\/media?parent=1493"}],"wp:term":[{"taxonomy":"product_brand","embeddable":true,"href":"https:\/\/tiendasamor.com\/index.php\/wp-json\/wp\/v2\/product_brand?post=1493"},{"taxonomy":"product_cat","embeddable":true,"href":"https:\/\/tiendasamor.com\/index.php\/wp-json\/wp\/v2\/product_cat?post=1493"},{"taxonomy":"product_tag","embeddable":true,"href":"https:\/\/tiendasamor.com\/index.php\/wp-json\/wp\/v2\/product_tag?post=1493"}],"curies":[{"name":"wp","href":"https:\/\/api.w.org\/{rel}","templated":true}]}}