{"id":1489,"date":"2023-12-07T19:13:14","date_gmt":"2023-12-08T00:13:14","guid":{"rendered":"https:\/\/tiendasamor.com\/?post_type=product&#038;p=1489"},"modified":"2023-12-07T19:17:57","modified_gmt":"2023-12-08T00:17:57","slug":"superme-extension-sleeve","status":"publish","type":"product","link":"https:\/\/tiendasamor.com\/index.php\/producto\/superme-extension-sleeve\/","title":{"rendered":"Superme Extension Sleeve"},"content":{"rendered":"<p>Funda, manga de textura extra gris, amplia el tama\u00f1o y el grosor, d\u00e1ndole una sensaci\u00f3n fant\u00e1stica al momento de probarlo.<\/p>\n<ul>\n<li>Material: TPE<\/li>\n<li>Alto: 16cm<\/li>\n<li>Ancho: 5cm<\/li>\n<\/ul>\n","protected":false},"excerpt":{"rendered":"<p>Funda, manga de textura extra gris, amplia el tama\u00f1o y el grosor, d\u00e1ndole una sensaci\u00f3n fant\u00e1stica al momento de probarlo. Material: TPE Alto: 16cm Ancho: 5cm<\/p>\n","protected":false},"featured_media":1492,"comment_status":"open","ping_status":"closed","template":"","meta":[],"product_brand":[],"product_cat":[45,46],"product_tag":[],"class_list":{"0":"post-1489","1":"product","2":"type-product","3":"status-publish","4":"has-post-thumbnail","6":"product_cat-fundas-extensoras","7":"product_cat-protesis","9":"first","10":"instock","11":"shipping-taxable","12":"purchasable","13":"product-type-simple"},"_links":{"self":[{"href":"https:\/\/tiendasamor.com\/index.php\/wp-json\/wp\/v2\/product\/1489","targetHints":{"allow":["GET"]}}],"collection":[{"href":"https:\/\/tiendasamor.com\/index.php\/wp-json\/wp\/v2\/product"}],"about":[{"href":"https:\/\/tiendasamor.com\/index.php\/wp-json\/wp\/v2\/types\/product"}],"replies":[{"embeddable":true,"href":"https:\/\/tiendasamor.com\/index.php\/wp-json\/wp\/v2\/comments?post=1489"}],"wp:featuredmedia":[{"embeddable":true,"href":"https:\/\/tiendasamor.com\/index.php\/wp-json\/wp\/v2\/media\/1492"}],"wp:attachment":[{"href":"https:\/\/tiendasamor.com\/index.php\/wp-json\/wp\/v2\/media?parent=1489"}],"wp:term":[{"taxonomy":"product_brand","embeddable":true,"href":"https:\/\/tiendasamor.com\/index.php\/wp-json\/wp\/v2\/product_brand?post=1489"},{"taxonomy":"product_cat","embeddable":true,"href":"https:\/\/tiendasamor.com\/index.php\/wp-json\/wp\/v2\/product_cat?post=1489"},{"taxonomy":"product_tag","embeddable":true,"href":"https:\/\/tiendasamor.com\/index.php\/wp-json\/wp\/v2\/product_tag?post=1489"}],"curies":[{"name":"wp","href":"https:\/\/api.w.org\/{rel}","templated":true}]}}