{"id":1482,"date":"2023-12-07T18:50:17","date_gmt":"2023-12-07T23:50:17","guid":{"rendered":"https:\/\/tiendasamor.com\/?post_type=product&#038;p=1482"},"modified":"2023-12-07T18:52:32","modified_gmt":"2023-12-07T23:52:32","slug":"mens-pants-replacement","status":"publish","type":"product","link":"https:\/\/tiendasamor.com\/index.php\/producto\/mens-pants-replacement\/","title":{"rendered":"Mens Pants Replacement"},"content":{"rendered":"<p>Este pene con correa de caucho s\u00faper color carne incluye un eje hueco y veteado con vibraciones de varias velocidades para una excitante experiencia de estimulaci\u00f3n y penetraci\u00f3n. El cintur\u00f3n ideal para agregar circunferencia y longitud a su pene. Las correas ajustables y el\u00e1sticas mantienen el extensor de correa de forma segura en su lugar.<\/p>\n<ul>\n<li>Material: TPR<\/li>\n<li>Control de mano para mayor comodidad<\/li>\n<li>F\u00e1cil uso y Limpieza<\/li>\n<li>Requiere 2 pilas AA (No incluido)<\/li>\n<li>Largo: 16.5 cm \u2013 Largo hueco: 10 cm \u2013 Ancho: 4.3 cm<\/li>\n<\/ul>\n","protected":false},"excerpt":{"rendered":"<p>Este pene con correa de caucho s\u00faper color carne incluye un eje hueco y veteado con vibraciones de varias velocidades para una excitante experiencia de estimulaci\u00f3n y penetraci\u00f3n. El cintur\u00f3n ideal para agregar circunferencia y longitud a su pene. Las correas ajustables y el\u00e1sticas mantienen el extensor de correa de forma segura en su lugar. [&hellip;]<\/p>\n","protected":false},"featured_media":1483,"comment_status":"open","ping_status":"closed","template":"","meta":[],"product_brand":[],"product_cat":[45,46],"product_tag":[],"class_list":{"0":"post-1482","1":"product","2":"type-product","3":"status-publish","4":"has-post-thumbnail","6":"product_cat-fundas-extensoras","7":"product_cat-protesis","9":"first","10":"instock","11":"shipping-taxable","12":"purchasable","13":"product-type-simple"},"_links":{"self":[{"href":"https:\/\/tiendasamor.com\/index.php\/wp-json\/wp\/v2\/product\/1482","targetHints":{"allow":["GET"]}}],"collection":[{"href":"https:\/\/tiendasamor.com\/index.php\/wp-json\/wp\/v2\/product"}],"about":[{"href":"https:\/\/tiendasamor.com\/index.php\/wp-json\/wp\/v2\/types\/product"}],"replies":[{"embeddable":true,"href":"https:\/\/tiendasamor.com\/index.php\/wp-json\/wp\/v2\/comments?post=1482"}],"wp:featuredmedia":[{"embeddable":true,"href":"https:\/\/tiendasamor.com\/index.php\/wp-json\/wp\/v2\/media\/1483"}],"wp:attachment":[{"href":"https:\/\/tiendasamor.com\/index.php\/wp-json\/wp\/v2\/media?parent=1482"}],"wp:term":[{"taxonomy":"product_brand","embeddable":true,"href":"https:\/\/tiendasamor.com\/index.php\/wp-json\/wp\/v2\/product_brand?post=1482"},{"taxonomy":"product_cat","embeddable":true,"href":"https:\/\/tiendasamor.com\/index.php\/wp-json\/wp\/v2\/product_cat?post=1482"},{"taxonomy":"product_tag","embeddable":true,"href":"https:\/\/tiendasamor.com\/index.php\/wp-json\/wp\/v2\/product_tag?post=1482"}],"curies":[{"name":"wp","href":"https:\/\/api.w.org\/{rel}","templated":true}]}}