{"id":1471,"date":"2023-12-07T17:58:00","date_gmt":"2023-12-07T22:58:00","guid":{"rendered":"https:\/\/tiendasamor.com\/?post_type=product&#038;p=1471"},"modified":"2023-12-07T17:58:00","modified_gmt":"2023-12-07T22:58:00","slug":"kamasutra-sexoral","status":"publish","type":"product","link":"https:\/\/tiendasamor.com\/index.php\/producto\/kamasutra-sexoral\/","title":{"rendered":"Kamasutra SexOral"},"content":{"rendered":"<p>Lo nuevo de lo nuevo, si ya jugaste Kamasutra (100 cartas) este de aqu\u00ed es tu siguiente paso. Recuerda que para este necesitas tirar un dado (si pierdes tambi\u00e9n es rico).<\/p>\n<p>Contiene:<br \/>\n-60 pisiciones incre\u00edbles.<br \/>\n-2 piezas para cada jugador.<br \/>\n-2 dados.<br \/>\n-1 tablero.<br \/>\n-1 reloj de arena.<\/p>\n<p>&nbsp;<\/p>\n","protected":false},"excerpt":{"rendered":"<p>Lo nuevo de lo nuevo, si ya jugaste Kamasutra (100 cartas) este de aqu\u00ed es tu siguiente paso. Recuerda que para este necesitas tirar un dado (si pierdes tambi\u00e9n es rico). Contiene: -60 pisiciones incre\u00edbles. -2 piezas para cada jugador. -2 dados. -1 tablero. -1 reloj de arena. &nbsp;<\/p>\n","protected":false},"featured_media":1472,"comment_status":"open","ping_status":"closed","template":"","meta":[],"product_brand":[],"product_cat":[58],"product_tag":[],"class_list":{"0":"post-1471","1":"product","2":"type-product","3":"status-publish","4":"has-post-thumbnail","6":"product_cat-cartas","8":"first","9":"instock","10":"shipping-taxable","11":"purchasable","12":"product-type-simple"},"_links":{"self":[{"href":"https:\/\/tiendasamor.com\/index.php\/wp-json\/wp\/v2\/product\/1471","targetHints":{"allow":["GET"]}}],"collection":[{"href":"https:\/\/tiendasamor.com\/index.php\/wp-json\/wp\/v2\/product"}],"about":[{"href":"https:\/\/tiendasamor.com\/index.php\/wp-json\/wp\/v2\/types\/product"}],"replies":[{"embeddable":true,"href":"https:\/\/tiendasamor.com\/index.php\/wp-json\/wp\/v2\/comments?post=1471"}],"wp:featuredmedia":[{"embeddable":true,"href":"https:\/\/tiendasamor.com\/index.php\/wp-json\/wp\/v2\/media\/1472"}],"wp:attachment":[{"href":"https:\/\/tiendasamor.com\/index.php\/wp-json\/wp\/v2\/media?parent=1471"}],"wp:term":[{"taxonomy":"product_brand","embeddable":true,"href":"https:\/\/tiendasamor.com\/index.php\/wp-json\/wp\/v2\/product_brand?post=1471"},{"taxonomy":"product_cat","embeddable":true,"href":"https:\/\/tiendasamor.com\/index.php\/wp-json\/wp\/v2\/product_cat?post=1471"},{"taxonomy":"product_tag","embeddable":true,"href":"https:\/\/tiendasamor.com\/index.php\/wp-json\/wp\/v2\/product_tag?post=1471"}],"curies":[{"name":"wp","href":"https:\/\/api.w.org\/{rel}","templated":true}]}}