{"id":1459,"date":"2023-12-07T17:48:19","date_gmt":"2023-12-07T22:48:19","guid":{"rendered":"https:\/\/tiendasamor.com\/?post_type=product&#038;p=1459"},"modified":"2023-12-07T17:50:51","modified_gmt":"2023-12-07T22:50:51","slug":"lusie-masturbador","status":"publish","type":"product","link":"https:\/\/tiendasamor.com\/index.php\/producto\/lusie-masturbador\/","title":{"rendered":"Lusie Masturbador"},"content":{"rendered":"<p>Este masturbador es mejor que la piel real con 2 agujeros hambrientos.<\/p>\n<p>Grande y redondo y totalmente suave gracias a su material que lo hace realista.<\/p>\n<p>El \u00e1rea vaginal es lo suficientemente peque\u00f1o y apretado, pero cabe cualquier miembro, el t\u00fanel est\u00e1 lo suficientemente acanalado para la estimulaci\u00f3n de la vida real. para llevarte a un estado de \u00e9xtasis.<\/p>\n<ul>\n<li>Material TPE<\/li>\n<li>Libre de ftalatos, parafinas, seguro para el cuerpo<\/li>\n<li>Largo: 17.5 cm \u2013 Ancho: 9.5 cm \u2013 Alto: 17.5 cm<\/li>\n<\/ul>\n","protected":false},"excerpt":{"rendered":"<p>Este masturbador es mejor que la piel real con 2 agujeros hambrientos. Grande y redondo y totalmente suave gracias a su material que lo hace realista. El \u00e1rea vaginal es lo suficientemente peque\u00f1o y apretado, pero cabe cualquier miembro, el t\u00fanel est\u00e1 lo suficientemente acanalado para la estimulaci\u00f3n de la vida real. para llevarte a [&hellip;]<\/p>\n","protected":false},"featured_media":1466,"comment_status":"open","ping_status":"closed","template":"","meta":[],"product_brand":[],"product_cat":[30,47],"product_tag":[],"class_list":{"0":"post-1459","1":"product","2":"type-product","3":"status-publish","4":"has-post-thumbnail","6":"product_cat-masturbadores","7":"product_cat-munecas","9":"first","10":"instock","11":"shipping-taxable","12":"purchasable","13":"product-type-simple"},"_links":{"self":[{"href":"https:\/\/tiendasamor.com\/index.php\/wp-json\/wp\/v2\/product\/1459","targetHints":{"allow":["GET"]}}],"collection":[{"href":"https:\/\/tiendasamor.com\/index.php\/wp-json\/wp\/v2\/product"}],"about":[{"href":"https:\/\/tiendasamor.com\/index.php\/wp-json\/wp\/v2\/types\/product"}],"replies":[{"embeddable":true,"href":"https:\/\/tiendasamor.com\/index.php\/wp-json\/wp\/v2\/comments?post=1459"}],"wp:featuredmedia":[{"embeddable":true,"href":"https:\/\/tiendasamor.com\/index.php\/wp-json\/wp\/v2\/media\/1466"}],"wp:attachment":[{"href":"https:\/\/tiendasamor.com\/index.php\/wp-json\/wp\/v2\/media?parent=1459"}],"wp:term":[{"taxonomy":"product_brand","embeddable":true,"href":"https:\/\/tiendasamor.com\/index.php\/wp-json\/wp\/v2\/product_brand?post=1459"},{"taxonomy":"product_cat","embeddable":true,"href":"https:\/\/tiendasamor.com\/index.php\/wp-json\/wp\/v2\/product_cat?post=1459"},{"taxonomy":"product_tag","embeddable":true,"href":"https:\/\/tiendasamor.com\/index.php\/wp-json\/wp\/v2\/product_tag?post=1459"}],"curies":[{"name":"wp","href":"https:\/\/api.w.org\/{rel}","templated":true}]}}