{"id":1454,"date":"2023-12-07T17:33:01","date_gmt":"2023-12-07T22:33:01","guid":{"rendered":"https:\/\/tiendasamor.com\/?post_type=product&#038;p=1454"},"modified":"2023-12-07T17:38:16","modified_gmt":"2023-12-07T22:38:16","slug":"monogany-erotico","status":"publish","type":"product","link":"https:\/\/tiendasamor.com\/index.php\/producto\/monogany-erotico\/","title":{"rendered":"Monogany Erotico"},"content":{"rendered":"<p><strong>JUGUETE MONOPOLIO EROTICO.\u00a0<\/strong>Apagar las luces, apagar el tel\u00e9fono y prep\u00e1rate para jugar el juego m\u00e1s caliente de la historia. Con m\u00e1s de 400 ideas seductoras y tres niveles de juego \u00edntimo apasionado y h\u00famedo-este es un juego que querr\u00e1s jugar una y otra vez. La monogamia te har\u00e1 tener cari\u00f1o riendo y deseando uno tras otro con s\u00f3lo unos pocos lanzamientos de los dados.<\/p>\n<p><strong>CODIGO:\u00a0<\/strong><\/p>\n<p>\u00b0 M\u00e1s de 400 ideas seductoras y tres niveles de juego.<br \/>\n\u00b0 Atenuar las luces un poco tome una copa de vino y disfrutar del tiempo \u00edntimo con su pareja.<br \/>\n\u00b0 disfruta del juego mas seductor de todos los tiempos.<br \/>\n\u00b0 Gran juego para condimentar las cosas con su pareja<br \/>\n\u00b0 juego dise\u00f1ado en los Estados Unidos.<\/p>\n","protected":false},"excerpt":{"rendered":"<p>JUGUETE MONOPOLIO EROTICO.\u00a0Apagar las luces, apagar el tel\u00e9fono y prep\u00e1rate para jugar el juego m\u00e1s caliente de la historia. Con m\u00e1s de 400 ideas seductoras y tres niveles de juego \u00edntimo apasionado y h\u00famedo-este es un juego que querr\u00e1s jugar una y otra vez. La monogamia te har\u00e1 tener cari\u00f1o riendo y deseando uno tras [&hellip;]<\/p>\n","protected":false},"featured_media":1458,"comment_status":"open","ping_status":"closed","template":"","meta":[],"product_brand":[],"product_cat":[58],"product_tag":[],"class_list":{"0":"post-1454","1":"product","2":"type-product","3":"status-publish","4":"has-post-thumbnail","6":"product_cat-cartas","8":"first","9":"instock","10":"shipping-taxable","11":"purchasable","12":"product-type-simple"},"_links":{"self":[{"href":"https:\/\/tiendasamor.com\/index.php\/wp-json\/wp\/v2\/product\/1454","targetHints":{"allow":["GET"]}}],"collection":[{"href":"https:\/\/tiendasamor.com\/index.php\/wp-json\/wp\/v2\/product"}],"about":[{"href":"https:\/\/tiendasamor.com\/index.php\/wp-json\/wp\/v2\/types\/product"}],"replies":[{"embeddable":true,"href":"https:\/\/tiendasamor.com\/index.php\/wp-json\/wp\/v2\/comments?post=1454"}],"wp:featuredmedia":[{"embeddable":true,"href":"https:\/\/tiendasamor.com\/index.php\/wp-json\/wp\/v2\/media\/1458"}],"wp:attachment":[{"href":"https:\/\/tiendasamor.com\/index.php\/wp-json\/wp\/v2\/media?parent=1454"}],"wp:term":[{"taxonomy":"product_brand","embeddable":true,"href":"https:\/\/tiendasamor.com\/index.php\/wp-json\/wp\/v2\/product_brand?post=1454"},{"taxonomy":"product_cat","embeddable":true,"href":"https:\/\/tiendasamor.com\/index.php\/wp-json\/wp\/v2\/product_cat?post=1454"},{"taxonomy":"product_tag","embeddable":true,"href":"https:\/\/tiendasamor.com\/index.php\/wp-json\/wp\/v2\/product_tag?post=1454"}],"curies":[{"name":"wp","href":"https:\/\/api.w.org\/{rel}","templated":true}]}}