{"id":1447,"date":"2023-12-07T17:19:56","date_gmt":"2023-12-07T22:19:56","guid":{"rendered":"https:\/\/tiendasamor.com\/?post_type=product&#038;p=1447"},"modified":"2024-05-14T22:16:51","modified_gmt":"2024-05-15T03:16:51","slug":"verdad-o-reto-xxx","status":"publish","type":"product","link":"https:\/\/tiendasamor.com\/index.php\/producto\/verdad-o-reto-xxx\/","title":{"rendered":"Verdad o Reto xxx"},"content":{"rendered":"<p>\u00a1Te traemos el juego verdad o reto para la cama! Este famoso juego para poder \u00a1Romper el hielo! En la categor\u00eda \u00abVerdad\u00bb tendr\u00e1s que responder sinceramente y tiene que ver con el tema er\u00f3tico y en la categor\u00eda \u00abReto\u00bb que tendr\u00e1s que realizar exactamente lo que diga la tarjeta.<\/p>\n<p>Contiene 32 cartas para retar a tu compa\u00f1ero(a)<\/p>\n<p>\u00a1No hay excepci\u00f3n a la regla! Ideal para las parejas o amantes que est\u00e1n tratando de salir de lo cotidiano, pero a la vez divertido. \u00a1Deja la timidez y saca tu lado p\u00edcaro!<\/p>\n<p>&nbsp;<\/p>\n","protected":false},"excerpt":{"rendered":"<p>\u00a1Te traemos el juego verdad o reto para la cama! Este famoso juego para poder \u00a1Romper el hielo! En la categor\u00eda \u00abVerdad\u00bb tendr\u00e1s que responder sinceramente y tiene que ver con el tema er\u00f3tico y en la categor\u00eda \u00abReto\u00bb que tendr\u00e1s que realizar exactamente lo que diga la tarjeta. Contiene 32 cartas para retar a [&hellip;]<\/p>\n","protected":false},"featured_media":1448,"comment_status":"open","ping_status":"closed","template":"","meta":[],"product_brand":[],"product_cat":[20,58],"product_tag":[],"class_list":{"0":"post-1447","1":"product","2":"type-product","3":"status-publish","4":"has-post-thumbnail","6":"product_cat-bondage","7":"product_cat-cartas","9":"first","10":"instock","11":"shipping-taxable","12":"purchasable","13":"product-type-simple"},"_links":{"self":[{"href":"https:\/\/tiendasamor.com\/index.php\/wp-json\/wp\/v2\/product\/1447","targetHints":{"allow":["GET"]}}],"collection":[{"href":"https:\/\/tiendasamor.com\/index.php\/wp-json\/wp\/v2\/product"}],"about":[{"href":"https:\/\/tiendasamor.com\/index.php\/wp-json\/wp\/v2\/types\/product"}],"replies":[{"embeddable":true,"href":"https:\/\/tiendasamor.com\/index.php\/wp-json\/wp\/v2\/comments?post=1447"}],"wp:featuredmedia":[{"embeddable":true,"href":"https:\/\/tiendasamor.com\/index.php\/wp-json\/wp\/v2\/media\/1448"}],"wp:attachment":[{"href":"https:\/\/tiendasamor.com\/index.php\/wp-json\/wp\/v2\/media?parent=1447"}],"wp:term":[{"taxonomy":"product_brand","embeddable":true,"href":"https:\/\/tiendasamor.com\/index.php\/wp-json\/wp\/v2\/product_brand?post=1447"},{"taxonomy":"product_cat","embeddable":true,"href":"https:\/\/tiendasamor.com\/index.php\/wp-json\/wp\/v2\/product_cat?post=1447"},{"taxonomy":"product_tag","embeddable":true,"href":"https:\/\/tiendasamor.com\/index.php\/wp-json\/wp\/v2\/product_tag?post=1447"}],"curies":[{"name":"wp","href":"https:\/\/api.w.org\/{rel}","templated":true}]}}