{"id":1443,"date":"2023-12-07T16:50:29","date_gmt":"2023-12-07T21:50:29","guid":{"rendered":"https:\/\/tiendasamor.com\/?post_type=product&#038;p=1443"},"modified":"2023-12-07T16:50:47","modified_gmt":"2023-12-07T21:50:47","slug":"tongue-cockring","status":"publish","type":"product","link":"https:\/\/tiendasamor.com\/index.php\/producto\/tongue-cockring\/","title":{"rendered":"TONGUE COCKRING"},"content":{"rendered":"<p>Anillo de silicona con vibraci\u00f3n y estimulador de cl\u00edtoris, este anillo alargara la erecci\u00f3n del pene para que lleve el placer al m\u00e1ximo. Mejora de sexo tanto como para el hombre y para la mujer. Anillo Vibrador Transparente<\/p>\n<p>Caracter\u00edsticas:<\/p>\n<ul>\n<li>Material: TPE<\/li>\n<li>Medidas producto: Anillo grande: 4cm di\u00e1metro Anillo peque\u00f1o: 1,5cm di\u00e1metro.<\/li>\n<li>Color: Transparente<\/li>\n<li>Libre de Ftalatos.<\/li>\n<li>Pilas: 3 LR44<\/li>\n<li>7 modos de vibraci\u00f3n.<\/li>\n<\/ul>\n","protected":false},"excerpt":{"rendered":"<p>Anillo de silicona con vibraci\u00f3n y estimulador de cl\u00edtoris, este anillo alargara la erecci\u00f3n del pene para que lleve el placer al m\u00e1ximo. Mejora de sexo tanto como para el hombre y para la mujer. Anillo Vibrador Transparente Caracter\u00edsticas: Material: TPE Medidas producto: Anillo grande: 4cm di\u00e1metro Anillo peque\u00f1o: 1,5cm di\u00e1metro. Color: Transparente Libre de [&hellip;]<\/p>\n","protected":false},"featured_media":1444,"comment_status":"open","ping_status":"closed","template":"","meta":[],"product_brand":[],"product_cat":[36,44],"product_tag":[],"class_list":{"0":"post-1443","1":"product","2":"type-product","3":"status-publish","4":"has-post-thumbnail","6":"product_cat-anillos","7":"product_cat-clitorales","9":"first","10":"instock","11":"shipping-taxable","12":"purchasable","13":"product-type-simple"},"_links":{"self":[{"href":"https:\/\/tiendasamor.com\/index.php\/wp-json\/wp\/v2\/product\/1443","targetHints":{"allow":["GET"]}}],"collection":[{"href":"https:\/\/tiendasamor.com\/index.php\/wp-json\/wp\/v2\/product"}],"about":[{"href":"https:\/\/tiendasamor.com\/index.php\/wp-json\/wp\/v2\/types\/product"}],"replies":[{"embeddable":true,"href":"https:\/\/tiendasamor.com\/index.php\/wp-json\/wp\/v2\/comments?post=1443"}],"wp:featuredmedia":[{"embeddable":true,"href":"https:\/\/tiendasamor.com\/index.php\/wp-json\/wp\/v2\/media\/1444"}],"wp:attachment":[{"href":"https:\/\/tiendasamor.com\/index.php\/wp-json\/wp\/v2\/media?parent=1443"}],"wp:term":[{"taxonomy":"product_brand","embeddable":true,"href":"https:\/\/tiendasamor.com\/index.php\/wp-json\/wp\/v2\/product_brand?post=1443"},{"taxonomy":"product_cat","embeddable":true,"href":"https:\/\/tiendasamor.com\/index.php\/wp-json\/wp\/v2\/product_cat?post=1443"},{"taxonomy":"product_tag","embeddable":true,"href":"https:\/\/tiendasamor.com\/index.php\/wp-json\/wp\/v2\/product_tag?post=1443"}],"curies":[{"name":"wp","href":"https:\/\/api.w.org\/{rel}","templated":true}]}}