{"id":1438,"date":"2023-12-07T16:31:17","date_gmt":"2023-12-07T21:31:17","guid":{"rendered":"https:\/\/tiendasamor.com\/?post_type=product&#038;p=1438"},"modified":"2023-12-07T16:36:13","modified_gmt":"2023-12-07T21:36:13","slug":"miao-lian-vibrating-cock-ring","status":"publish","type":"product","link":"https:\/\/tiendasamor.com\/index.php\/producto\/miao-lian-vibrating-cock-ring\/","title":{"rendered":"Miao Lian Vibrating Cock Ring"},"content":{"rendered":"<p><b>\u00a1 Miao Lian<\/b>\u00a0es un maravilloso\u00a0<b>anillo para el pene<\/b>\u00a0con estimulador de cl\u00edtoris!\u00a0Interfaz de usuario!<\/p>\n<p>Fabricado en\u00a0<b>silicona suave<\/b>\u00a0y\u00a0<b>suave al tacto<\/b>\u00a0, con una vibraci\u00f3n \u00fanica y potente, jeje.\u00a0Perfecto para mantener la\u00a0<b>erecci\u00f3n<\/b>\u00a0y\u00a0<b>retrasar la eyaculaci\u00f3n,<\/b>\u00a0\u00a1proporcionando un placer m\u00e1s prolongado!\u00a0Adem\u00e1s, se puede utilizar para\u00a0<b>estimular<\/b>\u00a0a ambos socios.<\/p>\n<p>\u00a1\u00bfEntonces te gust\u00f3?!\u00a0\u00a1Ahora agr\u00e9guelo a su carrito y se lo entregaremos r\u00e1pidamente en un paquete discreto!<\/p>\n<p><b>Nota:<\/b>\u00a0No retire el pl\u00e1stico del interior del producto, sirve para aislar la bater\u00eda de los contactos de alimentaci\u00f3n.\u00a0Puede causar un cortocircuito en el producto y no ofrecemos cambios por mal uso;<\/p>\n<p><strong>DIMENSIONES:<\/strong><\/p>\n<p>Mide 5,3 cm de largo por 4,7 cm de ancho.\u00a0(Acerca de);<\/p>\n<p>El anillo tiene 4 cm de di\u00e1metro externo por 2,6 cm de di\u00e1metro interno.\u00a0(Acerca de).<\/p>\n<p><strong>COMPOSICI\u00d3N:<\/strong><\/p>\n<p>Silicona.<\/p>\n<p><strong>INFORMACI\u00d3N Y RECOMENDACIONES:<\/strong><\/p>\n<p>Utiliza 2 pilas \u00abLR41\u00bb.\u00a0(Ya incluido);<\/p>\n<p>Disponible en colores: Negro, Rosa y Azul.<\/p>\n<p>El Cock Ring se puede ajustar f\u00e1cilmente a cualquier tama\u00f1o de pene o vibrador personal.<\/p>\n","protected":false},"excerpt":{"rendered":"<p>\u00a1 Miao Lian\u00a0es un maravilloso\u00a0anillo para el pene\u00a0con estimulador de cl\u00edtoris!\u00a0Interfaz de usuario! Fabricado en\u00a0silicona suave\u00a0y\u00a0suave al tacto\u00a0, con una vibraci\u00f3n \u00fanica y potente, jeje.\u00a0Perfecto para mantener la\u00a0erecci\u00f3n\u00a0y\u00a0retrasar la eyaculaci\u00f3n,\u00a0\u00a1proporcionando un placer m\u00e1s prolongado!\u00a0Adem\u00e1s, se puede utilizar para\u00a0estimular\u00a0a ambos socios. \u00a1\u00bfEntonces te gust\u00f3?!\u00a0\u00a1Ahora agr\u00e9guelo a su carrito y se lo entregaremos r\u00e1pidamente en un paquete [&hellip;]<\/p>\n","protected":false},"featured_media":1439,"comment_status":"open","ping_status":"closed","template":"","meta":[],"product_brand":[],"product_cat":[36,44],"product_tag":[],"class_list":{"0":"post-1438","1":"product","2":"type-product","3":"status-publish","4":"has-post-thumbnail","6":"product_cat-anillos","7":"product_cat-clitorales","9":"first","10":"instock","11":"shipping-taxable","12":"purchasable","13":"product-type-simple"},"_links":{"self":[{"href":"https:\/\/tiendasamor.com\/index.php\/wp-json\/wp\/v2\/product\/1438","targetHints":{"allow":["GET"]}}],"collection":[{"href":"https:\/\/tiendasamor.com\/index.php\/wp-json\/wp\/v2\/product"}],"about":[{"href":"https:\/\/tiendasamor.com\/index.php\/wp-json\/wp\/v2\/types\/product"}],"replies":[{"embeddable":true,"href":"https:\/\/tiendasamor.com\/index.php\/wp-json\/wp\/v2\/comments?post=1438"}],"wp:featuredmedia":[{"embeddable":true,"href":"https:\/\/tiendasamor.com\/index.php\/wp-json\/wp\/v2\/media\/1439"}],"wp:attachment":[{"href":"https:\/\/tiendasamor.com\/index.php\/wp-json\/wp\/v2\/media?parent=1438"}],"wp:term":[{"taxonomy":"product_brand","embeddable":true,"href":"https:\/\/tiendasamor.com\/index.php\/wp-json\/wp\/v2\/product_brand?post=1438"},{"taxonomy":"product_cat","embeddable":true,"href":"https:\/\/tiendasamor.com\/index.php\/wp-json\/wp\/v2\/product_cat?post=1438"},{"taxonomy":"product_tag","embeddable":true,"href":"https:\/\/tiendasamor.com\/index.php\/wp-json\/wp\/v2\/product_tag?post=1438"}],"curies":[{"name":"wp","href":"https:\/\/api.w.org\/{rel}","templated":true}]}}