{"id":1431,"date":"2023-12-07T16:00:07","date_gmt":"2023-12-07T21:00:07","guid":{"rendered":"https:\/\/tiendasamor.com\/?post_type=product&#038;p=1431"},"modified":"2023-12-07T16:01:52","modified_gmt":"2023-12-07T21:01:52","slug":"7-function-vibrating-clitifier","status":"publish","type":"product","link":"https:\/\/tiendasamor.com\/index.php\/producto\/7-function-vibrating-clitifier\/","title":{"rendered":"7 Function Vibrating Clitifier"},"content":{"rendered":"<p>Anillo vibrador hecho a base de jelly, un material altamente resistente pero suave y super flexible, este anillo sin duda har\u00e1 la diferencia, con sus 7 funciones de vibraci\u00f3n, incluye pilas.<\/p>\n<p>Este anillo tiene doble sujetaci\u00f3n, uno para la base del pene y otro para los test\u00edculos, as\u00ed tendr\u00e1s mayor comodidad y m\u00e1s tiempo para divertirte antes de la eyaculaci\u00f3n.<\/p>\n<ul>\n<li>Material: Jelly<\/li>\n<li>Flexible<\/li>\n<li>Balita con 7 ritmos de vibraci\u00f3n<\/li>\n<li>Usa 3 pilas LR44 (Incluido)<\/li>\n<li>F\u00e1cil uso y Limpieza<\/li>\n<li>Impermeable<\/li>\n<li>Se extiende hasta el 70 % de su tama\u00f1o<\/li>\n<li>Medidas: 2,5 cm di\u00e1metro interno \u2013 3.5 cm di\u00e1metro externo<\/li>\n<li>Anillo para los test\u00edculos: 4 cm di\u00e1metro interno \u2013 5 cm di\u00e1metro externo<\/li>\n<\/ul>\n","protected":false},"excerpt":{"rendered":"<p>Anillo vibrador hecho a base de jelly, un material altamente resistente pero suave y super flexible, este anillo sin duda har\u00e1 la diferencia, con sus 7 funciones de vibraci\u00f3n, incluye pilas. Este anillo tiene doble sujetaci\u00f3n, uno para la base del pene y otro para los test\u00edculos, as\u00ed tendr\u00e1s mayor comodidad y m\u00e1s tiempo para [&hellip;]<\/p>\n","protected":false},"featured_media":1432,"comment_status":"open","ping_status":"closed","template":"","meta":[],"product_brand":[],"product_cat":[36,44],"product_tag":[],"class_list":{"0":"post-1431","1":"product","2":"type-product","3":"status-publish","4":"has-post-thumbnail","6":"product_cat-anillos","7":"product_cat-clitorales","9":"first","10":"instock","11":"shipping-taxable","12":"purchasable","13":"product-type-simple"},"_links":{"self":[{"href":"https:\/\/tiendasamor.com\/index.php\/wp-json\/wp\/v2\/product\/1431","targetHints":{"allow":["GET"]}}],"collection":[{"href":"https:\/\/tiendasamor.com\/index.php\/wp-json\/wp\/v2\/product"}],"about":[{"href":"https:\/\/tiendasamor.com\/index.php\/wp-json\/wp\/v2\/types\/product"}],"replies":[{"embeddable":true,"href":"https:\/\/tiendasamor.com\/index.php\/wp-json\/wp\/v2\/comments?post=1431"}],"wp:featuredmedia":[{"embeddable":true,"href":"https:\/\/tiendasamor.com\/index.php\/wp-json\/wp\/v2\/media\/1432"}],"wp:attachment":[{"href":"https:\/\/tiendasamor.com\/index.php\/wp-json\/wp\/v2\/media?parent=1431"}],"wp:term":[{"taxonomy":"product_brand","embeddable":true,"href":"https:\/\/tiendasamor.com\/index.php\/wp-json\/wp\/v2\/product_brand?post=1431"},{"taxonomy":"product_cat","embeddable":true,"href":"https:\/\/tiendasamor.com\/index.php\/wp-json\/wp\/v2\/product_cat?post=1431"},{"taxonomy":"product_tag","embeddable":true,"href":"https:\/\/tiendasamor.com\/index.php\/wp-json\/wp\/v2\/product_tag?post=1431"}],"curies":[{"name":"wp","href":"https:\/\/api.w.org\/{rel}","templated":true}]}}