{"id":1428,"date":"2023-12-07T15:54:40","date_gmt":"2023-12-07T20:54:40","guid":{"rendered":"https:\/\/tiendasamor.com\/?post_type=product&#038;p=1428"},"modified":"2023-12-07T15:55:06","modified_gmt":"2023-12-07T20:55:06","slug":"vibrating-bull-ring","status":"publish","type":"product","link":"https:\/\/tiendasamor.com\/index.php\/producto\/vibrating-bull-ring\/","title":{"rendered":"VIBRATING BULL RING"},"content":{"rendered":"<p>Anillo vibrador hecho a base de Jelly, un material altamente resistente pero suave y super flexible, este anillo sin duda har\u00e1 la diferencia, con sus 7 funciones de vibraci\u00f3n, incluye pilas y repuesto.<\/p>\n<ul>\n<li>Material: Jelly<\/li>\n<li>7 Ritmos de vibraci\u00f3n<\/li>\n<li>Requiere 3 Pilas LR44 (Incluido)<\/li>\n<li>Reusable<\/li>\n<li>Impermeable<\/li>\n<li>Se expande a un m\u00e1ximo de un 70% su tama\u00f1o<\/li>\n<li>Medidas: Di\u00e1metro interno 2 cm \u2013 Di\u00e1metro externo 4 cm.<\/li>\n<\/ul>\n","protected":false},"excerpt":{"rendered":"<p>Anillo vibrador hecho a base de Jelly, un material altamente resistente pero suave y super flexible, este anillo sin duda har\u00e1 la diferencia, con sus 7 funciones de vibraci\u00f3n, incluye pilas y repuesto. Material: Jelly 7 Ritmos de vibraci\u00f3n Requiere 3 Pilas LR44 (Incluido) Reusable Impermeable Se expande a un m\u00e1ximo de un 70% su [&hellip;]<\/p>\n","protected":false},"featured_media":1429,"comment_status":"open","ping_status":"closed","template":"","meta":[],"product_brand":[],"product_cat":[36,44],"product_tag":[],"class_list":{"0":"post-1428","1":"product","2":"type-product","3":"status-publish","4":"has-post-thumbnail","6":"product_cat-anillos","7":"product_cat-clitorales","9":"first","10":"instock","11":"shipping-taxable","12":"purchasable","13":"product-type-simple"},"_links":{"self":[{"href":"https:\/\/tiendasamor.com\/index.php\/wp-json\/wp\/v2\/product\/1428","targetHints":{"allow":["GET"]}}],"collection":[{"href":"https:\/\/tiendasamor.com\/index.php\/wp-json\/wp\/v2\/product"}],"about":[{"href":"https:\/\/tiendasamor.com\/index.php\/wp-json\/wp\/v2\/types\/product"}],"replies":[{"embeddable":true,"href":"https:\/\/tiendasamor.com\/index.php\/wp-json\/wp\/v2\/comments?post=1428"}],"wp:featuredmedia":[{"embeddable":true,"href":"https:\/\/tiendasamor.com\/index.php\/wp-json\/wp\/v2\/media\/1429"}],"wp:attachment":[{"href":"https:\/\/tiendasamor.com\/index.php\/wp-json\/wp\/v2\/media?parent=1428"}],"wp:term":[{"taxonomy":"product_brand","embeddable":true,"href":"https:\/\/tiendasamor.com\/index.php\/wp-json\/wp\/v2\/product_brand?post=1428"},{"taxonomy":"product_cat","embeddable":true,"href":"https:\/\/tiendasamor.com\/index.php\/wp-json\/wp\/v2\/product_cat?post=1428"},{"taxonomy":"product_tag","embeddable":true,"href":"https:\/\/tiendasamor.com\/index.php\/wp-json\/wp\/v2\/product_tag?post=1428"}],"curies":[{"name":"wp","href":"https:\/\/api.w.org\/{rel}","templated":true}]}}