{"id":1421,"date":"2023-12-07T15:47:08","date_gmt":"2023-12-07T20:47:08","guid":{"rendered":"https:\/\/tiendasamor.com\/?post_type=product&#038;p=1421"},"modified":"2023-12-07T15:47:48","modified_gmt":"2023-12-07T20:47:48","slug":"anillo-recargable-noje-c3","status":"publish","type":"product","link":"https:\/\/tiendasamor.com\/index.php\/producto\/anillo-recargable-noje-c3\/","title":{"rendered":"Anillo  Recargable Noje C3"},"content":{"rendered":"<p>\u00a1Las suaves crestas de silicona y las fuertes vibraciones del Noje C3.<\/p>\n<p>Son una deliciosa adici\u00f3n a tu tiempo de juego! Las texturas estimulantes proporcionar\u00e1n una sensaci\u00f3n extra a un compa\u00f1ero, mientras que ambos disfrutar\u00e1n de las 10 funciones de vibraci\u00f3n profunda.<\/p>\n<p>\u00a1Un juguete perfecto para probar en multitud de posiciones! El vibrador de bala es recargable por USB y es a prueba de salpicaduras para una f\u00e1cil limpieza.<\/p>\n<p>Esta vibraci\u00f3n vers\u00e1til tambi\u00e9n se puede quitar del anillo para uso en solitario.<\/p>\n<p>El anillo est\u00e1 hecho de silicona curada con platino, la bala recargable est\u00e1 hecha de pl\u00e1stico ABS. Noje C3. es seguro para el cuerpo y libre de ftalatos.<\/p>\n<ul>\n<li>Material silicona medica suave y el\u00e1stica<\/li>\n<li><span data-spm-anchor-id=\"a2g0o.detail.1000023.i0.20b23662WyQTa9\">10 velocidades Vibraciones<\/span><\/li>\n<li>Cable USB recargable (Incluido)<\/li>\n<li>Impermeable<\/li>\n<li>No contiene fragancias, ftalatos, parafinas ni l\u00e1tex<\/li>\n<li>Di\u00e1metro exterior: \u00a05.1 cm \u2013 Di\u00e1metro interior: 3.2 cm<\/li>\n<li>Extensi\u00f3n vibratoria: 3 cm<\/li>\n<\/ul>\n","protected":false},"excerpt":{"rendered":"<p>\u00a1Las suaves crestas de silicona y las fuertes vibraciones del Noje C3. Son una deliciosa adici\u00f3n a tu tiempo de juego! Las texturas estimulantes proporcionar\u00e1n una sensaci\u00f3n extra a un compa\u00f1ero, mientras que ambos disfrutar\u00e1n de las 10 funciones de vibraci\u00f3n profunda. \u00a1Un juguete perfecto para probar en multitud de posiciones! El vibrador de bala [&hellip;]<\/p>\n","protected":false},"featured_media":1423,"comment_status":"open","ping_status":"closed","template":"","meta":[],"product_brand":[],"product_cat":[36,44],"product_tag":[],"class_list":{"0":"post-1421","1":"product","2":"type-product","3":"status-publish","4":"has-post-thumbnail","6":"product_cat-anillos","7":"product_cat-clitorales","9":"first","10":"instock","11":"shipping-taxable","12":"purchasable","13":"product-type-simple"},"_links":{"self":[{"href":"https:\/\/tiendasamor.com\/index.php\/wp-json\/wp\/v2\/product\/1421","targetHints":{"allow":["GET"]}}],"collection":[{"href":"https:\/\/tiendasamor.com\/index.php\/wp-json\/wp\/v2\/product"}],"about":[{"href":"https:\/\/tiendasamor.com\/index.php\/wp-json\/wp\/v2\/types\/product"}],"replies":[{"embeddable":true,"href":"https:\/\/tiendasamor.com\/index.php\/wp-json\/wp\/v2\/comments?post=1421"}],"wp:featuredmedia":[{"embeddable":true,"href":"https:\/\/tiendasamor.com\/index.php\/wp-json\/wp\/v2\/media\/1423"}],"wp:attachment":[{"href":"https:\/\/tiendasamor.com\/index.php\/wp-json\/wp\/v2\/media?parent=1421"}],"wp:term":[{"taxonomy":"product_brand","embeddable":true,"href":"https:\/\/tiendasamor.com\/index.php\/wp-json\/wp\/v2\/product_brand?post=1421"},{"taxonomy":"product_cat","embeddable":true,"href":"https:\/\/tiendasamor.com\/index.php\/wp-json\/wp\/v2\/product_cat?post=1421"},{"taxonomy":"product_tag","embeddable":true,"href":"https:\/\/tiendasamor.com\/index.php\/wp-json\/wp\/v2\/product_tag?post=1421"}],"curies":[{"name":"wp","href":"https:\/\/api.w.org\/{rel}","templated":true}]}}