{"id":1407,"date":"2023-12-07T13:46:19","date_gmt":"2023-12-07T18:46:19","guid":{"rendered":"https:\/\/tiendasamor.com\/?post_type=product&#038;p=1407"},"modified":"2024-05-15T12:58:22","modified_gmt":"2024-05-15T17:58:22","slug":"juego-ladies-night","status":"publish","type":"product","link":"https:\/\/tiendasamor.com\/index.php\/producto\/juego-ladies-night\/","title":{"rendered":"Juego Ladies Night"},"content":{"rendered":"<p>Elige, juega &amp; Divi\u00e9rtete: For the Girls<\/p>\n<p>Es el juego ideal pensado para una noche de solo chicas que quieran tener una noche \u00edntima y divertida.<\/p>\n<p>Es un Juego de preguntas y an\u00e9cdotas, algunos desaf\u00edos incluyen tomar tragos.<\/p>\n<p>Objetivo del juego: Cada jugadora deber\u00e1 juntar la mayor cantidad de cartas posibles, respondiendo o haciendo lo que las mismas indican. El resto de las chicas tienen la posibilidad de cuestionar y opinar sobre la respuesta de la jugadora y pueden decidir si se queda con la carta o no. Gana la jugadora que m\u00e1s cartas obtenga.<\/p>\n<ul>\n<li>Contiene: 80 Cartas, 4 Tem\u00e1ticas diferentes + 1 Dado<\/li>\n<li>Elige si quieres jugar a \u201cConfiesa\u201d, \u201cReto\u201d, \u00bfQu\u00e9 preferir\u00edas?, \u00bfQui\u00e9n de nosotras?<\/li>\n<li>Responde o cumple el reto y divi\u00e9rtete.<\/li>\n<li>De no querer responder o cumplir el reto deber\u00e1s tomar 1 shot de tu licor favorito<\/li>\n<\/ul>\n<p>No lo pienses m\u00e1s, adquiere el tuyo y comienza a disfrutar.<\/p>\n","protected":false},"excerpt":{"rendered":"<p>Elige, juega &amp; Divi\u00e9rtete: For the Girls Es el juego ideal pensado para una noche de solo chicas que quieran tener una noche \u00edntima y divertida. Es un Juego de preguntas y an\u00e9cdotas, algunos desaf\u00edos incluyen tomar tragos. Objetivo del juego: Cada jugadora deber\u00e1 juntar la mayor cantidad de cartas posibles, respondiendo o haciendo lo [&hellip;]<\/p>\n","protected":false},"featured_media":1408,"comment_status":"open","ping_status":"closed","template":"","meta":[],"product_brand":[],"product_cat":[20,58],"product_tag":[],"class_list":{"0":"post-1407","1":"product","2":"type-product","3":"status-publish","4":"has-post-thumbnail","6":"product_cat-bondage","7":"product_cat-cartas","9":"first","10":"instock","11":"shipping-taxable","12":"purchasable","13":"product-type-simple"},"_links":{"self":[{"href":"https:\/\/tiendasamor.com\/index.php\/wp-json\/wp\/v2\/product\/1407","targetHints":{"allow":["GET"]}}],"collection":[{"href":"https:\/\/tiendasamor.com\/index.php\/wp-json\/wp\/v2\/product"}],"about":[{"href":"https:\/\/tiendasamor.com\/index.php\/wp-json\/wp\/v2\/types\/product"}],"replies":[{"embeddable":true,"href":"https:\/\/tiendasamor.com\/index.php\/wp-json\/wp\/v2\/comments?post=1407"}],"wp:featuredmedia":[{"embeddable":true,"href":"https:\/\/tiendasamor.com\/index.php\/wp-json\/wp\/v2\/media\/1408"}],"wp:attachment":[{"href":"https:\/\/tiendasamor.com\/index.php\/wp-json\/wp\/v2\/media?parent=1407"}],"wp:term":[{"taxonomy":"product_brand","embeddable":true,"href":"https:\/\/tiendasamor.com\/index.php\/wp-json\/wp\/v2\/product_brand?post=1407"},{"taxonomy":"product_cat","embeddable":true,"href":"https:\/\/tiendasamor.com\/index.php\/wp-json\/wp\/v2\/product_cat?post=1407"},{"taxonomy":"product_tag","embeddable":true,"href":"https:\/\/tiendasamor.com\/index.php\/wp-json\/wp\/v2\/product_tag?post=1407"}],"curies":[{"name":"wp","href":"https:\/\/api.w.org\/{rel}","templated":true}]}}