{"id":1404,"date":"2023-12-07T13:42:30","date_gmt":"2023-12-07T18:42:30","guid":{"rendered":"https:\/\/tiendasamor.com\/?post_type=product&#038;p=1404"},"modified":"2023-12-07T13:42:30","modified_gmt":"2023-12-07T18:42:30","slug":"fur-lined-handcuffs","status":"publish","type":"product","link":"https:\/\/tiendasamor.com\/index.php\/producto\/fur-lined-handcuffs\/","title":{"rendered":"FUR-LINED HANDCUFFS"},"content":{"rendered":"<p>\u00a1Su noche de juego de roles, ahora asuma el puesto porque es hora de ponerse un poco traviesa!<\/p>\n<p>\u00bfQu\u00e9 tal la noche en que lo arrestas y le dices a tu amante que abra las piernas mientras t\u00fa, juguetona y seductora, encierras a tu amante con estas sexys esposas?<\/p>\n<p>Puede ajustar cada brazalete para garantizar un ajuste c\u00f3modo y una experiencia para el usuario.<\/p>\n<p>Con cerraduras en ambos pu\u00f1os, cada uno con una palanca de liberaci\u00f3n de seguridad y un juego de dos llaves que funcionan, estos sexys pu\u00f1os son una excelente manera de agregar diversi\u00f3n a tu dormitorio o simplemente a cualquier momento de juego,<\/p>\n<p>\u00a1dale sabor! Las llaves a juego funcionan para ambas cerraduras, as\u00ed que dele una a su amante y guarde otra en su joyero para guardarla.<\/p>\n<p>\u00a1Disfruta de estas noches de juegos de rol! \u00a1Puedes volver a tener el derecho a permanecer en silencio sobre ellos despu\u00e9s y t\u00fa y tu amante disfrutan de tu travieso secreto!<\/p>\n<p>&nbsp;<\/p>\n","protected":false},"excerpt":{"rendered":"<p>\u00a1Su noche de juego de roles, ahora asuma el puesto porque es hora de ponerse un poco traviesa! \u00bfQu\u00e9 tal la noche en que lo arrestas y le dices a tu amante que abra las piernas mientras t\u00fa, juguetona y seductora, encierras a tu amante con estas sexys esposas? Puede ajustar cada brazalete para garantizar [&hellip;]<\/p>\n","protected":false},"featured_media":1405,"comment_status":"open","ping_status":"closed","template":"","meta":[],"product_brand":[],"product_cat":[20,53],"product_tag":[],"class_list":{"0":"post-1404","1":"product","2":"type-product","3":"status-publish","4":"has-post-thumbnail","6":"product_cat-bondage","7":"product_cat-esposa","9":"first","10":"instock","11":"shipping-taxable","12":"purchasable","13":"product-type-simple"},"_links":{"self":[{"href":"https:\/\/tiendasamor.com\/index.php\/wp-json\/wp\/v2\/product\/1404","targetHints":{"allow":["GET"]}}],"collection":[{"href":"https:\/\/tiendasamor.com\/index.php\/wp-json\/wp\/v2\/product"}],"about":[{"href":"https:\/\/tiendasamor.com\/index.php\/wp-json\/wp\/v2\/types\/product"}],"replies":[{"embeddable":true,"href":"https:\/\/tiendasamor.com\/index.php\/wp-json\/wp\/v2\/comments?post=1404"}],"wp:featuredmedia":[{"embeddable":true,"href":"https:\/\/tiendasamor.com\/index.php\/wp-json\/wp\/v2\/media\/1405"}],"wp:attachment":[{"href":"https:\/\/tiendasamor.com\/index.php\/wp-json\/wp\/v2\/media?parent=1404"}],"wp:term":[{"taxonomy":"product_brand","embeddable":true,"href":"https:\/\/tiendasamor.com\/index.php\/wp-json\/wp\/v2\/product_brand?post=1404"},{"taxonomy":"product_cat","embeddable":true,"href":"https:\/\/tiendasamor.com\/index.php\/wp-json\/wp\/v2\/product_cat?post=1404"},{"taxonomy":"product_tag","embeddable":true,"href":"https:\/\/tiendasamor.com\/index.php\/wp-json\/wp\/v2\/product_tag?post=1404"}],"curies":[{"name":"wp","href":"https:\/\/api.w.org\/{rel}","templated":true}]}}