{"id":1400,"date":"2023-12-07T13:18:23","date_gmt":"2023-12-07T18:18:23","guid":{"rendered":"https:\/\/tiendasamor.com\/?post_type=product&#038;p=1400"},"modified":"2025-05-17T18:26:56","modified_gmt":"2025-05-17T23:26:56","slug":"50-pruebas-de-grey","status":"publish","type":"product","link":"https:\/\/tiendasamor.com\/index.php\/producto\/50-pruebas-de-grey\/","title":{"rendered":"50 Pruebas De Grey"},"content":{"rendered":"<p>Cincuenta Pruebas es un<strong>\u00a0excitante juego de roles<\/strong>\u00a0que te ayudar\u00e1 a darle un\u00a0<strong>toque especial<\/strong>\u00a0a las relaciones en pareja.<\/p>\n<p>Abre el tablero, lanza los dados y atr\u00e9vete a cumplir cada uno de los calientes retos que te convertir\u00e1n a ti y a tu pareja en los nuevos Christian Grey y Anastasia Steele.<\/p>\n<p>Excitante juego para parejas. Basada en la famosa trilog\u00eda. Con 50 entretenidas y ardientes pruebas er\u00f3ticas.<br \/>\nTras el fen\u00f3meno literario y su primera adaptaci\u00f3n al cine, la historia er\u00f3tica sadomasoquista \u201c50 Sombras de Grey\u201d llega al mundo de los juegos con una l\u00fadica rutina sexual para las parejas titulada \u201c50 Pruebas de Grey\u201d.<\/p>\n<p>Como todo un \u201cGrey\u201d, tu pareja deber\u00e1 ordenarle lo que debe hacer, en un juego lleno de sorpresas con el que podr\u00e1n dar rienda suelta a sus fantas\u00edas m\u00e1s exitantes. El juego consiste en tirar los dados, se avanzan las fichas en el tablero, se hace la acci\u00f3n que dice en el tablero en caso de caer en pruebas liberadas y cuarto rojo debes tomar una carta y realizar la prueba que aparezca en ella.<\/p>\n<p>El juego que te har\u00e1 vibrar!<\/p>\n<p>1 tablero de juego<br \/>\n1 dado y fichas<br \/>\n24 cartas de pruebas ( 12 pruebas \u201cLiberadas\u201d y 12 pruebas \u201cCuarto Rojo\u201d<br \/>\n1 Corbata<br \/>\nContrato de sumisi\u00f3n<br \/>\n1 Lazo de sat\u00e9n<br \/>\n1 Aceite corporal<\/p>\n","protected":false},"excerpt":{"rendered":"<p>Cincuenta Pruebas es un\u00a0excitante juego de roles\u00a0que te ayudar\u00e1 a darle un\u00a0toque especial\u00a0a las relaciones en pareja. Abre el tablero, lanza los dados y atr\u00e9vete a cumplir cada uno de los calientes retos que te convertir\u00e1n a ti y a tu pareja en los nuevos Christian Grey y Anastasia Steele. Excitante juego para parejas. Basada [&hellip;]<\/p>\n","protected":false},"featured_media":1401,"comment_status":"open","ping_status":"closed","template":"","meta":[],"product_brand":[],"product_cat":[20,58,53,55],"product_tag":[],"class_list":{"0":"post-1400","1":"product","2":"type-product","3":"status-publish","4":"has-post-thumbnail","6":"product_cat-bondage","7":"product_cat-cartas","8":"product_cat-esposa","9":"product_cat-latigos","11":"first","12":"instock","13":"shipping-taxable","14":"purchasable","15":"product-type-simple"},"_links":{"self":[{"href":"https:\/\/tiendasamor.com\/index.php\/wp-json\/wp\/v2\/product\/1400","targetHints":{"allow":["GET"]}}],"collection":[{"href":"https:\/\/tiendasamor.com\/index.php\/wp-json\/wp\/v2\/product"}],"about":[{"href":"https:\/\/tiendasamor.com\/index.php\/wp-json\/wp\/v2\/types\/product"}],"replies":[{"embeddable":true,"href":"https:\/\/tiendasamor.com\/index.php\/wp-json\/wp\/v2\/comments?post=1400"}],"wp:featuredmedia":[{"embeddable":true,"href":"https:\/\/tiendasamor.com\/index.php\/wp-json\/wp\/v2\/media\/1401"}],"wp:attachment":[{"href":"https:\/\/tiendasamor.com\/index.php\/wp-json\/wp\/v2\/media?parent=1400"}],"wp:term":[{"taxonomy":"product_brand","embeddable":true,"href":"https:\/\/tiendasamor.com\/index.php\/wp-json\/wp\/v2\/product_brand?post=1400"},{"taxonomy":"product_cat","embeddable":true,"href":"https:\/\/tiendasamor.com\/index.php\/wp-json\/wp\/v2\/product_cat?post=1400"},{"taxonomy":"product_tag","embeddable":true,"href":"https:\/\/tiendasamor.com\/index.php\/wp-json\/wp\/v2\/product_tag?post=1400"}],"curies":[{"name":"wp","href":"https:\/\/api.w.org\/{rel}","templated":true}]}}