{"id":1390,"date":"2023-12-07T13:14:22","date_gmt":"2023-12-07T18:14:22","guid":{"rendered":"https:\/\/tiendasamor.com\/?post_type=product&#038;p=1390"},"modified":"2023-12-07T13:14:22","modified_gmt":"2023-12-07T18:14:22","slug":"kamasutra-hetero-juego-de-cartas","status":"publish","type":"product","link":"https:\/\/tiendasamor.com\/index.php\/producto\/kamasutra-hetero-juego-de-cartas\/","title":{"rendered":"Kamasutra H\u00e9tero Juego de Cartas"},"content":{"rendered":"<p>Una de las claves de mantener la pasi\u00f3n en la pareja pasa por innovar.<\/p>\n<p>Hacer siempre las mismas posturas, los mismos preliminares o las mismas caricias, termina siendo algo aburrido y muy mon\u00f3tono y puede perjudicar la intimidad de toda relaci\u00f3n, por eso traemos el Kamasutra H\u00e9tero Challenge.<\/p>\n<p>Se trata de un divertid\u00edsimo juego que les dir\u00e1, seg\u00fan el humor y las ganas que tengan, c\u00f3mo proceder en la cama con diferentes poses sexuales. Y ojo, porque los resultados son casi ilimitados. \u00a1Es hora de practicar e innovar!<\/p>\n<ul>\n<li>Cartas de poses<\/li>\n<li>Cartas de retos<\/li>\n<\/ul>\n","protected":false},"excerpt":{"rendered":"<p>Una de las claves de mantener la pasi\u00f3n en la pareja pasa por innovar. Hacer siempre las mismas posturas, los mismos preliminares o las mismas caricias, termina siendo algo aburrido y muy mon\u00f3tono y puede perjudicar la intimidad de toda relaci\u00f3n, por eso traemos el Kamasutra H\u00e9tero Challenge. Se trata de un divertid\u00edsimo juego que [&hellip;]<\/p>\n","protected":false},"featured_media":1399,"comment_status":"open","ping_status":"closed","template":"","meta":[],"product_brand":[],"product_cat":[20,58,59],"product_tag":[],"class_list":{"0":"post-1390","1":"product","2":"type-product","3":"status-publish","4":"has-post-thumbnail","6":"product_cat-bondage","7":"product_cat-cartas","8":"product_cat-kama-sutra","10":"first","11":"instock","12":"shipping-taxable","13":"purchasable","14":"product-type-simple"},"_links":{"self":[{"href":"https:\/\/tiendasamor.com\/index.php\/wp-json\/wp\/v2\/product\/1390","targetHints":{"allow":["GET"]}}],"collection":[{"href":"https:\/\/tiendasamor.com\/index.php\/wp-json\/wp\/v2\/product"}],"about":[{"href":"https:\/\/tiendasamor.com\/index.php\/wp-json\/wp\/v2\/types\/product"}],"replies":[{"embeddable":true,"href":"https:\/\/tiendasamor.com\/index.php\/wp-json\/wp\/v2\/comments?post=1390"}],"wp:featuredmedia":[{"embeddable":true,"href":"https:\/\/tiendasamor.com\/index.php\/wp-json\/wp\/v2\/media\/1399"}],"wp:attachment":[{"href":"https:\/\/tiendasamor.com\/index.php\/wp-json\/wp\/v2\/media?parent=1390"}],"wp:term":[{"taxonomy":"product_brand","embeddable":true,"href":"https:\/\/tiendasamor.com\/index.php\/wp-json\/wp\/v2\/product_brand?post=1390"},{"taxonomy":"product_cat","embeddable":true,"href":"https:\/\/tiendasamor.com\/index.php\/wp-json\/wp\/v2\/product_cat?post=1390"},{"taxonomy":"product_tag","embeddable":true,"href":"https:\/\/tiendasamor.com\/index.php\/wp-json\/wp\/v2\/product_tag?post=1390"}],"curies":[{"name":"wp","href":"https:\/\/api.w.org\/{rel}","templated":true}]}}