{"id":1383,"date":"2023-12-07T12:44:45","date_gmt":"2023-12-07T17:44:45","guid":{"rendered":"https:\/\/tiendasamor.com\/?post_type=product&#038;p=1383"},"modified":"2023-12-07T12:45:18","modified_gmt":"2023-12-07T17:45:18","slug":"water-spray-baile","status":"publish","type":"product","link":"https:\/\/tiendasamor.com\/index.php\/producto\/water-spray-baile\/","title":{"rendered":"Water Spray Baile"},"content":{"rendered":"<p>El juguete sexual\u00a0<strong>Water Spray<\/strong>\u00a0de la marca<em><strong>\u00a0Baile<\/strong>\u00a0<\/em>es un dispositivo dise\u00f1ado para proporcionar placer y sensaciones \u00fanicas a las personas.<\/p>\n<p>Este juguete cuenta con una funci\u00f3n de vibraci\u00f3n y un eyaculador, lo que permite a los usuarios experimentar con diferentes niveles de intensidad y patrones de vibraci\u00f3n.<\/p>\n<p>El Water Spray es alimentado con 2 bater\u00edas AA, lo que significa que no es necesario comprar bater\u00edas adicionales.<\/p>\n<p>El producto est\u00e1 hecho de una combinaci\u00f3n de ABS y TPR de alta calidad, lo que garantiza su seguridad y comodidad durante su uso, adem\u00e1s de tener un color similar al de la piel (carne) que lo hace m\u00e1s discreto.<\/p>\n<p>Con su dise\u00f1o ergon\u00f3mico y su variedad de modos de vibraci\u00f3n, este juguete sexual es una excelente opci\u00f3n para aquellos interesados en explorar nuevas formas de placer y sensaciones \u00fanicas, especialmente en el \u00e1rea de eyaculaci\u00f3n.<\/p>\n<p>Adem\u00e1s su dise\u00f1o permite un uso muy c\u00f3modo y f\u00e1cil de usar.<\/p>\n<ul class=\"goods_bnt_box\">\n<li class=\"clearfix\"><strong>Funci\u00f3n:\u00a0<\/strong>Vibraci\u00f3n, Eyaculador<\/li>\n<li class=\"clearfix\"><strong>Modo de suministro de energ\u00eda:\u00a0<\/strong>2 pilas AA<\/li>\n<li class=\"clearfix\"><strong>Material:\u00a0<\/strong>ABS de\u00a0TPR<\/li>\n<li class=\"clearfix\"><strong>color:<\/strong>\u00a0color carne<\/li>\n<\/ul>\n","protected":false},"excerpt":{"rendered":"<p>El juguete sexual\u00a0Water Spray\u00a0de la marca\u00a0Baile\u00a0es un dispositivo dise\u00f1ado para proporcionar placer y sensaciones \u00fanicas a las personas. Este juguete cuenta con una funci\u00f3n de vibraci\u00f3n y un eyaculador, lo que permite a los usuarios experimentar con diferentes niveles de intensidad y patrones de vibraci\u00f3n. El Water Spray es alimentado con 2 bater\u00edas AA, lo [&hellip;]<\/p>\n","protected":false},"featured_media":1384,"comment_status":"open","ping_status":"closed","template":"","meta":[],"product_brand":[],"product_cat":[29,27],"product_tag":[],"class_list":{"0":"post-1383","1":"product","2":"type-product","3":"status-publish","4":"has-post-thumbnail","6":"product_cat-consoladores-y-dildos","7":"product_cat-vibradores","9":"first","10":"instock","11":"shipping-taxable","12":"purchasable","13":"product-type-simple"},"_links":{"self":[{"href":"https:\/\/tiendasamor.com\/index.php\/wp-json\/wp\/v2\/product\/1383","targetHints":{"allow":["GET"]}}],"collection":[{"href":"https:\/\/tiendasamor.com\/index.php\/wp-json\/wp\/v2\/product"}],"about":[{"href":"https:\/\/tiendasamor.com\/index.php\/wp-json\/wp\/v2\/types\/product"}],"replies":[{"embeddable":true,"href":"https:\/\/tiendasamor.com\/index.php\/wp-json\/wp\/v2\/comments?post=1383"}],"wp:featuredmedia":[{"embeddable":true,"href":"https:\/\/tiendasamor.com\/index.php\/wp-json\/wp\/v2\/media\/1384"}],"wp:attachment":[{"href":"https:\/\/tiendasamor.com\/index.php\/wp-json\/wp\/v2\/media?parent=1383"}],"wp:term":[{"taxonomy":"product_brand","embeddable":true,"href":"https:\/\/tiendasamor.com\/index.php\/wp-json\/wp\/v2\/product_brand?post=1383"},{"taxonomy":"product_cat","embeddable":true,"href":"https:\/\/tiendasamor.com\/index.php\/wp-json\/wp\/v2\/product_cat?post=1383"},{"taxonomy":"product_tag","embeddable":true,"href":"https:\/\/tiendasamor.com\/index.php\/wp-json\/wp\/v2\/product_tag?post=1383"}],"curies":[{"name":"wp","href":"https:\/\/api.w.org\/{rel}","templated":true}]}}