{"id":1379,"date":"2023-12-07T12:33:14","date_gmt":"2023-12-07T17:33:14","guid":{"rendered":"https:\/\/tiendasamor.com\/?post_type=product&#038;p=1379"},"modified":"2023-12-07T12:33:14","modified_gmt":"2023-12-07T17:33:14","slug":"sync-passion-didi","status":"publish","type":"product","link":"https:\/\/tiendasamor.com\/index.php\/producto\/sync-passion-didi\/","title":{"rendered":"SYNC PASSION-DIDI"},"content":{"rendered":"<p>Te traemos una joya !!!!\u00a0Estimulaci\u00f3n del punto G Y simulaci\u00f3n oral de succi\u00f3n del cl\u00edtoris.\u00a0Compuesto por eje y extremo de aspiraci\u00f3n;\u00a0la doble funcionalidad que este juguete tiene para ofrecer seguramente te llevar\u00e1 al l\u00edmite.\u00a0El extremo del eje est\u00e1 dise\u00f1ado para la penetraci\u00f3n y la estimulaci\u00f3n simult\u00e1nea del punto G que ofrece el dise\u00f1o ergon\u00f3mico de extremo m\u00e1s ancho.\u00a0En el otro extremo del juguete hay un simulador oral de succi\u00f3n suave que realmente te har\u00e1 llorar por m\u00e1s.\u00a0Se controla a distancia, por lo que todo lo que tiene que hacer es preocuparse por colocarlo en el lugar correcto, luego relajarse y dejar que una presi\u00f3n del control remoto haga el resto.<\/p>\n<ul>\n<li>7 modos de vibraci\u00f3n<\/li>\n<li>Control remoto<\/li>\n<li>Impermeable<\/li>\n<li>Silicona + ABS<\/li>\n<li>Libre de ftalatos<\/li>\n<li>Resistente<\/li>\n<li>Medidas: 9.5cm x 3.1cm x 1.7cm<\/li>\n<\/ul>\n","protected":false},"excerpt":{"rendered":"<p>Te traemos una joya !!!!\u00a0Estimulaci\u00f3n del punto G Y simulaci\u00f3n oral de succi\u00f3n del cl\u00edtoris.\u00a0Compuesto por eje y extremo de aspiraci\u00f3n;\u00a0la doble funcionalidad que este juguete tiene para ofrecer seguramente te llevar\u00e1 al l\u00edmite.\u00a0El extremo del eje est\u00e1 dise\u00f1ado para la penetraci\u00f3n y la estimulaci\u00f3n simult\u00e1nea del punto G que ofrece el dise\u00f1o ergon\u00f3mico de [&hellip;]<\/p>\n","protected":false},"featured_media":1380,"comment_status":"open","ping_status":"closed","template":"","meta":[],"product_brand":[],"product_cat":[44],"product_tag":[],"class_list":{"0":"post-1379","1":"product","2":"type-product","3":"status-publish","4":"has-post-thumbnail","6":"product_cat-clitorales","8":"first","9":"instock","10":"shipping-taxable","11":"purchasable","12":"product-type-simple"},"_links":{"self":[{"href":"https:\/\/tiendasamor.com\/index.php\/wp-json\/wp\/v2\/product\/1379","targetHints":{"allow":["GET"]}}],"collection":[{"href":"https:\/\/tiendasamor.com\/index.php\/wp-json\/wp\/v2\/product"}],"about":[{"href":"https:\/\/tiendasamor.com\/index.php\/wp-json\/wp\/v2\/types\/product"}],"replies":[{"embeddable":true,"href":"https:\/\/tiendasamor.com\/index.php\/wp-json\/wp\/v2\/comments?post=1379"}],"wp:featuredmedia":[{"embeddable":true,"href":"https:\/\/tiendasamor.com\/index.php\/wp-json\/wp\/v2\/media\/1380"}],"wp:attachment":[{"href":"https:\/\/tiendasamor.com\/index.php\/wp-json\/wp\/v2\/media?parent=1379"}],"wp:term":[{"taxonomy":"product_brand","embeddable":true,"href":"https:\/\/tiendasamor.com\/index.php\/wp-json\/wp\/v2\/product_brand?post=1379"},{"taxonomy":"product_cat","embeddable":true,"href":"https:\/\/tiendasamor.com\/index.php\/wp-json\/wp\/v2\/product_cat?post=1379"},{"taxonomy":"product_tag","embeddable":true,"href":"https:\/\/tiendasamor.com\/index.php\/wp-json\/wp\/v2\/product_tag?post=1379"}],"curies":[{"name":"wp","href":"https:\/\/api.w.org\/{rel}","templated":true}]}}