{"id":1375,"date":"2023-12-07T12:23:47","date_gmt":"2023-12-07T17:23:47","guid":{"rendered":"https:\/\/tiendasamor.com\/?post_type=product&#038;p=1375"},"modified":"2023-12-07T12:23:47","modified_gmt":"2023-12-07T17:23:47","slug":"pretty-love-elvira","status":"publish","type":"product","link":"https:\/\/tiendasamor.com\/index.php\/producto\/pretty-love-elvira\/","title":{"rendered":"Pretty Love Elvira"},"content":{"rendered":"<div id=\"smarthint-product-position3\">\n<p>Pretty Love Elvira es un vibro en forma de c\u00e1psula, est\u00e1 hecho de silicona de alta calidad con un tacto aterciopelado.\u00a0Elvira es supermoderna y se puede controlar mediante Smartphone, v\u00eda App de una forma sencilla.<\/p>\n<p>Tiene 12 modos de vibraci\u00f3n predeterminados, m\u00e1s 1 modo de vibraci\u00f3n libre en este modo usas la tele del smartphone como panel de creaci\u00f3n, pues t\u00fa determinar\u00e1s la forma en que vibrar\u00e1 y tambi\u00e9n tiene el modo de m\u00fasica donde las vibraciones imitan la m\u00fasica que t\u00fa juega en tu smartphone!<\/p>\n<p>Todas estas caracter\u00edsticas te hacen tener una experiencia muy emocionante como nunca antes la hab\u00edas experimentado.<\/p>\n<\/div>\n<p>Modo de uso:<\/p>\n<p>Iphone: Para aquellos que tengan un iPhone o Smartphone con sistema IOS, dir\u00edjase a la App Store, escriba Pretty Love search, descargue la aplicaci\u00f3n, luego de descargar la aplicaci\u00f3n tendr\u00e1 que ir a configuraciones, administraci\u00f3n general y de dispositivos, all\u00ed autorizar\u00e1 el funcionamiento de la aplicaci\u00f3n, una vez hecho esto, encienda el bluetooth de su tel\u00e9fono inteligente y en el vibrador presione el bot\u00f3n de encendido hasta que la bola en la punta del vibrador se encienda, todav\u00eda no vibrar\u00e1, abra la aplicaci\u00f3n en su tel\u00e9fono inteligente, all\u00ed presione comenzar a buscar con bluetooth encendido, listo en segundos reconocer\u00e1 el vibrador y luego comenzar\u00e1 la diversi\u00f3n.<\/p>\n<p>Android: descargue cualquier aplicaci\u00f3n de lector de c\u00f3digos QR, abra esta aplicaci\u00f3n y escanee el c\u00f3digo QR, lo llevar\u00e1 autom\u00e1ticamente a la p\u00e1gina para descargar la aplicaci\u00f3n, despu\u00e9s de descargarla al abrir la aplicaci\u00f3n, le pedir\u00e1 que la autorice para que funcione, hecho esto encienda el bluetooth de su tel\u00e9fono inteligente y en el vibrador presione el bot\u00f3n de encendido hasta que la bola en la punta del vibrador se encienda, todav\u00eda no vibrar\u00e1, abra la aplicaci\u00f3n en su tel\u00e9fono inteligente, presione comenzar a buscar con bluetooth encendido, listo en segundos Ir\u00e1 reconociendo que el vibrador apenas comienza la diversi\u00f3n.<\/p>\n","protected":false},"excerpt":{"rendered":"<p>Pretty Love Elvira es un vibro en forma de c\u00e1psula, est\u00e1 hecho de silicona de alta calidad con un tacto aterciopelado.\u00a0Elvira es supermoderna y se puede controlar mediante Smartphone, v\u00eda App de una forma sencilla. Tiene 12 modos de vibraci\u00f3n predeterminados, m\u00e1s 1 modo de vibraci\u00f3n libre en este modo usas la tele del smartphone [&hellip;]<\/p>\n","protected":false},"featured_media":1376,"comment_status":"open","ping_status":"closed","template":"","meta":[],"product_brand":[],"product_cat":[40,44,62,27],"product_tag":[],"class_list":{"0":"post-1375","1":"product","2":"type-product","3":"status-publish","4":"has-post-thumbnail","6":"product_cat-bolas-chinas","7":"product_cat-clitorales","8":"product_cat-regalos","9":"product_cat-vibradores","11":"first","12":"instock","13":"shipping-taxable","14":"purchasable","15":"product-type-simple"},"_links":{"self":[{"href":"https:\/\/tiendasamor.com\/index.php\/wp-json\/wp\/v2\/product\/1375","targetHints":{"allow":["GET"]}}],"collection":[{"href":"https:\/\/tiendasamor.com\/index.php\/wp-json\/wp\/v2\/product"}],"about":[{"href":"https:\/\/tiendasamor.com\/index.php\/wp-json\/wp\/v2\/types\/product"}],"replies":[{"embeddable":true,"href":"https:\/\/tiendasamor.com\/index.php\/wp-json\/wp\/v2\/comments?post=1375"}],"wp:featuredmedia":[{"embeddable":true,"href":"https:\/\/tiendasamor.com\/index.php\/wp-json\/wp\/v2\/media\/1376"}],"wp:attachment":[{"href":"https:\/\/tiendasamor.com\/index.php\/wp-json\/wp\/v2\/media?parent=1375"}],"wp:term":[{"taxonomy":"product_brand","embeddable":true,"href":"https:\/\/tiendasamor.com\/index.php\/wp-json\/wp\/v2\/product_brand?post=1375"},{"taxonomy":"product_cat","embeddable":true,"href":"https:\/\/tiendasamor.com\/index.php\/wp-json\/wp\/v2\/product_cat?post=1375"},{"taxonomy":"product_tag","embeddable":true,"href":"https:\/\/tiendasamor.com\/index.php\/wp-json\/wp\/v2\/product_tag?post=1375"}],"curies":[{"name":"wp","href":"https:\/\/api.w.org\/{rel}","templated":true}]}}