{"id":1361,"date":"2023-12-07T11:48:26","date_gmt":"2023-12-07T16:48:26","guid":{"rendered":"https:\/\/tiendasamor.com\/?post_type=product&#038;p=1361"},"modified":"2023-12-07T11:48:26","modified_gmt":"2023-12-07T16:48:26","slug":"my-first-mini-love-bullet","status":"publish","type":"product","link":"https:\/\/tiendasamor.com\/index.php\/producto\/my-first-mini-love-bullet\/","title":{"rendered":"My First Mini Love Bullet"},"content":{"rendered":"<p>Si es la primera vez que usar\u00e1s un juguete sexual y no sabes que elegir, esta puede ser tu mejor opci\u00f3n, los vibradores balas son discretos y potentes, de uso exclusivo para labios y cl\u00edtoris. Pru\u00e9balo antes o durante el acto sexual con tu pareja e incluso si te encuentras sola.<\/p>\n<ul>\n<li>7 Funciones de vibraci\u00f3n<\/li>\n<li>Material ABS<\/li>\n<li>F\u00e1cil uso y Limpieza<\/li>\n<li>Incluye pilas<\/li>\n<li>Largo: 5.5 cm \u2013 Ancho 1.3 cm<\/li>\n<\/ul>\n","protected":false},"excerpt":{"rendered":"<p>Si es la primera vez que usar\u00e1s un juguete sexual y no sabes que elegir, esta puede ser tu mejor opci\u00f3n, los vibradores balas son discretos y potentes, de uso exclusivo para labios y cl\u00edtoris. Pru\u00e9balo antes o durante el acto sexual con tu pareja e incluso si te encuentras sola. 7 Funciones de vibraci\u00f3n [&hellip;]<\/p>\n","protected":false},"featured_media":1362,"comment_status":"open","ping_status":"closed","template":"","meta":[],"product_brand":[],"product_cat":[44],"product_tag":[],"class_list":{"0":"post-1361","1":"product","2":"type-product","3":"status-publish","4":"has-post-thumbnail","6":"product_cat-clitorales","8":"first","9":"instock","10":"shipping-taxable","11":"purchasable","12":"product-type-simple"},"_links":{"self":[{"href":"https:\/\/tiendasamor.com\/index.php\/wp-json\/wp\/v2\/product\/1361","targetHints":{"allow":["GET"]}}],"collection":[{"href":"https:\/\/tiendasamor.com\/index.php\/wp-json\/wp\/v2\/product"}],"about":[{"href":"https:\/\/tiendasamor.com\/index.php\/wp-json\/wp\/v2\/types\/product"}],"replies":[{"embeddable":true,"href":"https:\/\/tiendasamor.com\/index.php\/wp-json\/wp\/v2\/comments?post=1361"}],"wp:featuredmedia":[{"embeddable":true,"href":"https:\/\/tiendasamor.com\/index.php\/wp-json\/wp\/v2\/media\/1362"}],"wp:attachment":[{"href":"https:\/\/tiendasamor.com\/index.php\/wp-json\/wp\/v2\/media?parent=1361"}],"wp:term":[{"taxonomy":"product_brand","embeddable":true,"href":"https:\/\/tiendasamor.com\/index.php\/wp-json\/wp\/v2\/product_brand?post=1361"},{"taxonomy":"product_cat","embeddable":true,"href":"https:\/\/tiendasamor.com\/index.php\/wp-json\/wp\/v2\/product_cat?post=1361"},{"taxonomy":"product_tag","embeddable":true,"href":"https:\/\/tiendasamor.com\/index.php\/wp-json\/wp\/v2\/product_tag?post=1361"}],"curies":[{"name":"wp","href":"https:\/\/api.w.org\/{rel}","templated":true}]}}