{"id":1352,"date":"2023-12-06T19:59:25","date_gmt":"2023-12-07T00:59:25","guid":{"rendered":"https:\/\/tiendasamor.com\/?post_type=product&#038;p=1352"},"modified":"2024-05-06T19:41:20","modified_gmt":"2024-05-07T00:41:20","slug":"jam-cokelife-sabor-cereza-35g","status":"publish","type":"product","link":"https:\/\/tiendasamor.com\/index.php\/producto\/jam-cokelife-sabor-cereza-35g\/","title":{"rendered":"Jam Cokelife Sabor Cereza 35g"},"content":{"rendered":"<p>El gel se puede utilizar en sexo oral, sexo masculino-femenino, sexo gay, sexo anal&#8230; tiene un sabor dulce, un aroma encantador, aumenta el calor<br \/>\n*Informaci\u00f3n del gel lubricante de cereza Cokelife Jam<br \/>\n*Volumen: 35g<br \/>\nComprar xtoy orange Productos \u00fanicos con los mejores precios del mercado.<br \/>\n*Ingredientes: Aceites esenciales est\u00e9riles, fragancias naturales, a base de agua.<br \/>\nEl dulce aroma ayuda a sublimar el amor, aumentando la calidez.<\/p>\n<p>Cokelife JamCheri: Buena suavidad, mayor absorci\u00f3n de calor, sabor a cereza, f\u00e1cil de limpiar.<\/p>\n<p>Gel lubricante de calentamiento r\u00e1pido, se puede usar para sexo oral Cokelife Jam 35g te brinda una sensaci\u00f3n c\u00e1lida y dulce:<br \/>\nusa el gel lubricante Cokelife Jam para aumentar el dulce sabor del amor.\u00a0El gel lubricante Cokelife Jam tiene el efecto de lubricar y aumentar la humedad vaginal, facilitando las relaciones sexuales.<br \/>\nEl gel lubricante Cokelife Jam 35g se aplica en la vagina para ayudar a aumentar la humedad vaginal.\u00a0El gel lubricante calentador es adecuado para mujeres con piel seca y baja lubricaci\u00f3n vaginal.<\/p>\n","protected":false},"excerpt":{"rendered":"<p>El gel se puede utilizar en sexo oral, sexo masculino-femenino, sexo gay, sexo anal&#8230; tiene un sabor dulce, un aroma encantador, aumenta el calor *Informaci\u00f3n del gel lubricante de cereza Cokelife Jam *Volumen: 35g Comprar xtoy orange Productos \u00fanicos con los mejores precios del mercado. *Ingredientes: Aceites esenciales est\u00e9riles, fragancias naturales, a base de agua. [&hellip;]<\/p>\n","protected":false},"featured_media":1359,"comment_status":"open","ping_status":"closed","template":"","meta":[],"product_brand":[],"product_cat":[35,23],"product_tag":[],"class_list":{"0":"post-1352","1":"product","2":"type-product","3":"status-publish","4":"has-post-thumbnail","6":"product_cat-anales","7":"product_cat-lubricantes","9":"first","10":"instock","11":"shipping-taxable","12":"purchasable","13":"product-type-simple"},"_links":{"self":[{"href":"https:\/\/tiendasamor.com\/index.php\/wp-json\/wp\/v2\/product\/1352","targetHints":{"allow":["GET"]}}],"collection":[{"href":"https:\/\/tiendasamor.com\/index.php\/wp-json\/wp\/v2\/product"}],"about":[{"href":"https:\/\/tiendasamor.com\/index.php\/wp-json\/wp\/v2\/types\/product"}],"replies":[{"embeddable":true,"href":"https:\/\/tiendasamor.com\/index.php\/wp-json\/wp\/v2\/comments?post=1352"}],"wp:featuredmedia":[{"embeddable":true,"href":"https:\/\/tiendasamor.com\/index.php\/wp-json\/wp\/v2\/media\/1359"}],"wp:attachment":[{"href":"https:\/\/tiendasamor.com\/index.php\/wp-json\/wp\/v2\/media?parent=1352"}],"wp:term":[{"taxonomy":"product_brand","embeddable":true,"href":"https:\/\/tiendasamor.com\/index.php\/wp-json\/wp\/v2\/product_brand?post=1352"},{"taxonomy":"product_cat","embeddable":true,"href":"https:\/\/tiendasamor.com\/index.php\/wp-json\/wp\/v2\/product_cat?post=1352"},{"taxonomy":"product_tag","embeddable":true,"href":"https:\/\/tiendasamor.com\/index.php\/wp-json\/wp\/v2\/product_tag?post=1352"}],"curies":[{"name":"wp","href":"https:\/\/api.w.org\/{rel}","templated":true}]}}