{"id":1343,"date":"2023-12-06T18:35:27","date_gmt":"2023-12-06T23:35:27","guid":{"rendered":"https:\/\/tiendasamor.com\/?post_type=product&#038;p=1343"},"modified":"2023-12-06T18:35:27","modified_gmt":"2023-12-06T23:35:27","slug":"pretty-love-anillo-davion","status":"publish","type":"product","link":"https:\/\/tiendasamor.com\/index.php\/producto\/pretty-love-anillo-davion\/","title":{"rendered":"Pretty Love Anillo Davion"},"content":{"rendered":"<p id=\"tw-target-text\" class=\"tw-data-text tw-text-large tw-ta\" dir=\"ltr\" data-placeholder=\"Traducci\u00f3n\"><span class=\"Y2IQFc\" lang=\"es\">Transforma tu pene en un conejo vibrador.<\/span><\/p>\n<p class=\"tw-data-text tw-text-large tw-ta\" dir=\"ltr\" data-placeholder=\"Traducci\u00f3n\"><span class=\"Y2IQFc\" lang=\"es\"> Atrapa el flujo de sangre en su erecci\u00f3n para mantenerla dura y mejorar su poder de permanencia para que ambos puedan disfrutar de sexo m\u00e1s duradero. <\/span><\/p>\n<p class=\"tw-data-text tw-text-large tw-ta\" dir=\"ltr\" data-placeholder=\"Traducci\u00f3n\"><span class=\"Y2IQFc\" lang=\"es\">El vibrador de bala se sostiene debajo del est\u00edmulo del cl\u00edtoris del conejo y enviar\u00e1 sensaciones lujosas a trav\u00e9s del estimulador y dentro del cl\u00edtoris de su pareja con cada empuje.<\/span><\/p>\n","protected":false},"excerpt":{"rendered":"<p>Transforma tu pene en un conejo vibrador. Atrapa el flujo de sangre en su erecci\u00f3n para mantenerla dura y mejorar su poder de permanencia para que ambos puedan disfrutar de sexo m\u00e1s duradero. El vibrador de bala se sostiene debajo del est\u00edmulo del cl\u00edtoris del conejo y enviar\u00e1 sensaciones lujosas a trav\u00e9s del estimulador y [&hellip;]<\/p>\n","protected":false},"featured_media":1344,"comment_status":"open","ping_status":"closed","template":"","meta":[],"product_brand":[],"product_cat":[36,44],"product_tag":[],"class_list":{"0":"post-1343","1":"product","2":"type-product","3":"status-publish","4":"has-post-thumbnail","6":"product_cat-anillos","7":"product_cat-clitorales","9":"first","10":"instock","11":"shipping-taxable","12":"purchasable","13":"product-type-simple"},"_links":{"self":[{"href":"https:\/\/tiendasamor.com\/index.php\/wp-json\/wp\/v2\/product\/1343","targetHints":{"allow":["GET"]}}],"collection":[{"href":"https:\/\/tiendasamor.com\/index.php\/wp-json\/wp\/v2\/product"}],"about":[{"href":"https:\/\/tiendasamor.com\/index.php\/wp-json\/wp\/v2\/types\/product"}],"replies":[{"embeddable":true,"href":"https:\/\/tiendasamor.com\/index.php\/wp-json\/wp\/v2\/comments?post=1343"}],"wp:featuredmedia":[{"embeddable":true,"href":"https:\/\/tiendasamor.com\/index.php\/wp-json\/wp\/v2\/media\/1344"}],"wp:attachment":[{"href":"https:\/\/tiendasamor.com\/index.php\/wp-json\/wp\/v2\/media?parent=1343"}],"wp:term":[{"taxonomy":"product_brand","embeddable":true,"href":"https:\/\/tiendasamor.com\/index.php\/wp-json\/wp\/v2\/product_brand?post=1343"},{"taxonomy":"product_cat","embeddable":true,"href":"https:\/\/tiendasamor.com\/index.php\/wp-json\/wp\/v2\/product_cat?post=1343"},{"taxonomy":"product_tag","embeddable":true,"href":"https:\/\/tiendasamor.com\/index.php\/wp-json\/wp\/v2\/product_tag?post=1343"}],"curies":[{"name":"wp","href":"https:\/\/api.w.org\/{rel}","templated":true}]}}