{"id":1337,"date":"2023-12-06T17:48:23","date_gmt":"2023-12-06T22:48:23","guid":{"rendered":"https:\/\/tiendasamor.com\/?post_type=product&#038;p=1337"},"modified":"2023-12-06T17:50:49","modified_gmt":"2023-12-06T22:50:49","slug":"x-basic-power-clit-silicone-cockring","status":"publish","type":"product","link":"https:\/\/tiendasamor.com\/index.php\/producto\/x-basic-power-clit-silicone-cockring\/","title":{"rendered":"x-Basic Power Clit Silicone Cockring"},"content":{"rendered":"<p>Disfruta en pareja con este anillo vibrador para el pene con estimulador de cl\u00edtoris. Este anillo cuenta con una bala vibradora que os dar\u00e1 placer a ambos, pero no solo eso, sino que cuenta con dos peque\u00f1as orejitas de conejo que sirven como estimulador de cl\u00edtoris, perfecto para que la pareja completa pueda disfrutar el momento.<\/p>\n<ul>\n<li>\u00danica velocidad<\/li>\n<li>Anillo flexible<\/li>\n<li>Con estimulador de cl\u00edtoris<\/li>\n<li>Motor silencioso<\/li>\n<li>Silicona<\/li>\n<li>2 pilas LR41 (incluidas)<\/li>\n<li>Medidas: 7.5 cm x 3.5 cm<\/li>\n<\/ul>\n","protected":false},"excerpt":{"rendered":"<p>Disfruta en pareja con este anillo vibrador para el pene con estimulador de cl\u00edtoris. Este anillo cuenta con una bala vibradora que os dar\u00e1 placer a ambos, pero no solo eso, sino que cuenta con dos peque\u00f1as orejitas de conejo que sirven como estimulador de cl\u00edtoris, perfecto para que la pareja completa pueda disfrutar el [&hellip;]<\/p>\n","protected":false},"featured_media":1341,"comment_status":"open","ping_status":"closed","template":"","meta":[],"product_brand":[],"product_cat":[36,44],"product_tag":[],"class_list":{"0":"post-1337","1":"product","2":"type-product","3":"status-publish","4":"has-post-thumbnail","6":"product_cat-anillos","7":"product_cat-clitorales","9":"first","10":"instock","11":"shipping-taxable","12":"purchasable","13":"product-type-simple"},"_links":{"self":[{"href":"https:\/\/tiendasamor.com\/index.php\/wp-json\/wp\/v2\/product\/1337","targetHints":{"allow":["GET"]}}],"collection":[{"href":"https:\/\/tiendasamor.com\/index.php\/wp-json\/wp\/v2\/product"}],"about":[{"href":"https:\/\/tiendasamor.com\/index.php\/wp-json\/wp\/v2\/types\/product"}],"replies":[{"embeddable":true,"href":"https:\/\/tiendasamor.com\/index.php\/wp-json\/wp\/v2\/comments?post=1337"}],"wp:featuredmedia":[{"embeddable":true,"href":"https:\/\/tiendasamor.com\/index.php\/wp-json\/wp\/v2\/media\/1341"}],"wp:attachment":[{"href":"https:\/\/tiendasamor.com\/index.php\/wp-json\/wp\/v2\/media?parent=1337"}],"wp:term":[{"taxonomy":"product_brand","embeddable":true,"href":"https:\/\/tiendasamor.com\/index.php\/wp-json\/wp\/v2\/product_brand?post=1337"},{"taxonomy":"product_cat","embeddable":true,"href":"https:\/\/tiendasamor.com\/index.php\/wp-json\/wp\/v2\/product_cat?post=1337"},{"taxonomy":"product_tag","embeddable":true,"href":"https:\/\/tiendasamor.com\/index.php\/wp-json\/wp\/v2\/product_tag?post=1337"}],"curies":[{"name":"wp","href":"https:\/\/api.w.org\/{rel}","templated":true}]}}