{"id":1329,"date":"2023-12-06T17:34:40","date_gmt":"2023-12-06T22:34:40","guid":{"rendered":"https:\/\/tiendasamor.com\/?post_type=product&#038;p=1329"},"modified":"2023-12-06T18:02:53","modified_gmt":"2023-12-06T23:02:53","slug":"anillo-durex-intence-vibrations","status":"publish","type":"product","link":"https:\/\/tiendasamor.com\/index.php\/producto\/anillo-durex-intence-vibrations\/","title":{"rendered":"Anillo Durex Intence Vibrations"},"content":{"rendered":"<p>El anillo vibrador est\u00e1 dise\u00f1ado para llevar hasta 20 minutos de palpitante placer para ambos. Se puede usar con preservativos o sin \u00e9l. Incluye bater\u00edas. Resistente al agua. Sin sonido. Venta exclusiva para mayores de edad.<\/p>\n<ul>\n<li>Venta exclusiva para mayores de edad<\/li>\n<li>Abrir solamente en el momento de uso<\/li>\n<li>Puedes usarlo con o sin cond\u00f3n<\/li>\n<li>Leer manual antes de usarlo<\/li>\n<\/ul>\n","protected":false},"excerpt":{"rendered":"<p>El anillo vibrador est\u00e1 dise\u00f1ado para llevar hasta 20 minutos de palpitante placer para ambos. Se puede usar con preservativos o sin \u00e9l. Incluye bater\u00edas. Resistente al agua. Sin sonido. Venta exclusiva para mayores de edad. Venta exclusiva para mayores de edad Abrir solamente en el momento de uso Puedes usarlo con o sin cond\u00f3n [&hellip;]<\/p>\n","protected":false},"featured_media":1342,"comment_status":"open","ping_status":"closed","template":"","meta":[],"product_brand":[],"product_cat":[36,44],"product_tag":[],"class_list":{"0":"post-1329","1":"product","2":"type-product","3":"status-publish","4":"has-post-thumbnail","6":"product_cat-anillos","7":"product_cat-clitorales","9":"first","10":"instock","11":"shipping-taxable","12":"purchasable","13":"product-type-simple"},"_links":{"self":[{"href":"https:\/\/tiendasamor.com\/index.php\/wp-json\/wp\/v2\/product\/1329","targetHints":{"allow":["GET"]}}],"collection":[{"href":"https:\/\/tiendasamor.com\/index.php\/wp-json\/wp\/v2\/product"}],"about":[{"href":"https:\/\/tiendasamor.com\/index.php\/wp-json\/wp\/v2\/types\/product"}],"replies":[{"embeddable":true,"href":"https:\/\/tiendasamor.com\/index.php\/wp-json\/wp\/v2\/comments?post=1329"}],"wp:featuredmedia":[{"embeddable":true,"href":"https:\/\/tiendasamor.com\/index.php\/wp-json\/wp\/v2\/media\/1342"}],"wp:attachment":[{"href":"https:\/\/tiendasamor.com\/index.php\/wp-json\/wp\/v2\/media?parent=1329"}],"wp:term":[{"taxonomy":"product_brand","embeddable":true,"href":"https:\/\/tiendasamor.com\/index.php\/wp-json\/wp\/v2\/product_brand?post=1329"},{"taxonomy":"product_cat","embeddable":true,"href":"https:\/\/tiendasamor.com\/index.php\/wp-json\/wp\/v2\/product_cat?post=1329"},{"taxonomy":"product_tag","embeddable":true,"href":"https:\/\/tiendasamor.com\/index.php\/wp-json\/wp\/v2\/product_tag?post=1329"}],"curies":[{"name":"wp","href":"https:\/\/api.w.org\/{rel}","templated":true}]}}