{"id":1320,"date":"2023-12-06T17:14:47","date_gmt":"2023-12-06T22:14:47","guid":{"rendered":"https:\/\/tiendasamor.com\/?post_type=product&#038;p=1320"},"modified":"2023-12-06T17:15:07","modified_gmt":"2023-12-06T22:15:07","slug":"durex-climax-mutuo-caja-3-un","status":"publish","type":"product","link":"https:\/\/tiendasamor.com\/index.php\/producto\/durex-climax-mutuo-caja-3-un\/","title":{"rendered":"Durex Climax Mutuo Caja 3 UN"},"content":{"rendered":"<p>Los preservativos Durex Cl\u00edmax Mutuo, en la parte interior del preservativo contiene una crema que prolonga el placer y ayuda a retardar el cl\u00edmax, est\u00e1 lubricado con fluido de silic\u00f3n. Forma anat\u00f3mica. Venta exclusiva para mayores de edad. Lubricante especial (Benzocaina). Largo 195 mm, Ancho nominal 56 mm, espesor 0.065 mm.<\/p>\n<ul>\n<li>Largo 195 mm, Ancho 56 mm, espesor 0,065 mm (valores nominales)<\/li>\n<li>Lubricado con fluido de silic\u00f3n<\/li>\n<li>Ayuda a retardar el cl\u00edmax del hombre<\/li>\n<\/ul>\n","protected":false},"excerpt":{"rendered":"<p>Los preservativos Durex Cl\u00edmax Mutuo, en la parte interior del preservativo contiene una crema que prolonga el placer y ayuda a retardar el cl\u00edmax, est\u00e1 lubricado con fluido de silic\u00f3n. Forma anat\u00f3mica. Venta exclusiva para mayores de edad. Lubricante especial (Benzocaina). Largo 195 mm, Ancho nominal 56 mm, espesor 0.065 mm. Largo 195 mm, Ancho [&hellip;]<\/p>\n","protected":false},"featured_media":1321,"comment_status":"open","ping_status":"closed","template":"","meta":[],"product_brand":[],"product_cat":[22],"product_tag":[],"class_list":{"0":"post-1320","1":"product","2":"type-product","3":"status-publish","4":"has-post-thumbnail","6":"product_cat-preservativos","8":"first","9":"instock","10":"shipping-taxable","11":"purchasable","12":"product-type-simple"},"_links":{"self":[{"href":"https:\/\/tiendasamor.com\/index.php\/wp-json\/wp\/v2\/product\/1320","targetHints":{"allow":["GET"]}}],"collection":[{"href":"https:\/\/tiendasamor.com\/index.php\/wp-json\/wp\/v2\/product"}],"about":[{"href":"https:\/\/tiendasamor.com\/index.php\/wp-json\/wp\/v2\/types\/product"}],"replies":[{"embeddable":true,"href":"https:\/\/tiendasamor.com\/index.php\/wp-json\/wp\/v2\/comments?post=1320"}],"wp:featuredmedia":[{"embeddable":true,"href":"https:\/\/tiendasamor.com\/index.php\/wp-json\/wp\/v2\/media\/1321"}],"wp:attachment":[{"href":"https:\/\/tiendasamor.com\/index.php\/wp-json\/wp\/v2\/media?parent=1320"}],"wp:term":[{"taxonomy":"product_brand","embeddable":true,"href":"https:\/\/tiendasamor.com\/index.php\/wp-json\/wp\/v2\/product_brand?post=1320"},{"taxonomy":"product_cat","embeddable":true,"href":"https:\/\/tiendasamor.com\/index.php\/wp-json\/wp\/v2\/product_cat?post=1320"},{"taxonomy":"product_tag","embeddable":true,"href":"https:\/\/tiendasamor.com\/index.php\/wp-json\/wp\/v2\/product_tag?post=1320"}],"curies":[{"name":"wp","href":"https:\/\/api.w.org\/{rel}","templated":true}]}}