{"id":1314,"date":"2023-12-06T17:09:39","date_gmt":"2023-12-06T22:09:39","guid":{"rendered":"https:\/\/tiendasamor.com\/?post_type=product&#038;p=1314"},"modified":"2023-12-06T17:09:39","modified_gmt":"2023-12-06T22:09:39","slug":"durex-maximo-placer-caja-3-un","status":"publish","type":"product","link":"https:\/\/tiendasamor.com\/index.php\/producto\/durex-maximo-placer-caja-3-un\/","title":{"rendered":"Durex M\u00e1ximo Placer Caja 3 UN"},"content":{"rendered":"<p>Los preservativos Durex M\u00e1ximo Placer, est\u00e1 elaborado con l\u00e1tex natural, su dise\u00f1o texturizado con estr\u00edas y puntos ayudan a brindar una mayor estimulaci\u00f3n, est\u00e1 lubricado con fluido de silic\u00f3n. Su forma es anat\u00f3mica.<\/p>\n<ul>\n<li>Puntos y estr\u00edas que aceleran el cl\u00edmax<\/li>\n<li>Lubricado con fluido silic\u00f3n<\/li>\n<li>Material en l\u00e1tex natural<\/li>\n<\/ul>\n","protected":false},"excerpt":{"rendered":"<p>Los preservativos Durex M\u00e1ximo Placer, est\u00e1 elaborado con l\u00e1tex natural, su dise\u00f1o texturizado con estr\u00edas y puntos ayudan a brindar una mayor estimulaci\u00f3n, est\u00e1 lubricado con fluido de silic\u00f3n. Su forma es anat\u00f3mica. Puntos y estr\u00edas que aceleran el cl\u00edmax Lubricado con fluido silic\u00f3n Material en l\u00e1tex natural<\/p>\n","protected":false},"featured_media":1315,"comment_status":"open","ping_status":"closed","template":"","meta":[],"product_brand":[],"product_cat":[22],"product_tag":[],"class_list":{"0":"post-1314","1":"product","2":"type-product","3":"status-publish","4":"has-post-thumbnail","6":"product_cat-preservativos","8":"first","9":"instock","10":"shipping-taxable","11":"purchasable","12":"product-type-simple"},"_links":{"self":[{"href":"https:\/\/tiendasamor.com\/index.php\/wp-json\/wp\/v2\/product\/1314","targetHints":{"allow":["GET"]}}],"collection":[{"href":"https:\/\/tiendasamor.com\/index.php\/wp-json\/wp\/v2\/product"}],"about":[{"href":"https:\/\/tiendasamor.com\/index.php\/wp-json\/wp\/v2\/types\/product"}],"replies":[{"embeddable":true,"href":"https:\/\/tiendasamor.com\/index.php\/wp-json\/wp\/v2\/comments?post=1314"}],"wp:featuredmedia":[{"embeddable":true,"href":"https:\/\/tiendasamor.com\/index.php\/wp-json\/wp\/v2\/media\/1315"}],"wp:attachment":[{"href":"https:\/\/tiendasamor.com\/index.php\/wp-json\/wp\/v2\/media?parent=1314"}],"wp:term":[{"taxonomy":"product_brand","embeddable":true,"href":"https:\/\/tiendasamor.com\/index.php\/wp-json\/wp\/v2\/product_brand?post=1314"},{"taxonomy":"product_cat","embeddable":true,"href":"https:\/\/tiendasamor.com\/index.php\/wp-json\/wp\/v2\/product_cat?post=1314"},{"taxonomy":"product_tag","embeddable":true,"href":"https:\/\/tiendasamor.com\/index.php\/wp-json\/wp\/v2\/product_tag?post=1314"}],"curies":[{"name":"wp","href":"https:\/\/api.w.org\/{rel}","templated":true}]}}