{"id":1311,"date":"2023-12-06T17:05:09","date_gmt":"2023-12-06T22:05:09","guid":{"rendered":"https:\/\/tiendasamor.com\/?post_type=product&#038;p=1311"},"modified":"2023-12-06T17:05:32","modified_gmt":"2023-12-06T22:05:32","slug":"durex-invisible-caja-3-un","status":"publish","type":"product","link":"https:\/\/tiendasamor.com\/index.php\/producto\/durex-invisible-caja-3-un\/","title":{"rendered":"Durex Invisible Caja 3 UN"},"content":{"rendered":"<p>Los preservativos Durex Sensitivo Ultra Delgado, est\u00e1 dise\u00f1ado para brindar seguridad y confianza, es ultra delgado para brindar una mayor sensaci\u00f3n de placer. Es 20% m\u00e1s delgado que el Durex Cl\u00e1sico. Venta exclusiva para mayores de edad. Largo 180 mm, Ancho nominal 52 mm, espesor 0.052 mm.<\/p>\n<ul>\n<li>Venta exclusiva para mayores de edad<\/li>\n<li>Lubricado con fluido de silic\u00f3n<\/li>\n<li>Largo 180 mm, Ancho nominal 52 mm, espesor 0,052 mm (valores nominales)<\/li>\n<\/ul>\n","protected":false},"excerpt":{"rendered":"<p>Los preservativos Durex Sensitivo Ultra Delgado, est\u00e1 dise\u00f1ado para brindar seguridad y confianza, es ultra delgado para brindar una mayor sensaci\u00f3n de placer. Es 20% m\u00e1s delgado que el Durex Cl\u00e1sico. Venta exclusiva para mayores de edad. Largo 180 mm, Ancho nominal 52 mm, espesor 0.052 mm. Venta exclusiva para mayores de edad Lubricado con [&hellip;]<\/p>\n","protected":false},"featured_media":1312,"comment_status":"open","ping_status":"closed","template":"","meta":[],"product_brand":[],"product_cat":[22],"product_tag":[],"class_list":{"0":"post-1311","1":"product","2":"type-product","3":"status-publish","4":"has-post-thumbnail","6":"product_cat-preservativos","8":"first","9":"instock","10":"shipping-taxable","11":"purchasable","12":"product-type-simple"},"_links":{"self":[{"href":"https:\/\/tiendasamor.com\/index.php\/wp-json\/wp\/v2\/product\/1311","targetHints":{"allow":["GET"]}}],"collection":[{"href":"https:\/\/tiendasamor.com\/index.php\/wp-json\/wp\/v2\/product"}],"about":[{"href":"https:\/\/tiendasamor.com\/index.php\/wp-json\/wp\/v2\/types\/product"}],"replies":[{"embeddable":true,"href":"https:\/\/tiendasamor.com\/index.php\/wp-json\/wp\/v2\/comments?post=1311"}],"wp:featuredmedia":[{"embeddable":true,"href":"https:\/\/tiendasamor.com\/index.php\/wp-json\/wp\/v2\/media\/1312"}],"wp:attachment":[{"href":"https:\/\/tiendasamor.com\/index.php\/wp-json\/wp\/v2\/media?parent=1311"}],"wp:term":[{"taxonomy":"product_brand","embeddable":true,"href":"https:\/\/tiendasamor.com\/index.php\/wp-json\/wp\/v2\/product_brand?post=1311"},{"taxonomy":"product_cat","embeddable":true,"href":"https:\/\/tiendasamor.com\/index.php\/wp-json\/wp\/v2\/product_cat?post=1311"},{"taxonomy":"product_tag","embeddable":true,"href":"https:\/\/tiendasamor.com\/index.php\/wp-json\/wp\/v2\/product_tag?post=1311"}],"curies":[{"name":"wp","href":"https:\/\/api.w.org\/{rel}","templated":true}]}}