{"id":1308,"date":"2023-12-06T17:02:30","date_gmt":"2023-12-06T22:02:30","guid":{"rendered":"https:\/\/tiendasamor.com\/?post_type=product&#038;p=1308"},"modified":"2023-12-06T17:02:30","modified_gmt":"2023-12-06T22:02:30","slug":"durex-real-feel-caja-3-un","status":"publish","type":"product","link":"https:\/\/tiendasamor.com\/index.php\/producto\/durex-real-feel-caja-3-un\/","title":{"rendered":"Durex Real Feel Caja 3 UN"},"content":{"rendered":"<p>Los preservativos Durex Real Feel, est\u00e1 elaborado en l\u00e1tex sint\u00e9tico de poliisopreno ideal para personas al\u00e9rgicas al l\u00e1tex natural, brinda una sensaci\u00f3n de piel con piel haciendo que la experiencia sea m\u00e1s real. Lubricado con fluido de silic\u00f3n y forma anat\u00f3mica. Largo 195 mm, ancho nominal 56 mm. Abrir solamente en el momento de uso.<\/p>\n<ul>\n<li>L\u00e1tex sint\u00e9tico de polisopreno<\/li>\n<li>Ideal para personas al\u00e9rgicas al l\u00e1tex natural<\/li>\n<li>Largo 195 mm, Ancho nominal 56 mm<\/li>\n<\/ul>\n","protected":false},"excerpt":{"rendered":"<p>Los preservativos Durex Real Feel, est\u00e1 elaborado en l\u00e1tex sint\u00e9tico de poliisopreno ideal para personas al\u00e9rgicas al l\u00e1tex natural, brinda una sensaci\u00f3n de piel con piel haciendo que la experiencia sea m\u00e1s real. Lubricado con fluido de silic\u00f3n y forma anat\u00f3mica. Largo 195 mm, ancho nominal 56 mm. Abrir solamente en el momento de uso. [&hellip;]<\/p>\n","protected":false},"featured_media":1309,"comment_status":"open","ping_status":"closed","template":"","meta":[],"product_brand":[],"product_cat":[22],"product_tag":[],"class_list":{"0":"post-1308","1":"product","2":"type-product","3":"status-publish","4":"has-post-thumbnail","6":"product_cat-preservativos","8":"first","9":"instock","10":"shipping-taxable","11":"purchasable","12":"product-type-simple"},"_links":{"self":[{"href":"https:\/\/tiendasamor.com\/index.php\/wp-json\/wp\/v2\/product\/1308","targetHints":{"allow":["GET"]}}],"collection":[{"href":"https:\/\/tiendasamor.com\/index.php\/wp-json\/wp\/v2\/product"}],"about":[{"href":"https:\/\/tiendasamor.com\/index.php\/wp-json\/wp\/v2\/types\/product"}],"replies":[{"embeddable":true,"href":"https:\/\/tiendasamor.com\/index.php\/wp-json\/wp\/v2\/comments?post=1308"}],"wp:featuredmedia":[{"embeddable":true,"href":"https:\/\/tiendasamor.com\/index.php\/wp-json\/wp\/v2\/media\/1309"}],"wp:attachment":[{"href":"https:\/\/tiendasamor.com\/index.php\/wp-json\/wp\/v2\/media?parent=1308"}],"wp:term":[{"taxonomy":"product_brand","embeddable":true,"href":"https:\/\/tiendasamor.com\/index.php\/wp-json\/wp\/v2\/product_brand?post=1308"},{"taxonomy":"product_cat","embeddable":true,"href":"https:\/\/tiendasamor.com\/index.php\/wp-json\/wp\/v2\/product_cat?post=1308"},{"taxonomy":"product_tag","embeddable":true,"href":"https:\/\/tiendasamor.com\/index.php\/wp-json\/wp\/v2\/product_tag?post=1308"}],"curies":[{"name":"wp","href":"https:\/\/api.w.org\/{rel}","templated":true}]}}