{"id":1305,"date":"2023-12-06T16:58:04","date_gmt":"2023-12-06T21:58:04","guid":{"rendered":"https:\/\/tiendasamor.com\/?post_type=product&#038;p=1305"},"modified":"2023-12-06T16:59:05","modified_gmt":"2023-12-06T21:59:05","slug":"durex-extra-seguro-caja-3-un","status":"publish","type":"product","link":"https:\/\/tiendasamor.com\/index.php\/producto\/durex-extra-seguro-caja-3-un\/","title":{"rendered":"Durex Extra Seguro Caja 3 UN"},"content":{"rendered":"<p>Los preservativos Durex Extra Seguro est\u00e1n elaborado de l\u00e1tex natural, m\u00e1s grueso que los preservativos regulares para brindar mayor seguridad y confianza, su forma es anat\u00f3mica, cuenta con lubricante a base de agua.<\/p>\n<ul>\n<li>Dispositivo de barrera sexual.<\/li>\n<li>Lubricado<\/li>\n<li>caja de 3 unidades<\/li>\n<\/ul>\n","protected":false},"excerpt":{"rendered":"<p>Los preservativos Durex Extra Seguro est\u00e1n elaborado de l\u00e1tex natural, m\u00e1s grueso que los preservativos regulares para brindar mayor seguridad y confianza, su forma es anat\u00f3mica, cuenta con lubricante a base de agua. Dispositivo de barrera sexual. Lubricado caja de 3 unidades<\/p>\n","protected":false},"featured_media":1306,"comment_status":"open","ping_status":"closed","template":"","meta":[],"product_brand":[],"product_cat":[22],"product_tag":[],"class_list":{"0":"post-1305","1":"product","2":"type-product","3":"status-publish","4":"has-post-thumbnail","6":"product_cat-preservativos","8":"first","9":"instock","10":"shipping-taxable","11":"purchasable","12":"product-type-simple"},"_links":{"self":[{"href":"https:\/\/tiendasamor.com\/index.php\/wp-json\/wp\/v2\/product\/1305","targetHints":{"allow":["GET"]}}],"collection":[{"href":"https:\/\/tiendasamor.com\/index.php\/wp-json\/wp\/v2\/product"}],"about":[{"href":"https:\/\/tiendasamor.com\/index.php\/wp-json\/wp\/v2\/types\/product"}],"replies":[{"embeddable":true,"href":"https:\/\/tiendasamor.com\/index.php\/wp-json\/wp\/v2\/comments?post=1305"}],"wp:featuredmedia":[{"embeddable":true,"href":"https:\/\/tiendasamor.com\/index.php\/wp-json\/wp\/v2\/media\/1306"}],"wp:attachment":[{"href":"https:\/\/tiendasamor.com\/index.php\/wp-json\/wp\/v2\/media?parent=1305"}],"wp:term":[{"taxonomy":"product_brand","embeddable":true,"href":"https:\/\/tiendasamor.com\/index.php\/wp-json\/wp\/v2\/product_brand?post=1305"},{"taxonomy":"product_cat","embeddable":true,"href":"https:\/\/tiendasamor.com\/index.php\/wp-json\/wp\/v2\/product_cat?post=1305"},{"taxonomy":"product_tag","embeddable":true,"href":"https:\/\/tiendasamor.com\/index.php\/wp-json\/wp\/v2\/product_tag?post=1305"}],"curies":[{"name":"wp","href":"https:\/\/api.w.org\/{rel}","templated":true}]}}