{"id":1301,"date":"2023-12-06T16:45:25","date_gmt":"2023-12-06T21:45:25","guid":{"rendered":"https:\/\/tiendasamor.com\/?post_type=product&#038;p=1301"},"modified":"2023-12-06T16:45:25","modified_gmt":"2023-12-06T21:45:25","slug":"kit-bondage-7-piezas-negro","status":"publish","type":"product","link":"https:\/\/tiendasamor.com\/index.php\/producto\/kit-bondage-7-piezas-negro\/","title":{"rendered":"Kit bondage 7 Piezas Negro"},"content":{"rendered":"<p>Incre\u00edble Kit con el que podr\u00e1s explorar tus fantas\u00edas.<\/p>\n<p>\u00bfSientes que le falta emoci\u00f3n a tu relaci\u00f3n o simplemente tienes una fantas\u00eda de sumisi\u00f3n?<br \/>\nPensando en ti, lleg\u00f3 este fant\u00e1stico kit bondage de alta calidad y excelente acabado, son 10 piezas para jugar de diversas maneras. No dejes que la rutina acabe con tu relaci\u00f3n, juega con el y deja que el juegue contigo!<\/p>\n<p>1 par de esposas de mu\u00f1eca<br \/>\n1 par de esposas de tobillo<br \/>\n1 par de pinzas de pez\u00f3n<br \/>\n1 L\u00e1tigo (50cm \/ 19.69 \u00ab(Aprox.)<br \/>\n1 Collar y correa (correa: 110 cm \/ 43.31 \u00ab(aprox.)<br \/>\n1 Ojos vendados<br \/>\n1 Bola para la boca (Di\u00e1metro de la bola: 4.3 cm \/ 1.69 \u00ab(Aprox.)<\/p>\n","protected":false},"excerpt":{"rendered":"<p>Incre\u00edble Kit con el que podr\u00e1s explorar tus fantas\u00edas. \u00bfSientes que le falta emoci\u00f3n a tu relaci\u00f3n o simplemente tienes una fantas\u00eda de sumisi\u00f3n? Pensando en ti, lleg\u00f3 este fant\u00e1stico kit bondage de alta calidad y excelente acabado, son 10 piezas para jugar de diversas maneras. No dejes que la rutina acabe con tu relaci\u00f3n, [&hellip;]<\/p>\n","protected":false},"featured_media":1304,"comment_status":"open","ping_status":"closed","template":"","meta":[],"product_brand":[],"product_cat":[20,54,53,59,55,60],"product_tag":[],"class_list":{"0":"post-1301","1":"product","2":"type-product","3":"status-publish","4":"has-post-thumbnail","6":"product_cat-bondage","7":"product_cat-columpios","8":"product_cat-esposa","9":"product_cat-kama-sutra","10":"product_cat-latigos","11":"product_cat-mordazas-bondage","13":"first","14":"instock","15":"shipping-taxable","16":"purchasable","17":"product-type-simple"},"_links":{"self":[{"href":"https:\/\/tiendasamor.com\/index.php\/wp-json\/wp\/v2\/product\/1301","targetHints":{"allow":["GET"]}}],"collection":[{"href":"https:\/\/tiendasamor.com\/index.php\/wp-json\/wp\/v2\/product"}],"about":[{"href":"https:\/\/tiendasamor.com\/index.php\/wp-json\/wp\/v2\/types\/product"}],"replies":[{"embeddable":true,"href":"https:\/\/tiendasamor.com\/index.php\/wp-json\/wp\/v2\/comments?post=1301"}],"wp:featuredmedia":[{"embeddable":true,"href":"https:\/\/tiendasamor.com\/index.php\/wp-json\/wp\/v2\/media\/1304"}],"wp:attachment":[{"href":"https:\/\/tiendasamor.com\/index.php\/wp-json\/wp\/v2\/media?parent=1301"}],"wp:term":[{"taxonomy":"product_brand","embeddable":true,"href":"https:\/\/tiendasamor.com\/index.php\/wp-json\/wp\/v2\/product_brand?post=1301"},{"taxonomy":"product_cat","embeddable":true,"href":"https:\/\/tiendasamor.com\/index.php\/wp-json\/wp\/v2\/product_cat?post=1301"},{"taxonomy":"product_tag","embeddable":true,"href":"https:\/\/tiendasamor.com\/index.php\/wp-json\/wp\/v2\/product_tag?post=1301"}],"curies":[{"name":"wp","href":"https:\/\/api.w.org\/{rel}","templated":true}]}}