{"id":1298,"date":"2023-12-06T16:22:28","date_gmt":"2023-12-06T21:22:28","guid":{"rendered":"https:\/\/tiendasamor.com\/?post_type=product&#038;p=1298"},"modified":"2024-05-14T22:17:14","modified_gmt":"2024-05-15T03:17:14","slug":"kit-fetish-bondage-7-piezas-rojo","status":"publish","type":"product","link":"https:\/\/tiendasamor.com\/index.php\/producto\/kit-fetish-bondage-7-piezas-rojo\/","title":{"rendered":"Kit fetish bondage 7 Piezas Rojo"},"content":{"rendered":"<p>Kit Fetish Bondage de 7 piezas- sadomasoquismo:<\/p>\n<p>Mantenga a su amante en silencio y bajo control con este juego de adultos. Asegure a su amante, tome el control y explore sus fantas\u00edas fetichistas.<\/p>\n<p>Hecho de material de cuero sint\u00e9tico con felpa, completamente seguro y totalmente satisfactorio al tacto. Suave, c\u00f3modo, seguro y durable. Puede traerle la estimulaci\u00f3n sexual absoluta<\/p>\n<p>Este conjunto de restricciones de sujeci\u00f3n incluye l\u00e1tigo, cuerda, parche de ojos, pa\u00f1uelo para el cuello, pu\u00f1os de mano, mordaza de bola y cadena de pies.<\/p>\n<p>Longitud del l\u00e1tigo: 50cm<\/p>\n<p>Cuerda: 10m * 0.9cm<\/p>\n<p>Pu\u00f1os de mano: 30 * 5cm<\/p>\n<p>Cadenas de pies: 35 * 5 cm<\/p>\n<p>Mordaza de pelota: 4.5cm<\/p>\n","protected":false},"excerpt":{"rendered":"<p>Kit Fetish Bondage de 7 piezas- sadomasoquismo: Mantenga a su amante en silencio y bajo control con este juego de adultos. Asegure a su amante, tome el control y explore sus fantas\u00edas fetichistas. Hecho de material de cuero sint\u00e9tico con felpa, completamente seguro y totalmente satisfactorio al tacto. Suave, c\u00f3modo, seguro y durable. Puede traerle [&hellip;]<\/p>\n","protected":false},"featured_media":1299,"comment_status":"open","ping_status":"closed","template":"","meta":[],"product_brand":[],"product_cat":[20,53,59,55,60],"product_tag":[],"class_list":{"0":"post-1298","1":"product","2":"type-product","3":"status-publish","4":"has-post-thumbnail","6":"product_cat-bondage","7":"product_cat-esposa","8":"product_cat-kama-sutra","9":"product_cat-latigos","10":"product_cat-mordazas-bondage","12":"first","13":"instock","14":"shipping-taxable","15":"purchasable","16":"product-type-simple"},"_links":{"self":[{"href":"https:\/\/tiendasamor.com\/index.php\/wp-json\/wp\/v2\/product\/1298","targetHints":{"allow":["GET"]}}],"collection":[{"href":"https:\/\/tiendasamor.com\/index.php\/wp-json\/wp\/v2\/product"}],"about":[{"href":"https:\/\/tiendasamor.com\/index.php\/wp-json\/wp\/v2\/types\/product"}],"replies":[{"embeddable":true,"href":"https:\/\/tiendasamor.com\/index.php\/wp-json\/wp\/v2\/comments?post=1298"}],"wp:featuredmedia":[{"embeddable":true,"href":"https:\/\/tiendasamor.com\/index.php\/wp-json\/wp\/v2\/media\/1299"}],"wp:attachment":[{"href":"https:\/\/tiendasamor.com\/index.php\/wp-json\/wp\/v2\/media?parent=1298"}],"wp:term":[{"taxonomy":"product_brand","embeddable":true,"href":"https:\/\/tiendasamor.com\/index.php\/wp-json\/wp\/v2\/product_brand?post=1298"},{"taxonomy":"product_cat","embeddable":true,"href":"https:\/\/tiendasamor.com\/index.php\/wp-json\/wp\/v2\/product_cat?post=1298"},{"taxonomy":"product_tag","embeddable":true,"href":"https:\/\/tiendasamor.com\/index.php\/wp-json\/wp\/v2\/product_tag?post=1298"}],"curies":[{"name":"wp","href":"https:\/\/api.w.org\/{rel}","templated":true}]}}