{"id":1295,"date":"2023-12-06T16:01:09","date_gmt":"2023-12-06T21:01:09","guid":{"rendered":"https:\/\/tiendasamor.com\/?post_type=product&#038;p=1295"},"modified":"2023-12-06T16:01:09","modified_gmt":"2023-12-06T21:01:09","slug":"cojin-de-pierna-abierta","status":"publish","type":"product","link":"https:\/\/tiendasamor.com\/index.php\/producto\/cojin-de-pierna-abierta\/","title":{"rendered":"Coj\u00edn de Pierna Abierta"},"content":{"rendered":"<p>Esponja de cuero PU BDSM para Bondage para adultos y parejas, coj\u00edn de pierna abierta, cuerdas de restricci\u00f3n para juego SM, Juguetes sexuales<\/p>\n","protected":false},"excerpt":{"rendered":"<p>Esponja de cuero PU BDSM para Bondage para adultos y parejas, coj\u00edn de pierna abierta, cuerdas de restricci\u00f3n para juego SM, Juguetes sexuales<\/p>\n","protected":false},"featured_media":1296,"comment_status":"open","ping_status":"closed","template":"","meta":[],"product_brand":[],"product_cat":[20,54,59],"product_tag":[],"class_list":{"0":"post-1295","1":"product","2":"type-product","3":"status-publish","4":"has-post-thumbnail","6":"product_cat-bondage","7":"product_cat-columpios","8":"product_cat-kama-sutra","10":"first","11":"instock","12":"shipping-taxable","13":"purchasable","14":"product-type-simple"},"_links":{"self":[{"href":"https:\/\/tiendasamor.com\/index.php\/wp-json\/wp\/v2\/product\/1295","targetHints":{"allow":["GET"]}}],"collection":[{"href":"https:\/\/tiendasamor.com\/index.php\/wp-json\/wp\/v2\/product"}],"about":[{"href":"https:\/\/tiendasamor.com\/index.php\/wp-json\/wp\/v2\/types\/product"}],"replies":[{"embeddable":true,"href":"https:\/\/tiendasamor.com\/index.php\/wp-json\/wp\/v2\/comments?post=1295"}],"wp:featuredmedia":[{"embeddable":true,"href":"https:\/\/tiendasamor.com\/index.php\/wp-json\/wp\/v2\/media\/1296"}],"wp:attachment":[{"href":"https:\/\/tiendasamor.com\/index.php\/wp-json\/wp\/v2\/media?parent=1295"}],"wp:term":[{"taxonomy":"product_brand","embeddable":true,"href":"https:\/\/tiendasamor.com\/index.php\/wp-json\/wp\/v2\/product_brand?post=1295"},{"taxonomy":"product_cat","embeddable":true,"href":"https:\/\/tiendasamor.com\/index.php\/wp-json\/wp\/v2\/product_cat?post=1295"},{"taxonomy":"product_tag","embeddable":true,"href":"https:\/\/tiendasamor.com\/index.php\/wp-json\/wp\/v2\/product_tag?post=1295"}],"curies":[{"name":"wp","href":"https:\/\/api.w.org\/{rel}","templated":true}]}}