{"id":1289,"date":"2023-12-06T15:50:21","date_gmt":"2023-12-06T20:50:21","guid":{"rendered":"https:\/\/tiendasamor.com\/?post_type=product&#038;p=1289"},"modified":"2023-12-06T15:50:21","modified_gmt":"2023-12-06T20:50:21","slug":"sado-fetich-manos-y-pies-con-soporte","status":"publish","type":"product","link":"https:\/\/tiendasamor.com\/index.php\/producto\/sado-fetich-manos-y-pies-con-soporte\/","title":{"rendered":"Sado Fetich Manos y Pies con Soporte"},"content":{"rendered":"<p>Para todos aquellos que disfrutan del Bondage, este accesorio no puede faltar. Son unas correas ajustables de manos y pies con velcro para mayor adaptabilidad al tama\u00f1o de las extremidades.<\/p>\n<p>Que no te miedo probar, transforma tu cama en un parque de pasi\u00f3n, atr\u00e9vete a controlar los movimientos de tu amante como nunca antes lo hab\u00edas hecho. Experimenta la emoci\u00f3n de la esclavitud con tu pareja y t\u00farnense el rol, en un minuto tu tienes el control, al siguiente, estar\u00e1s a merced de tu amante.<\/p>\n","protected":false},"excerpt":{"rendered":"<p>Para todos aquellos que disfrutan del Bondage, este accesorio no puede faltar. Son unas correas ajustables de manos y pies con velcro para mayor adaptabilidad al tama\u00f1o de las extremidades. Que no te miedo probar, transforma tu cama en un parque de pasi\u00f3n, atr\u00e9vete a controlar los movimientos de tu amante como nunca antes lo [&hellip;]<\/p>\n","protected":false},"featured_media":1290,"comment_status":"open","ping_status":"closed","template":"","meta":[],"product_brand":[],"product_cat":[20,54,59],"product_tag":[],"class_list":{"0":"post-1289","1":"product","2":"type-product","3":"status-publish","4":"has-post-thumbnail","6":"product_cat-bondage","7":"product_cat-columpios","8":"product_cat-kama-sutra","10":"first","11":"instock","12":"shipping-taxable","13":"purchasable","14":"product-type-simple"},"_links":{"self":[{"href":"https:\/\/tiendasamor.com\/index.php\/wp-json\/wp\/v2\/product\/1289","targetHints":{"allow":["GET"]}}],"collection":[{"href":"https:\/\/tiendasamor.com\/index.php\/wp-json\/wp\/v2\/product"}],"about":[{"href":"https:\/\/tiendasamor.com\/index.php\/wp-json\/wp\/v2\/types\/product"}],"replies":[{"embeddable":true,"href":"https:\/\/tiendasamor.com\/index.php\/wp-json\/wp\/v2\/comments?post=1289"}],"wp:featuredmedia":[{"embeddable":true,"href":"https:\/\/tiendasamor.com\/index.php\/wp-json\/wp\/v2\/media\/1290"}],"wp:attachment":[{"href":"https:\/\/tiendasamor.com\/index.php\/wp-json\/wp\/v2\/media?parent=1289"}],"wp:term":[{"taxonomy":"product_brand","embeddable":true,"href":"https:\/\/tiendasamor.com\/index.php\/wp-json\/wp\/v2\/product_brand?post=1289"},{"taxonomy":"product_cat","embeddable":true,"href":"https:\/\/tiendasamor.com\/index.php\/wp-json\/wp\/v2\/product_cat?post=1289"},{"taxonomy":"product_tag","embeddable":true,"href":"https:\/\/tiendasamor.com\/index.php\/wp-json\/wp\/v2\/product_tag?post=1289"}],"curies":[{"name":"wp","href":"https:\/\/api.w.org\/{rel}","templated":true}]}}