{"id":1286,"date":"2023-12-06T15:30:34","date_gmt":"2023-12-06T20:30:34","guid":{"rendered":"https:\/\/tiendasamor.com\/?post_type=product&#038;p=1286"},"modified":"2024-01-11T15:38:46","modified_gmt":"2024-01-11T20:38:46","slug":"kit-fetish-bondage-7-piezas","status":"publish","type":"product","link":"https:\/\/tiendasamor.com\/index.php\/producto\/kit-fetish-bondage-7-piezas\/","title":{"rendered":"Kit fetish bondage 7 Piezas"},"content":{"rendered":"<p>El Kit de Bondage y sadomasoquismo y fetichismo son t\u00e9cnicas er\u00f3ticas surgidas para la estimulaci\u00f3n sexual mediante la utilizaci\u00f3n de determinados objetos o elementos para provocar placer con una serie de juguetes que te ayudaran a tener el control absoluto de tu pareja. Si eres realmente atrevida solo tienes que utilizar este novedoso kit de bondage\u00a0 y sadomasoquismo que te permitir\u00e1 ser la persona dominante durante el acto sexual y tener una noche muy ardiente y apasionada. Solo deja volar tu imaginaci\u00f3n y saca ese lado agresivo.<\/p>\n<p>Kit Fetish Bondage de 7 piezas- sadomasoquismo:<\/p>\n<p>Mantenga a su amante en silencio y bajo control con este juego de adultos. Asegure a su amante, tome el control y explore sus fantas\u00edas fetichistas.<\/p>\n<p>Hecho de material de cuero sint\u00e9tico con felpa, completamente seguro y totalmente satisfactorio al tacto. Suave, c\u00f3modo, seguro y durable. Puede traerle la estimulaci\u00f3n sexual absoluta<\/p>\n<p>Este conjunto de restricciones de sujeci\u00f3n incluye l\u00e1tigo, cuerda, parche de ojos, pa\u00f1uelo para el cuello, pu\u00f1os de mano, mordaza de bola y cadena de pies.<\/p>\n<p>Longitud del l\u00e1tigo: 50cm<\/p>\n<p>Cuerda: 10m * 0.9cm<\/p>\n<p>Pu\u00f1os de mano: 30 * 5cm<\/p>\n<p>Cadenas de pies: 35 * 5 cm<\/p>\n<p>Mordaza de pelota: 4.5cm<\/p>\n<p>Colores: ROSADO<\/p>\n","protected":false},"excerpt":{"rendered":"<p>El Kit de Bondage y sadomasoquismo y fetichismo son t\u00e9cnicas er\u00f3ticas surgidas para la estimulaci\u00f3n sexual mediante la utilizaci\u00f3n de determinados objetos o elementos para provocar placer con una serie de juguetes que te ayudaran a tener el control absoluto de tu pareja. Si eres realmente atrevida solo tienes que utilizar este novedoso kit de [&hellip;]<\/p>\n","protected":false},"featured_media":1287,"comment_status":"open","ping_status":"closed","template":"","meta":[],"product_brand":[],"product_cat":[20,54,53,59,55,60],"product_tag":[],"class_list":{"0":"post-1286","1":"product","2":"type-product","3":"status-publish","4":"has-post-thumbnail","6":"product_cat-bondage","7":"product_cat-columpios","8":"product_cat-esposa","9":"product_cat-kama-sutra","10":"product_cat-latigos","11":"product_cat-mordazas-bondage","13":"first","14":"instock","15":"shipping-taxable","16":"purchasable","17":"product-type-simple"},"_links":{"self":[{"href":"https:\/\/tiendasamor.com\/index.php\/wp-json\/wp\/v2\/product\/1286","targetHints":{"allow":["GET"]}}],"collection":[{"href":"https:\/\/tiendasamor.com\/index.php\/wp-json\/wp\/v2\/product"}],"about":[{"href":"https:\/\/tiendasamor.com\/index.php\/wp-json\/wp\/v2\/types\/product"}],"replies":[{"embeddable":true,"href":"https:\/\/tiendasamor.com\/index.php\/wp-json\/wp\/v2\/comments?post=1286"}],"wp:featuredmedia":[{"embeddable":true,"href":"https:\/\/tiendasamor.com\/index.php\/wp-json\/wp\/v2\/media\/1287"}],"wp:attachment":[{"href":"https:\/\/tiendasamor.com\/index.php\/wp-json\/wp\/v2\/media?parent=1286"}],"wp:term":[{"taxonomy":"product_brand","embeddable":true,"href":"https:\/\/tiendasamor.com\/index.php\/wp-json\/wp\/v2\/product_brand?post=1286"},{"taxonomy":"product_cat","embeddable":true,"href":"https:\/\/tiendasamor.com\/index.php\/wp-json\/wp\/v2\/product_cat?post=1286"},{"taxonomy":"product_tag","embeddable":true,"href":"https:\/\/tiendasamor.com\/index.php\/wp-json\/wp\/v2\/product_tag?post=1286"}],"curies":[{"name":"wp","href":"https:\/\/api.w.org\/{rel}","templated":true}]}}