{"id":1269,"date":"2023-12-06T15:02:58","date_gmt":"2023-12-06T20:02:58","guid":{"rendered":"https:\/\/tiendasamor.com\/?post_type=product&#038;p=1269"},"modified":"2023-12-06T15:06:35","modified_gmt":"2023-12-06T20:06:35","slug":"fornicator-t-skin-real","status":"publish","type":"product","link":"https:\/\/tiendasamor.com\/index.php\/producto\/fornicator-t-skin-real\/","title":{"rendered":"Fornicator-T-skin ReaL"},"content":{"rendered":"<p>El tama\u00f1o de \u00e9ste Fornicator, est\u00e1 totalmente en la media para conseguir una r\u00e9plica de lo m\u00e1s realista. As\u00ed que, si llevas un tiempo ya buscando algo para poderte satisfacer t\u00fa sola y no has dado con el \u201cperfecto\u201d, acabas de encontrarlo<\/p>\n<ul>\n<li>Material: TPE<\/li>\n<li>Alto: 19cm<\/li>\n<li>Insertable: 17cm<\/li>\n<li>Ancho: 4cm<\/li>\n<\/ul>\n","protected":false},"excerpt":{"rendered":"<p>El tama\u00f1o de \u00e9ste Fornicator, est\u00e1 totalmente en la media para conseguir una r\u00e9plica de lo m\u00e1s realista. As\u00ed que, si llevas un tiempo ya buscando algo para poderte satisfacer t\u00fa sola y no has dado con el \u201cperfecto\u201d, acabas de encontrarlo Material: TPE Alto: 19cm Insertable: 17cm Ancho: 4cm<\/p>\n","protected":false},"featured_media":1272,"comment_status":"open","ping_status":"closed","template":"","meta":[],"product_brand":[],"product_cat":[29],"product_tag":[],"class_list":{"0":"post-1269","1":"product","2":"type-product","3":"status-publish","4":"has-post-thumbnail","6":"product_cat-consoladores-y-dildos","8":"first","9":"instock","10":"shipping-taxable","11":"purchasable","12":"product-type-simple"},"_links":{"self":[{"href":"https:\/\/tiendasamor.com\/index.php\/wp-json\/wp\/v2\/product\/1269","targetHints":{"allow":["GET"]}}],"collection":[{"href":"https:\/\/tiendasamor.com\/index.php\/wp-json\/wp\/v2\/product"}],"about":[{"href":"https:\/\/tiendasamor.com\/index.php\/wp-json\/wp\/v2\/types\/product"}],"replies":[{"embeddable":true,"href":"https:\/\/tiendasamor.com\/index.php\/wp-json\/wp\/v2\/comments?post=1269"}],"wp:featuredmedia":[{"embeddable":true,"href":"https:\/\/tiendasamor.com\/index.php\/wp-json\/wp\/v2\/media\/1272"}],"wp:attachment":[{"href":"https:\/\/tiendasamor.com\/index.php\/wp-json\/wp\/v2\/media?parent=1269"}],"wp:term":[{"taxonomy":"product_brand","embeddable":true,"href":"https:\/\/tiendasamor.com\/index.php\/wp-json\/wp\/v2\/product_brand?post=1269"},{"taxonomy":"product_cat","embeddable":true,"href":"https:\/\/tiendasamor.com\/index.php\/wp-json\/wp\/v2\/product_cat?post=1269"},{"taxonomy":"product_tag","embeddable":true,"href":"https:\/\/tiendasamor.com\/index.php\/wp-json\/wp\/v2\/product_tag?post=1269"}],"curies":[{"name":"wp","href":"https:\/\/api.w.org\/{rel}","templated":true}]}}