{"id":1262,"date":"2023-12-06T14:47:22","date_gmt":"2023-12-06T19:47:22","guid":{"rendered":"https:\/\/tiendasamor.com\/?post_type=product&#038;p=1262"},"modified":"2023-12-06T14:48:30","modified_gmt":"2023-12-06T19:48:30","slug":"gel-love-sensitive-tubo-120-g","status":"publish","type":"product","link":"https:\/\/tiendasamor.com\/index.php\/producto\/gel-love-sensitive-tubo-120-g\/","title":{"rendered":"Gel Love Sensitive Tubo 120 G"},"content":{"rendered":"<p>Lubricante especializado en reducir la fricci\u00f3n en los genitales al momento de tener contacto \u00edntimo. Sin Alcohol<\/p>\n<p>No usar en caso de hipersensibilidad al producto.<\/p>\n<p>Mantener fuera del alcance de los ni\u00f1os.<\/p>\n<ul>\n<li>Lubricante Vaginal.<\/li>\n<\/ul>\n","protected":false},"excerpt":{"rendered":"<p>Lubricante especializado en reducir la fricci\u00f3n en los genitales al momento de tener contacto \u00edntimo. Sin Alcohol No usar en caso de hipersensibilidad al producto. Mantener fuera del alcance de los ni\u00f1os. Lubricante Vaginal.<\/p>\n","protected":false},"featured_media":1265,"comment_status":"open","ping_status":"closed","template":"","meta":[],"product_brand":[],"product_cat":[23],"product_tag":[],"class_list":{"0":"post-1262","1":"product","2":"type-product","3":"status-publish","4":"has-post-thumbnail","6":"product_cat-lubricantes","8":"first","9":"instock","10":"shipping-taxable","11":"purchasable","12":"product-type-simple"},"_links":{"self":[{"href":"https:\/\/tiendasamor.com\/index.php\/wp-json\/wp\/v2\/product\/1262","targetHints":{"allow":["GET"]}}],"collection":[{"href":"https:\/\/tiendasamor.com\/index.php\/wp-json\/wp\/v2\/product"}],"about":[{"href":"https:\/\/tiendasamor.com\/index.php\/wp-json\/wp\/v2\/types\/product"}],"replies":[{"embeddable":true,"href":"https:\/\/tiendasamor.com\/index.php\/wp-json\/wp\/v2\/comments?post=1262"}],"wp:featuredmedia":[{"embeddable":true,"href":"https:\/\/tiendasamor.com\/index.php\/wp-json\/wp\/v2\/media\/1265"}],"wp:attachment":[{"href":"https:\/\/tiendasamor.com\/index.php\/wp-json\/wp\/v2\/media?parent=1262"}],"wp:term":[{"taxonomy":"product_brand","embeddable":true,"href":"https:\/\/tiendasamor.com\/index.php\/wp-json\/wp\/v2\/product_brand?post=1262"},{"taxonomy":"product_cat","embeddable":true,"href":"https:\/\/tiendasamor.com\/index.php\/wp-json\/wp\/v2\/product_cat?post=1262"},{"taxonomy":"product_tag","embeddable":true,"href":"https:\/\/tiendasamor.com\/index.php\/wp-json\/wp\/v2\/product_tag?post=1262"}],"curies":[{"name":"wp","href":"https:\/\/api.w.org\/{rel}","templated":true}]}}