{"id":1259,"date":"2023-12-06T14:37:13","date_gmt":"2023-12-06T19:37:13","guid":{"rendered":"https:\/\/tiendasamor.com\/?post_type=product&#038;p=1259"},"modified":"2023-12-06T14:37:13","modified_gmt":"2023-12-06T19:37:13","slug":"7-8-long-luna-iwhizz-balls-kegel","status":"publish","type":"product","link":"https:\/\/tiendasamor.com\/index.php\/producto\/7-8-long-luna-iwhizz-balls-kegel\/","title":{"rendered":"7.8 Long Luna iWhizz Balls Kegel"},"content":{"rendered":"<p>Estas bolas tonificadoras vaginales Luna est\u00e1n a punto de llevar tu placer sexual a nuevas alturas .<br \/>\nSimplemente use estas bolas de Kegel para una estimulaci\u00f3n discreta pero deliciosa y un entrenamiento interno incre\u00edble que le dar\u00e1 m\u00e1s control sobre los orgasmos, los suyos y los de \u00e9l.<\/p>\n<p>Simplemente aplique un poco de lubricante a base de agua e ins\u00e9rtelo alto en la vagina para un excelente entrenamiento interno. Cuanto m\u00e1s aprietes los m\u00fasculos del suelo p\u00e9lvico alrededor de las bolas, m\u00e1s tonificados estar\u00e1n, m\u00e1s tenso estar\u00e1s y m\u00e1s control tendr\u00e1s sobre tus orgasmos y los de \u00e9l.<\/p>\n<p><strong>Caracter\u00edsticas:<\/strong><\/p>\n<p>* 100% silicona de grado m\u00e9dico. 100% impermeable. Perfecto para ejercicios de Kegel.<br \/>\n* 7,8\u2033 de largo, 80 gramos<\/p>\n","protected":false},"excerpt":{"rendered":"<p>Estas bolas tonificadoras vaginales Luna est\u00e1n a punto de llevar tu placer sexual a nuevas alturas . Simplemente use estas bolas de Kegel para una estimulaci\u00f3n discreta pero deliciosa y un entrenamiento interno incre\u00edble que le dar\u00e1 m\u00e1s control sobre los orgasmos, los suyos y los de \u00e9l. Simplemente aplique un poco de lubricante a [&hellip;]<\/p>\n","protected":false},"featured_media":1260,"comment_status":"open","ping_status":"closed","template":"","meta":[],"product_brand":[],"product_cat":[40],"product_tag":[],"class_list":{"0":"post-1259","1":"product","2":"type-product","3":"status-publish","4":"has-post-thumbnail","6":"product_cat-bolas-chinas","8":"first","9":"instock","10":"shipping-taxable","11":"purchasable","12":"product-type-simple"},"_links":{"self":[{"href":"https:\/\/tiendasamor.com\/index.php\/wp-json\/wp\/v2\/product\/1259","targetHints":{"allow":["GET"]}}],"collection":[{"href":"https:\/\/tiendasamor.com\/index.php\/wp-json\/wp\/v2\/product"}],"about":[{"href":"https:\/\/tiendasamor.com\/index.php\/wp-json\/wp\/v2\/types\/product"}],"replies":[{"embeddable":true,"href":"https:\/\/tiendasamor.com\/index.php\/wp-json\/wp\/v2\/comments?post=1259"}],"wp:featuredmedia":[{"embeddable":true,"href":"https:\/\/tiendasamor.com\/index.php\/wp-json\/wp\/v2\/media\/1260"}],"wp:attachment":[{"href":"https:\/\/tiendasamor.com\/index.php\/wp-json\/wp\/v2\/media?parent=1259"}],"wp:term":[{"taxonomy":"product_brand","embeddable":true,"href":"https:\/\/tiendasamor.com\/index.php\/wp-json\/wp\/v2\/product_brand?post=1259"},{"taxonomy":"product_cat","embeddable":true,"href":"https:\/\/tiendasamor.com\/index.php\/wp-json\/wp\/v2\/product_cat?post=1259"},{"taxonomy":"product_tag","embeddable":true,"href":"https:\/\/tiendasamor.com\/index.php\/wp-json\/wp\/v2\/product_tag?post=1259"}],"curies":[{"name":"wp","href":"https:\/\/api.w.org\/{rel}","templated":true}]}}