{"id":1254,"date":"2023-12-06T14:21:24","date_gmt":"2023-12-06T19:21:24","guid":{"rendered":"https:\/\/tiendasamor.com\/?post_type=product&#038;p=1254"},"modified":"2023-12-06T14:21:24","modified_gmt":"2023-12-06T19:21:24","slug":"bolas-chinas-vibradoras-werner","status":"publish","type":"product","link":"https:\/\/tiendasamor.com\/index.php\/producto\/bolas-chinas-vibradoras-werner\/","title":{"rendered":"Bolas Chinas Vibradoras Werner"},"content":{"rendered":"<p>Este juguete sexual recargable ofrece un placer incre\u00edble junto con un eficaz entrenamiento interior.\u00a0Una vez insertadas, estas bolas estimular\u00e1n tus terminaciones nerviosas internas.\u00a0Esta sensaci\u00f3n no s\u00f3lo complacer\u00e1 tus sentidos, sino que provocar\u00e1 ligeras contracciones en los m\u00fasculos que a su vez promover\u00e1n una vagina firme y fuerte.<\/p>\n<ul>\n<li>Material seguro, silicona m\u00e9dica<\/li>\n<li>Bater\u00eda USB recargable<\/li>\n<li>Motor potente<\/li>\n<li>12 funciones de vibraci\u00f3n<\/li>\n<li>Largo total: 20.5 cm \u2013 Insertable: 9 cm \u2013 Ancho: 3.4 cm<\/li>\n<\/ul>\n","protected":false},"excerpt":{"rendered":"<p>Este juguete sexual recargable ofrece un placer incre\u00edble junto con un eficaz entrenamiento interior.\u00a0Una vez insertadas, estas bolas estimular\u00e1n tus terminaciones nerviosas internas.\u00a0Esta sensaci\u00f3n no s\u00f3lo complacer\u00e1 tus sentidos, sino que provocar\u00e1 ligeras contracciones en los m\u00fasculos que a su vez promover\u00e1n una vagina firme y fuerte. Material seguro, silicona m\u00e9dica Bater\u00eda USB recargable Motor [&hellip;]<\/p>\n","protected":false},"featured_media":1255,"comment_status":"open","ping_status":"closed","template":"","meta":[],"product_brand":[],"product_cat":[40],"product_tag":[],"class_list":{"0":"post-1254","1":"product","2":"type-product","3":"status-publish","4":"has-post-thumbnail","6":"product_cat-bolas-chinas","8":"first","9":"instock","10":"shipping-taxable","11":"purchasable","12":"product-type-simple"},"_links":{"self":[{"href":"https:\/\/tiendasamor.com\/index.php\/wp-json\/wp\/v2\/product\/1254","targetHints":{"allow":["GET"]}}],"collection":[{"href":"https:\/\/tiendasamor.com\/index.php\/wp-json\/wp\/v2\/product"}],"about":[{"href":"https:\/\/tiendasamor.com\/index.php\/wp-json\/wp\/v2\/types\/product"}],"replies":[{"embeddable":true,"href":"https:\/\/tiendasamor.com\/index.php\/wp-json\/wp\/v2\/comments?post=1254"}],"wp:featuredmedia":[{"embeddable":true,"href":"https:\/\/tiendasamor.com\/index.php\/wp-json\/wp\/v2\/media\/1255"}],"wp:attachment":[{"href":"https:\/\/tiendasamor.com\/index.php\/wp-json\/wp\/v2\/media?parent=1254"}],"wp:term":[{"taxonomy":"product_brand","embeddable":true,"href":"https:\/\/tiendasamor.com\/index.php\/wp-json\/wp\/v2\/product_brand?post=1254"},{"taxonomy":"product_cat","embeddable":true,"href":"https:\/\/tiendasamor.com\/index.php\/wp-json\/wp\/v2\/product_cat?post=1254"},{"taxonomy":"product_tag","embeddable":true,"href":"https:\/\/tiendasamor.com\/index.php\/wp-json\/wp\/v2\/product_tag?post=1254"}],"curies":[{"name":"wp","href":"https:\/\/api.w.org\/{rel}","templated":true}]}}