{"id":1229,"date":"2023-12-06T12:31:55","date_gmt":"2023-12-06T17:31:55","guid":{"rendered":"https:\/\/tiendasamor.com\/?post_type=product&#038;p=1229"},"modified":"2024-05-14T19:37:26","modified_gmt":"2024-05-15T00:37:26","slug":"five-lube-x-60-ml","status":"publish","type":"product","link":"https:\/\/tiendasamor.com\/index.php\/producto\/five-lube-x-60-ml\/","title":{"rendered":"Five Lube x 60 ml"},"content":{"rendered":"<p>Five,\u00a0marca de preservativos y geles m\u00e1s vendidos, con diversos sabores, aromas y textura. M\u00e9todo de protecci\u00f3n anticonceptiva y prevenci\u00f3n de enfermedades de transmisi\u00f3n sexual. Descubre las sensaciones que five trae para ti.<\/p>\n<p><strong>Lubricante \u00cdntimo Five a Base de Agua<\/strong><\/p>\n<p>Lubricante \u00edntimo a base de agua, con agradable sabor y fresca fragancia. Descubre sensaciones \u00fanicas y enriquece tu vida er\u00f3tica con Five y deja que fluya.<\/p>\n<h3 class=\"\u201cheading-1\u201d\">Una vida sexual placentera<\/h3>\n<p>Goza de placer y satisfacci\u00f3n extrema con los productos Five<\/p>\n<ul>\n<li>Lubricante \u00edntimo<\/li>\n<li>No da\u00f1a el l\u00e1tex del preservativo<\/li>\n<li>Frasco de 60 ML<\/li>\n<\/ul>\n","protected":false},"excerpt":{"rendered":"<p>Five,\u00a0marca de preservativos y geles m\u00e1s vendidos, con diversos sabores, aromas y textura. M\u00e9todo de protecci\u00f3n anticonceptiva y prevenci\u00f3n de enfermedades de transmisi\u00f3n sexual. Descubre las sensaciones que five trae para ti. Lubricante \u00cdntimo Five a Base de Agua Lubricante \u00edntimo a base de agua, con agradable sabor y fresca fragancia. Descubre sensaciones \u00fanicas y [&hellip;]<\/p>\n","protected":false},"featured_media":1230,"comment_status":"open","ping_status":"closed","template":"","meta":[],"product_brand":[],"product_cat":[35,23],"product_tag":[],"class_list":{"0":"post-1229","1":"product","2":"type-product","3":"status-publish","4":"has-post-thumbnail","6":"product_cat-anales","7":"product_cat-lubricantes","9":"first","10":"instock","11":"featured","12":"shipping-taxable","13":"purchasable","14":"product-type-simple"},"_links":{"self":[{"href":"https:\/\/tiendasamor.com\/index.php\/wp-json\/wp\/v2\/product\/1229","targetHints":{"allow":["GET"]}}],"collection":[{"href":"https:\/\/tiendasamor.com\/index.php\/wp-json\/wp\/v2\/product"}],"about":[{"href":"https:\/\/tiendasamor.com\/index.php\/wp-json\/wp\/v2\/types\/product"}],"replies":[{"embeddable":true,"href":"https:\/\/tiendasamor.com\/index.php\/wp-json\/wp\/v2\/comments?post=1229"}],"wp:featuredmedia":[{"embeddable":true,"href":"https:\/\/tiendasamor.com\/index.php\/wp-json\/wp\/v2\/media\/1230"}],"wp:attachment":[{"href":"https:\/\/tiendasamor.com\/index.php\/wp-json\/wp\/v2\/media?parent=1229"}],"wp:term":[{"taxonomy":"product_brand","embeddable":true,"href":"https:\/\/tiendasamor.com\/index.php\/wp-json\/wp\/v2\/product_brand?post=1229"},{"taxonomy":"product_cat","embeddable":true,"href":"https:\/\/tiendasamor.com\/index.php\/wp-json\/wp\/v2\/product_cat?post=1229"},{"taxonomy":"product_tag","embeddable":true,"href":"https:\/\/tiendasamor.com\/index.php\/wp-json\/wp\/v2\/product_tag?post=1229"}],"curies":[{"name":"wp","href":"https:\/\/api.w.org\/{rel}","templated":true}]}}