{"id":1222,"date":"2023-12-05T19:39:28","date_gmt":"2023-12-06T00:39:28","guid":{"rendered":"https:\/\/tiendasamor.com\/?post_type=product&#038;p=1222"},"modified":"2024-05-14T19:37:35","modified_gmt":"2024-05-15T00:37:35","slug":"viamax-pure-power","status":"publish","type":"product","link":"https:\/\/tiendasamor.com\/index.php\/producto\/viamax-pure-power\/","title":{"rendered":"Viamax Pure Power\u2122"},"content":{"rendered":"<div>\n<div><strong>Viamax Pure Power\u2122\u00a0<\/strong>El producto m\u00e1s potente y efectivo para aumentar el rendimiento sexual y una buena erecci\u00f3n. su efecto se produce entre los 15 \u00f3 20 minutos, y suele durar m\u00e1s de 48 horas su efectividad. Es adecuado para todo aquel hombre que busque mejorar su vida sexual y aumentar la satisfacci\u00f3n de su pareja. Via Max Pure Power Ayuda a los m\u00fasculos del Miembro Viril a relajarse y dilatarse y favoreciendo de esta manera el flujo sangu\u00edneo. Aumentan la testosterona, la dopamina y las hormonas adrenales, aumentando el deseo sexual y su rendimiento.<br \/>\n<strong><br \/>\n<\/strong><\/div>\n<div><strong>Efectos de la Viamax Pure Power\u2122<\/strong><\/div>\n<p>Permite tener erecciones con mayor rapidez y facilidad. En segundo lugar, ayuda a retardar la eyaculaci\u00f3n tener mas erecciones fuertes y puedes repetir todos los actos sexuales que tu puedas por 48 horas. Producto totalmente natural no causa ningun\u00a0 problema secundario.<\/p>\n<\/div>\n<div><strong>\u00a1con el uso de\u00a0Viamax Pure Power\u2122\u00a0 mejora\u00a0<em>de modo significativo<\/em>\u00a0el desempe\u00f1o sexual de los hombres!<\/strong><\/div>\n<ul id=\"clinically\">\n<li>Erecciones M\u00c1S DURAS, de mayor duraci\u00f3n cuando lo desea<\/li>\n<li>Erecciones que se ven y sienten M\u00c1S GRANDES para usted y sus parejas<\/li>\n<li>Un AUMENTO notorio del deseo sexual<\/li>\n<li>Un mejor CONTROL de las erecciones<\/li>\n<li>Orgasmos m\u00e1s frecuentes y m\u00e1s INTENSOS<\/li>\n<\/ul>\n","protected":false},"excerpt":{"rendered":"<p>Viamax Pure Power\u2122\u00a0El producto m\u00e1s potente y efectivo para aumentar el rendimiento sexual y una buena erecci\u00f3n. su efecto se produce entre los 15 \u00f3 20 minutos, y suele durar m\u00e1s de 48 horas su efectividad. Es adecuado para todo aquel hombre que busque mejorar su vida sexual y aumentar la satisfacci\u00f3n de su pareja. [&hellip;]<\/p>\n","protected":false},"featured_media":1223,"comment_status":"open","ping_status":"closed","template":"","meta":[],"product_brand":[],"product_cat":[21],"product_tag":[],"class_list":{"0":"post-1222","1":"product","2":"type-product","3":"status-publish","4":"has-post-thumbnail","6":"product_cat-potencia-sexual","8":"first","9":"instock","10":"featured","11":"shipping-taxable","12":"purchasable","13":"product-type-simple"},"_links":{"self":[{"href":"https:\/\/tiendasamor.com\/index.php\/wp-json\/wp\/v2\/product\/1222","targetHints":{"allow":["GET"]}}],"collection":[{"href":"https:\/\/tiendasamor.com\/index.php\/wp-json\/wp\/v2\/product"}],"about":[{"href":"https:\/\/tiendasamor.com\/index.php\/wp-json\/wp\/v2\/types\/product"}],"replies":[{"embeddable":true,"href":"https:\/\/tiendasamor.com\/index.php\/wp-json\/wp\/v2\/comments?post=1222"}],"wp:featuredmedia":[{"embeddable":true,"href":"https:\/\/tiendasamor.com\/index.php\/wp-json\/wp\/v2\/media\/1223"}],"wp:attachment":[{"href":"https:\/\/tiendasamor.com\/index.php\/wp-json\/wp\/v2\/media?parent=1222"}],"wp:term":[{"taxonomy":"product_brand","embeddable":true,"href":"https:\/\/tiendasamor.com\/index.php\/wp-json\/wp\/v2\/product_brand?post=1222"},{"taxonomy":"product_cat","embeddable":true,"href":"https:\/\/tiendasamor.com\/index.php\/wp-json\/wp\/v2\/product_cat?post=1222"},{"taxonomy":"product_tag","embeddable":true,"href":"https:\/\/tiendasamor.com\/index.php\/wp-json\/wp\/v2\/product_tag?post=1222"}],"curies":[{"name":"wp","href":"https:\/\/api.w.org\/{rel}","templated":true}]}}