{"id":1217,"date":"2023-12-05T19:32:25","date_gmt":"2023-12-06T00:32:25","guid":{"rendered":"https:\/\/tiendasamor.com\/?post_type=product&#038;p=1217"},"modified":"2024-05-14T19:37:40","modified_gmt":"2024-05-15T00:37:40","slug":"minilove-for-men-retardante","status":"publish","type":"product","link":"https:\/\/tiendasamor.com\/index.php\/producto\/minilove-for-men-retardante\/","title":{"rendered":"Minilove For Men Retardante"},"content":{"rendered":"<p>La introducci\u00f3n del spray retardante Minilove te permite durar m\u00e1s de un par de minutos; de hecho, te ayuda a durar hasta 60 minutos y te permite experimentar una experiencia sexual plena y placentera.<br \/>\nLa eyaculaci\u00f3n precoz es algo con lo que luchan muchos hombres.\u00a0Recupera la confianza en tu vida sexual y toma el control de tu desempe\u00f1o en la cama.<br \/>\nEl spray retardante Minilove te permite durar m\u00e1s de un par de minutos, al mismo tiempo que te permite experimentar una experiencia sexual completa.<\/p>\n<p>El spray desensibiliza el pene.\u00a0Roc\u00ede dos veces sobre la cabeza del pene y espere 5 minutos y luego estar\u00e1 listo para la acci\u00f3n.\u00a0Alternativamente, puedes rociarlo en la palma de tu mano y masajear el pene.\u00a0Este spray no tiene olor ni sabor.<\/p>\n<p>Se recomienda utilizar una vez para la primera sesi\u00f3n.\u00a0Aplicar m\u00e1s una vez que conozca el producto.\u00a0No exceder las tres dosis por sesi\u00f3n.<br \/>\nPara obtener mejores resultados, intente calentar el pene con una toalla caliente, etc.<\/p>\n<p>\u00bfQu\u00e9 hay en la caja?<br \/>\n1 botella de 10 ml de spray retardante.<\/p>\n","protected":false},"excerpt":{"rendered":"<p>La introducci\u00f3n del spray retardante Minilove te permite durar m\u00e1s de un par de minutos; de hecho, te ayuda a durar hasta 60 minutos y te permite experimentar una experiencia sexual plena y placentera. La eyaculaci\u00f3n precoz es algo con lo que luchan muchos hombres.\u00a0Recupera la confianza en tu vida sexual y toma el control [&hellip;]<\/p>\n","protected":false},"featured_media":1221,"comment_status":"open","ping_status":"closed","template":"","meta":[],"product_brand":[],"product_cat":[21,48],"product_tag":[],"class_list":{"0":"post-1217","1":"product","2":"type-product","3":"status-publish","4":"has-post-thumbnail","6":"product_cat-potencia-sexual","7":"product_cat-retardantes","9":"first","10":"instock","11":"featured","12":"shipping-taxable","13":"purchasable","14":"product-type-simple"},"_links":{"self":[{"href":"https:\/\/tiendasamor.com\/index.php\/wp-json\/wp\/v2\/product\/1217","targetHints":{"allow":["GET"]}}],"collection":[{"href":"https:\/\/tiendasamor.com\/index.php\/wp-json\/wp\/v2\/product"}],"about":[{"href":"https:\/\/tiendasamor.com\/index.php\/wp-json\/wp\/v2\/types\/product"}],"replies":[{"embeddable":true,"href":"https:\/\/tiendasamor.com\/index.php\/wp-json\/wp\/v2\/comments?post=1217"}],"wp:featuredmedia":[{"embeddable":true,"href":"https:\/\/tiendasamor.com\/index.php\/wp-json\/wp\/v2\/media\/1221"}],"wp:attachment":[{"href":"https:\/\/tiendasamor.com\/index.php\/wp-json\/wp\/v2\/media?parent=1217"}],"wp:term":[{"taxonomy":"product_brand","embeddable":true,"href":"https:\/\/tiendasamor.com\/index.php\/wp-json\/wp\/v2\/product_brand?post=1217"},{"taxonomy":"product_cat","embeddable":true,"href":"https:\/\/tiendasamor.com\/index.php\/wp-json\/wp\/v2\/product_cat?post=1217"},{"taxonomy":"product_tag","embeddable":true,"href":"https:\/\/tiendasamor.com\/index.php\/wp-json\/wp\/v2\/product_tag?post=1217"}],"curies":[{"name":"wp","href":"https:\/\/api.w.org\/{rel}","templated":true}]}}