{"id":1213,"date":"2023-12-05T19:22:34","date_gmt":"2023-12-06T00:22:34","guid":{"rendered":"https:\/\/tiendasamor.com\/?post_type=product&#038;p=1213"},"modified":"2024-05-14T19:37:44","modified_gmt":"2024-05-15T00:37:44","slug":"peineili-original-retardante","status":"publish","type":"product","link":"https:\/\/tiendasamor.com\/index.php\/producto\/peineili-original-retardante\/","title":{"rendered":"Peineili Original Retardante"},"content":{"rendered":"<p>El aerosol Peineili es un spray que tiene el efecto de retardar la eyaculaci\u00f3n en el hombre. Su efecto desensibilizante prolonga la duraci\u00f3n de las relaciones sexuales retardando el orgasmo en el hombre y por consecuencia dando m\u00e1s placer a tu pareja, dando lugar a una mayor nivel de satisfacci\u00f3n general durante el coito.<\/p>\n<p>El spray es una preparaci\u00f3n de uso externo, no tiene olor ni sabor.<\/p>\n<p>FORMATO 15ml<\/p>\n<p><strong>COMPONENTES:<\/strong><\/p>\n<p>Syzygium aromaticum, Cnidium monnieri, cinnamomum zeylanicum, agua, spongilla fragilis leidy, frutas y extractos de plantas.<\/p>\n<p><strong>FUNCI\u00d3N:<\/strong><\/p>\n<p>El spray desensibiliza el pene cuando se aplica al glande y comienza a surtir efecto dentro de los 5 minutos de haber sido rociado. Puedes tambi\u00e9n aplicarlo en tus manos y masajear el miembro. Si sientes una sensaci\u00f3n de hormigueo despu\u00e9s de aplicar el spray, es normal, y disminuye en un minuto.<\/p>\n<p><strong>INSTRUCCIONES DE USO:<\/strong><\/p>\n<p>Utilice el producto de 5 a 20 minutos antes del acto sexual.<\/p>\n<p>* Aplicar sobre el glande y surco coronario.<\/p>\n<p>* Aplicar Uniformemente.<\/p>\n<p>* Rociar de 2 a 3 veces sin exceso, medio segundo por atomizaci\u00f3n es suficiente.<\/p>\n<p>* No se recomienda rociar m\u00e1s de 3 veces.<\/p>\n<p>* En caso de rociar de m\u00e1s todo volver\u00e1 a la normalidad despu\u00e9s de unos 60 minutos.<\/p>\n","protected":false},"excerpt":{"rendered":"<p>El aerosol Peineili es un spray que tiene el efecto de retardar la eyaculaci\u00f3n en el hombre. Su efecto desensibilizante prolonga la duraci\u00f3n de las relaciones sexuales retardando el orgasmo en el hombre y por consecuencia dando m\u00e1s placer a tu pareja, dando lugar a una mayor nivel de satisfacci\u00f3n general durante el coito. El [&hellip;]<\/p>\n","protected":false},"featured_media":1214,"comment_status":"open","ping_status":"closed","template":"","meta":[],"product_brand":[],"product_cat":[21,48],"product_tag":[],"class_list":{"0":"post-1213","1":"product","2":"type-product","3":"status-publish","4":"has-post-thumbnail","6":"product_cat-potencia-sexual","7":"product_cat-retardantes","9":"first","10":"instock","11":"featured","12":"shipping-taxable","13":"purchasable","14":"product-type-simple"},"_links":{"self":[{"href":"https:\/\/tiendasamor.com\/index.php\/wp-json\/wp\/v2\/product\/1213","targetHints":{"allow":["GET"]}}],"collection":[{"href":"https:\/\/tiendasamor.com\/index.php\/wp-json\/wp\/v2\/product"}],"about":[{"href":"https:\/\/tiendasamor.com\/index.php\/wp-json\/wp\/v2\/types\/product"}],"replies":[{"embeddable":true,"href":"https:\/\/tiendasamor.com\/index.php\/wp-json\/wp\/v2\/comments?post=1213"}],"wp:featuredmedia":[{"embeddable":true,"href":"https:\/\/tiendasamor.com\/index.php\/wp-json\/wp\/v2\/media\/1214"}],"wp:attachment":[{"href":"https:\/\/tiendasamor.com\/index.php\/wp-json\/wp\/v2\/media?parent=1213"}],"wp:term":[{"taxonomy":"product_brand","embeddable":true,"href":"https:\/\/tiendasamor.com\/index.php\/wp-json\/wp\/v2\/product_brand?post=1213"},{"taxonomy":"product_cat","embeddable":true,"href":"https:\/\/tiendasamor.com\/index.php\/wp-json\/wp\/v2\/product_cat?post=1213"},{"taxonomy":"product_tag","embeddable":true,"href":"https:\/\/tiendasamor.com\/index.php\/wp-json\/wp\/v2\/product_tag?post=1213"}],"curies":[{"name":"wp","href":"https:\/\/api.w.org\/{rel}","templated":true}]}}