{"id":1208,"date":"2023-12-05T19:07:54","date_gmt":"2023-12-06T00:07:54","guid":{"rendered":"https:\/\/tiendasamor.com\/?post_type=product&#038;p=1208"},"modified":"2024-05-14T19:37:48","modified_gmt":"2024-05-15T00:37:48","slug":"stud-100-original-retardante","status":"publish","type":"product","link":"https:\/\/tiendasamor.com\/index.php\/producto\/stud-100-original-retardante\/","title":{"rendered":"Stud 100 Original Retardante"},"content":{"rendered":"<h5><strong>RETARDANTE SPRAY STUD 100 TAPA NEGRA.<\/strong><\/h5>\n<p>La composici\u00f3n de STUD 100 es de ingredientes 100% naturales y el ingrediente activo es lidoca\u00edna. Es un producto efectivo, ya que ha sido sometido a varios estudios e investigaciones cl\u00ednicas, dando resultados muy positivos aprobados por la FDA.<\/p>\n<ul>\n<li>Resultados positivos aprobados por la FDA<\/li>\n<li>Ayuda a solucionar los problemas de eyaculaci\u00f3n precoz<\/li>\n<li>Erecciones m\u00e1s duraderas y retrasa el orgasmo<\/li>\n<li>Ayuda a disfrutar durante m\u00e1s tiempo de las relaciones intimas<\/li>\n<li>Hace efecto despu\u00e9s de 5- 15 minutos despu\u00e9s de la aplicaci\u00f3n<\/li>\n<li>Compatible con el uso de condones<\/li>\n<li>Producto natural sin efectos secundarios<\/li>\n<li>El spray Stud 100 es discreto y c\u00f3modo de llevar.<\/li>\n<\/ul>\n","protected":false},"excerpt":{"rendered":"<p>RETARDANTE SPRAY STUD 100 TAPA NEGRA. La composici\u00f3n de STUD 100 es de ingredientes 100% naturales y el ingrediente activo es lidoca\u00edna. Es un producto efectivo, ya que ha sido sometido a varios estudios e investigaciones cl\u00ednicas, dando resultados muy positivos aprobados por la FDA. Resultados positivos aprobados por la FDA Ayuda a solucionar los [&hellip;]<\/p>\n","protected":false},"featured_media":1209,"comment_status":"open","ping_status":"closed","template":"","meta":[],"product_brand":[],"product_cat":[48],"product_tag":[],"class_list":{"0":"post-1208","1":"product","2":"type-product","3":"status-publish","4":"has-post-thumbnail","6":"product_cat-retardantes","8":"first","9":"instock","10":"featured","11":"shipping-taxable","12":"purchasable","13":"product-type-simple"},"_links":{"self":[{"href":"https:\/\/tiendasamor.com\/index.php\/wp-json\/wp\/v2\/product\/1208","targetHints":{"allow":["GET"]}}],"collection":[{"href":"https:\/\/tiendasamor.com\/index.php\/wp-json\/wp\/v2\/product"}],"about":[{"href":"https:\/\/tiendasamor.com\/index.php\/wp-json\/wp\/v2\/types\/product"}],"replies":[{"embeddable":true,"href":"https:\/\/tiendasamor.com\/index.php\/wp-json\/wp\/v2\/comments?post=1208"}],"wp:featuredmedia":[{"embeddable":true,"href":"https:\/\/tiendasamor.com\/index.php\/wp-json\/wp\/v2\/media\/1209"}],"wp:attachment":[{"href":"https:\/\/tiendasamor.com\/index.php\/wp-json\/wp\/v2\/media?parent=1208"}],"wp:term":[{"taxonomy":"product_brand","embeddable":true,"href":"https:\/\/tiendasamor.com\/index.php\/wp-json\/wp\/v2\/product_brand?post=1208"},{"taxonomy":"product_cat","embeddable":true,"href":"https:\/\/tiendasamor.com\/index.php\/wp-json\/wp\/v2\/product_cat?post=1208"},{"taxonomy":"product_tag","embeddable":true,"href":"https:\/\/tiendasamor.com\/index.php\/wp-json\/wp\/v2\/product_tag?post=1208"}],"curies":[{"name":"wp","href":"https:\/\/api.w.org\/{rel}","templated":true}]}}