{"id":1180,"date":"2023-12-05T17:25:56","date_gmt":"2023-12-05T22:25:56","guid":{"rendered":"https:\/\/tiendasamor.com\/?post_type=product&#038;p=1180"},"modified":"2024-05-20T18:46:59","modified_gmt":"2024-05-20T23:46:59","slug":"8-8-the-ultra-soft-dude","status":"publish","type":"product","link":"https:\/\/tiendasamor.com\/index.php\/producto\/8-8-the-ultra-soft-dude\/","title":{"rendered":"8.8 The Ultra Soft Dude"},"content":{"rendered":"<div>\n<p>Dildo Love Toy<\/p>\n<p>Es un suave consolador con una rigidez muy real, Dildo Love Toy de 8.8 pulgadas de largo, venoso y grueso Tiene unas venas marcadas para dar mas placer y realismo.<\/p>\n<p>Si la funci\u00f3n de un dildo es simular la penetraci\u00f3n, los de este tipo buscan brindar el m\u00e1ximo realismo durante el juego y para ello van m\u00e1s all\u00e1 de las formas f\u00e1licas para emular por completo la anatom\u00eda del pene. Desde su textura de venas, diversidad de tama\u00f1os, colores que imitan distintos tonos de piel, el detallado dise\u00f1o del glande y la utilizaci\u00f3n de materiales que buscan imitar las sensaciones que podr\u00eda despertar la piel de \u00f3rgano masculino. Existen incluso modelos con base de test\u00edculos.<\/p>\n<p>Por otra parte no debemos olvidar que para que la relacion sea placentera es conveniente usar lubricante. Si queremos jugar con nuestro propio cuerpo, se puede usar uno de cualquier tipo. Pero si pensamos hacerlo con nuestra pareja, el lubricante de agua es el \u00fanico que no puede provocar que el cond\u00f3n se rompa.<\/p>\n<p>Otro punto importante es la limpieza que le das a tus juguetes es necesario:<\/p>\n<ul>\n<li class=\"subbuzz__title xs-mb1 bold\"><span class=\"js-subbuzz__title-text\">Lavar tus juguetes despu\u00e9s de usarlos<\/span><\/li>\n<li class=\"subbuzz__title xs-mb1 bold\"><span class=\"js-subbuzz__title-text\">Tambi\u00e9n puedes lavarlos antes de usarlos.<\/span><\/li>\n<li class=\"subbuzz__title xs-mb1 bold\"><span class=\"js-subbuzz__title-text\">Elige el jab\u00f3n adecuado<\/span><\/li>\n<li class=\"subbuzz__title xs-mb1 bold\"><span class=\"js-subbuzz__title-text\">No sumerjas juguetes con pilas en el agua para lavarlos<\/span><\/li>\n<li class=\"subbuzz__title xs-mb1 bold\"><span class=\"js-subbuzz__title-text\">Saca las pilas del vibrador cuando no lo est\u00e9s usando<\/span><\/li>\n<\/ul>\n<\/div>\n<div><\/div>\n","protected":false},"excerpt":{"rendered":"<p>Dildo Love Toy Es un suave consolador con una rigidez muy real, Dildo Love Toy de 8.8 pulgadas de largo, venoso y grueso Tiene unas venas marcadas para dar mas placer y realismo. Si la funci\u00f3n de un dildo es simular la penetraci\u00f3n, los de este tipo buscan brindar el m\u00e1ximo realismo durante el juego [&hellip;]<\/p>\n","protected":false},"featured_media":2836,"comment_status":"open","ping_status":"closed","template":"","meta":[],"product_brand":[],"product_cat":[29],"product_tag":[],"class_list":{"0":"post-1180","1":"product","2":"type-product","3":"status-publish","4":"has-post-thumbnail","6":"product_cat-consoladores-y-dildos","8":"first","9":"instock","10":"shipping-taxable","11":"purchasable","12":"product-type-simple"},"_links":{"self":[{"href":"https:\/\/tiendasamor.com\/index.php\/wp-json\/wp\/v2\/product\/1180","targetHints":{"allow":["GET"]}}],"collection":[{"href":"https:\/\/tiendasamor.com\/index.php\/wp-json\/wp\/v2\/product"}],"about":[{"href":"https:\/\/tiendasamor.com\/index.php\/wp-json\/wp\/v2\/types\/product"}],"replies":[{"embeddable":true,"href":"https:\/\/tiendasamor.com\/index.php\/wp-json\/wp\/v2\/comments?post=1180"}],"wp:featuredmedia":[{"embeddable":true,"href":"https:\/\/tiendasamor.com\/index.php\/wp-json\/wp\/v2\/media\/2836"}],"wp:attachment":[{"href":"https:\/\/tiendasamor.com\/index.php\/wp-json\/wp\/v2\/media?parent=1180"}],"wp:term":[{"taxonomy":"product_brand","embeddable":true,"href":"https:\/\/tiendasamor.com\/index.php\/wp-json\/wp\/v2\/product_brand?post=1180"},{"taxonomy":"product_cat","embeddable":true,"href":"https:\/\/tiendasamor.com\/index.php\/wp-json\/wp\/v2\/product_cat?post=1180"},{"taxonomy":"product_tag","embeddable":true,"href":"https:\/\/tiendasamor.com\/index.php\/wp-json\/wp\/v2\/product_tag?post=1180"}],"curies":[{"name":"wp","href":"https:\/\/api.w.org\/{rel}","templated":true}]}}