{"id":1175,"date":"2023-12-05T17:13:32","date_gmt":"2023-12-05T22:13:32","guid":{"rendered":"https:\/\/tiendasamor.com\/?post_type=product&#038;p=1175"},"modified":"2023-12-05T17:16:27","modified_gmt":"2023-12-05T22:16:27","slug":"satisfyer-pro-2-generacion-3-app","status":"publish","type":"product","link":"https:\/\/tiendasamor.com\/index.php\/producto\/satisfyer-pro-2-generacion-3-app\/","title":{"rendered":"Satisfyer Pro 2 Generaci\u00f3n 3 App"},"content":{"rendered":"<h2>\u00bfCu\u00e1les son otros beneficios del Satisfyer Pro 2 Generation 3 con App?<\/h2>\n<p>El Satisfyer Pro 2 Generation 3 tiene un elegante dise\u00f1o mate. A diferencia de su predecesor, este innovador vibrador Satisfyer Air Pulse est\u00e1 fabricado en silicona 100 % sin junturas, respetuosa con la piel y con tacto Soft Touch Feel que es supersuave sobre la piel y especialmente higi\u00e9nico. Su acabado resistente al agua (IPX7) permite que te lo lleves a la ducha o la ba\u00f1era y tambi\u00e9n facilita su limpieza con agua tibia y jab\u00f3n suave. Despu\u00e9s de alcanzar cl\u00edmax alucinantes, puedes recargar f\u00e1cilmente las bater\u00edas integradas del vibrador con el cable de carga USB incluido.<\/p>\n<p>El Satisfyer Pro 2 Generation 3 trabaja con la tecnolog\u00eda Liquid Air, la \u00faltima generaci\u00f3n de este cl\u00e1sico Satisfyer imita la oleada sensual del agua pulsante y a la vez acaricia tu cl\u00edtoris por medio de suaves e intensas ondas de presi\u00f3n y vibraciones.<\/p>\n<ul>\n<li>11 intensidades de onda de presi\u00f3n y 12 programas de vibraci\u00f3n.<\/li>\n<li>Compatible con la aplicaci\u00f3n gratuita Satisfyer: disponible en iOS y Android.<\/li>\n<li>Puedes crear tus propios patrones mediante la app de Satisfyer.<\/li>\n<li>Lo puedes sincronizar con Spotify y vibrar\u00e1 al ritmo de tu canci\u00f3n favorita.<\/li>\n<li>C\u00e9dele el control de las vibraciones a tu pareja y divi\u00e9rtanse a distancia.<\/li>\n<li>Estimula el cl\u00edtoris sin contacto directo.<\/li>\n<li>Cabezal de silicona de grado super suave y segura para el cuerpo.<\/li>\n<li>Resistente al agua (IPX7), puedes utilizarlo en la ducha.<\/li>\n<li>Recargable mediante cable de carga magn\u00e9tica por USB inclu\u00eddo.<\/li>\n<\/ul>\n","protected":false},"excerpt":{"rendered":"<p>\u00bfCu\u00e1les son otros beneficios del Satisfyer Pro 2 Generation 3 con App? El Satisfyer Pro 2 Generation 3 tiene un elegante dise\u00f1o mate. A diferencia de su predecesor, este innovador vibrador Satisfyer Air Pulse est\u00e1 fabricado en silicona 100 % sin junturas, respetuosa con la piel y con tacto Soft Touch Feel que es supersuave [&hellip;]<\/p>\n","protected":false},"featured_media":1176,"comment_status":"open","ping_status":"closed","template":"","meta":[],"product_brand":[],"product_cat":[44,27],"product_tag":[],"class_list":{"0":"post-1175","1":"product","2":"type-product","3":"status-publish","4":"has-post-thumbnail","6":"product_cat-clitorales","7":"product_cat-vibradores","9":"first","10":"instock","11":"shipping-taxable","12":"purchasable","13":"product-type-simple"},"_links":{"self":[{"href":"https:\/\/tiendasamor.com\/index.php\/wp-json\/wp\/v2\/product\/1175","targetHints":{"allow":["GET"]}}],"collection":[{"href":"https:\/\/tiendasamor.com\/index.php\/wp-json\/wp\/v2\/product"}],"about":[{"href":"https:\/\/tiendasamor.com\/index.php\/wp-json\/wp\/v2\/types\/product"}],"replies":[{"embeddable":true,"href":"https:\/\/tiendasamor.com\/index.php\/wp-json\/wp\/v2\/comments?post=1175"}],"wp:featuredmedia":[{"embeddable":true,"href":"https:\/\/tiendasamor.com\/index.php\/wp-json\/wp\/v2\/media\/1176"}],"wp:attachment":[{"href":"https:\/\/tiendasamor.com\/index.php\/wp-json\/wp\/v2\/media?parent=1175"}],"wp:term":[{"taxonomy":"product_brand","embeddable":true,"href":"https:\/\/tiendasamor.com\/index.php\/wp-json\/wp\/v2\/product_brand?post=1175"},{"taxonomy":"product_cat","embeddable":true,"href":"https:\/\/tiendasamor.com\/index.php\/wp-json\/wp\/v2\/product_cat?post=1175"},{"taxonomy":"product_tag","embeddable":true,"href":"https:\/\/tiendasamor.com\/index.php\/wp-json\/wp\/v2\/product_tag?post=1175"}],"curies":[{"name":"wp","href":"https:\/\/api.w.org\/{rel}","templated":true}]}}