{"id":1172,"date":"2023-12-05T16:51:16","date_gmt":"2023-12-05T21:51:16","guid":{"rendered":"https:\/\/tiendasamor.com\/?post_type=product&#038;p=1172"},"modified":"2023-12-05T16:51:42","modified_gmt":"2023-12-05T21:51:42","slug":"funda-performance-plus-cock-cheath","status":"publish","type":"product","link":"https:\/\/tiendasamor.com\/index.php\/producto\/funda-performance-plus-cock-cheath\/","title":{"rendered":"Funda Performance Plus Cock Cheath"},"content":{"rendered":"<p>El extensor de pene Performance Plus de 9 pulgadas con sujetador de test\u00edculos ofrece una sensaci\u00f3n suave y realista mientras maximiza su potencial. \u00a1Gana m\u00e1s circunferencia y media pulgada m\u00e1s de longitud! Las nervaduras internas crean una succi\u00f3n que mantiene la funda de forma segura en su lugar. Tambi\u00e9n amplifica la sensaci\u00f3n para el usuario. Simplemente inserte su pene en la funda Performance Plus de 9 pulgadas y luego deslice sus test\u00edculos a trav\u00e9s de la correa. \u00a1Entonces explore nuevas dimensiones con su pareja! Hecha de silicona curada con platino, la funda para pene de 9 pulgadas Performance Plus es duradera, segura para el cuerpo y f\u00e1cil de mantener limpia.<\/p>\n<ul>\n<li>Material suave y realista<\/li>\n<li>Nervaduras internas crean succi\u00f3n y m\u00e1s sensaci\u00f3n para el usuario<\/li>\n<li>Sujetador de test\u00edculos para mayor comodidad<\/li>\n<li>No contiene fragancias, ftalatos, parafinas ni l\u00e1tex<\/li>\n<li>Medidas Externas: Largo total: 22.8 cm, largo insertable: 15.50 cm, Ancho 5 cm<\/li>\n<li>Medidas Internas: Largo interno: 14.50 cm, Ancho interno: 4 cm<\/li>\n<\/ul>\n","protected":false},"excerpt":{"rendered":"<p>El extensor de pene Performance Plus de 9 pulgadas con sujetador de test\u00edculos ofrece una sensaci\u00f3n suave y realista mientras maximiza su potencial. \u00a1Gana m\u00e1s circunferencia y media pulgada m\u00e1s de longitud! Las nervaduras internas crean una succi\u00f3n que mantiene la funda de forma segura en su lugar. Tambi\u00e9n amplifica la sensaci\u00f3n para el usuario. [&hellip;]<\/p>\n","protected":false},"featured_media":1173,"comment_status":"open","ping_status":"closed","template":"","meta":[],"product_brand":[],"product_cat":[45,46],"product_tag":[],"class_list":{"0":"post-1172","1":"product","2":"type-product","3":"status-publish","4":"has-post-thumbnail","6":"product_cat-fundas-extensoras","7":"product_cat-protesis","9":"first","10":"instock","11":"shipping-taxable","12":"purchasable","13":"product-type-simple"},"_links":{"self":[{"href":"https:\/\/tiendasamor.com\/index.php\/wp-json\/wp\/v2\/product\/1172","targetHints":{"allow":["GET"]}}],"collection":[{"href":"https:\/\/tiendasamor.com\/index.php\/wp-json\/wp\/v2\/product"}],"about":[{"href":"https:\/\/tiendasamor.com\/index.php\/wp-json\/wp\/v2\/types\/product"}],"replies":[{"embeddable":true,"href":"https:\/\/tiendasamor.com\/index.php\/wp-json\/wp\/v2\/comments?post=1172"}],"wp:featuredmedia":[{"embeddable":true,"href":"https:\/\/tiendasamor.com\/index.php\/wp-json\/wp\/v2\/media\/1173"}],"wp:attachment":[{"href":"https:\/\/tiendasamor.com\/index.php\/wp-json\/wp\/v2\/media?parent=1172"}],"wp:term":[{"taxonomy":"product_brand","embeddable":true,"href":"https:\/\/tiendasamor.com\/index.php\/wp-json\/wp\/v2\/product_brand?post=1172"},{"taxonomy":"product_cat","embeddable":true,"href":"https:\/\/tiendasamor.com\/index.php\/wp-json\/wp\/v2\/product_cat?post=1172"},{"taxonomy":"product_tag","embeddable":true,"href":"https:\/\/tiendasamor.com\/index.php\/wp-json\/wp\/v2\/product_tag?post=1172"}],"curies":[{"name":"wp","href":"https:\/\/api.w.org\/{rel}","templated":true}]}}