{"id":1156,"date":"2023-12-01T22:33:40","date_gmt":"2023-12-02T03:33:40","guid":{"rendered":"https:\/\/tiendasamor.com\/?post_type=product&#038;p=1156"},"modified":"2023-12-01T22:37:49","modified_gmt":"2023-12-02T03:37:49","slug":"didi-turbo-thruster-punto-g","status":"publish","type":"product","link":"https:\/\/tiendasamor.com\/index.php\/producto\/didi-turbo-thruster-punto-g\/","title":{"rendered":"DIDI Turbo Thruster Punto G"},"content":{"rendered":"<p><strong>VIBRADOR RABBITS PUNTO G DIDI TURBO THRUSTER.<\/strong>\u2026.este vibrador de conejo \u00fanico de alta calidad cuenta con 2 motores que te acariciar\u00e1 el punto G como nunca antes. Adem\u00e1s cuenta con 10 funciones de vibraci\u00f3n, podr\u00e1s viajar entre sus 7 modos de pulsaci\u00f3n, para que encuentres tu combinaci\u00f3n favorita. Sus materiales son de la m\u00e1s alta calidad, sedosos pero firmes, todo lo que puedes pedir en un vibrador. Ll\u00e9vatelo donde y cuando quieras.<\/p>\n<ul>\n<li>10 funciones de vibraci\u00f3n<\/li>\n<li>7 modos de pulsaci\u00f3n<\/li>\n<li>Impermeable<\/li>\n<li>Recargable por USB<\/li>\n<li>Estimula el punto G<\/li>\n<li>Doble motor<\/li>\n<li>Medidas: 24 cm x 6 cm<\/li>\n<li>Fabricado por Chisa<\/li>\n<li>Pa\u00eds de origen estados unidos.<\/li>\n<\/ul>\n","protected":false},"excerpt":{"rendered":"<p>VIBRADOR RABBITS PUNTO G DIDI TURBO THRUSTER.\u2026.este vibrador de conejo \u00fanico de alta calidad cuenta con 2 motores que te acariciar\u00e1 el punto G como nunca antes. Adem\u00e1s cuenta con 10 funciones de vibraci\u00f3n, podr\u00e1s viajar entre sus 7 modos de pulsaci\u00f3n, para que encuentres tu combinaci\u00f3n favorita. Sus materiales son de la m\u00e1s alta [&hellip;]<\/p>\n","protected":false},"featured_media":1159,"comment_status":"open","ping_status":"closed","template":"","meta":[],"product_brand":[],"product_cat":[44,43,27],"product_tag":[],"class_list":{"0":"post-1156","1":"product","2":"type-product","3":"status-publish","4":"has-post-thumbnail","6":"product_cat-clitorales","7":"product_cat-rabbit","8":"product_cat-vibradores","10":"first","11":"instock","12":"shipping-taxable","13":"purchasable","14":"product-type-simple"},"_links":{"self":[{"href":"https:\/\/tiendasamor.com\/index.php\/wp-json\/wp\/v2\/product\/1156","targetHints":{"allow":["GET"]}}],"collection":[{"href":"https:\/\/tiendasamor.com\/index.php\/wp-json\/wp\/v2\/product"}],"about":[{"href":"https:\/\/tiendasamor.com\/index.php\/wp-json\/wp\/v2\/types\/product"}],"replies":[{"embeddable":true,"href":"https:\/\/tiendasamor.com\/index.php\/wp-json\/wp\/v2\/comments?post=1156"}],"wp:featuredmedia":[{"embeddable":true,"href":"https:\/\/tiendasamor.com\/index.php\/wp-json\/wp\/v2\/media\/1159"}],"wp:attachment":[{"href":"https:\/\/tiendasamor.com\/index.php\/wp-json\/wp\/v2\/media?parent=1156"}],"wp:term":[{"taxonomy":"product_brand","embeddable":true,"href":"https:\/\/tiendasamor.com\/index.php\/wp-json\/wp\/v2\/product_brand?post=1156"},{"taxonomy":"product_cat","embeddable":true,"href":"https:\/\/tiendasamor.com\/index.php\/wp-json\/wp\/v2\/product_cat?post=1156"},{"taxonomy":"product_tag","embeddable":true,"href":"https:\/\/tiendasamor.com\/index.php\/wp-json\/wp\/v2\/product_tag?post=1156"}],"curies":[{"name":"wp","href":"https:\/\/api.w.org\/{rel}","templated":true}]}}